{"id":34409,"date":"2016-02-11T11:31:54","date_gmt":"2016-02-11T11:31:54","guid":{"rendered":"https:\/\/shop.metal-badge.ch\/?product=detecteur-manuel-de-metaux-jkdm-5800"},"modified":"2016-02-11T14:10:39","modified_gmt":"2016-02-11T14:10:39","slug":"detecteur-manuel-de-metaux-jkdm-5800","status":"publish","type":"product","link":"https:\/\/metal-badge.ch\/fr\/product\/34409\/detecteur-manuel-de-metaux-jkdm-5800\/","title":{"rendered":"D\u00e9tecteur manuel de m\u00e9taux JKDM-5800"},"content":{"rendered":"<p>Un d\u00e9tecteur manuel et r\u00e9volutionnaire de m\u00e9taux avec un champ de t\u00e2tonnage exclusif et p\u00e9riph\u00e9rique \u00e0 360\u00b0. Ainsi, cette sonde manuelle offre une sensibilit\u00e9 constante de la zone de t\u00e2tonnage et une localisation exacte dans la pointe de l&rsquo;appareil pour toutes les armes et autres objectifs m\u00e9talliques \u00e0 d\u00e9tecter. D\u00e9tecte les plus petits objets m\u00e9talliques, poss\u00e8de une comparaison automatique et un contr\u00f4le de la batterie. Aucun autre param\u00e9trage n&rsquo;est n\u00e9cessaire. Lorsqu&rsquo;un objet est d\u00e9tect\u00e9, l&rsquo;appareil g\u00e9n\u00e8re une alarme acoustique et optique.<\/p>\n<p><strong>Domaine d&rsquo;utilisation: <\/strong><\/p>\n<p>\u00c9coles, installations militaires, \u00e9v\u00e9nements, a\u00e9roports, stades, centrales \u00e9lectriques etc.<\/p>\n<p><strong>Description du produit:<\/strong><\/p>\n<p>Param\u00e9trage automatique de la sensibilit\u00e9 optimale<br \/>\nAucun param\u00e9trage manuel de l&rsquo;op\u00e9rateur n\u00e9cessaire<br \/>\nL\u00e9ger et tr\u00e8s confortable dans la main<br \/>\nBatterie bloc 1x \/ 9V<br \/>\nD\u00e9tection pr\u00e9cise de tous les objets m\u00e9talliques<br \/>\n360\u00b0 D\u00e9tection p\u00e9riph\u00e9rique<br \/>\nPinpoint &#8211; Localisation exacte avec la pointe de l&rsquo;appareil de la t\u00eate au pied<br \/>\nImm\u00e9diatement fonctionnel par simple pression d&rsquo;un bouton<br \/>\nSignal acoustique ou silencieux et avec signal \u00e0 LED<br \/>\nConstruction en fonte par injection et prot\u00e8ge la bobine de recherche<br \/>\nForme ergonomique qui facilite et rend la manipulation moins fatigante<br \/>\nTemp\u00e9rature de service -37\u00b0 \u00e0 70\u00b0 C<br \/>\nLongueur: 48 cm<br \/>\nLargeur: en haut 0 cm<br \/>\nLargeur: bas\u00a0 2,8 cm<br \/>\nPoids: 380 g<\/p>\n","protected":false},"excerpt":{"rendered":"<p>Un d\u00e9tecteur manuel et r\u00e9volutionnaire de m\u00e9taux avec un champ de t\u00e2tonnage exclusif et p\u00e9riph\u00e9rique \u00e0 360\u00b0. Ainsi, cette sonde manuelle offre une sensibilit\u00e9 constante de la zone de t\u00e2tonnage et une localisation exacte dans la pointe de l&rsquo;appareil pour toutes les armes et autres objectifs m\u00e9talliques \u00e0 d\u00e9tecter. D\u00e9tecte les plus petits objets m\u00e9talliques, [&hellip;]<\/p>\n","protected":false},"featured_media":55846,"comment_status":"open","ping_status":"closed","template":"","meta":{"inline_featured_image":false},"product_brand":[],"product_cat":[1718],"product_tag":[1769,1781,1765],"class_list":{"0":"post-34409","1":"product","2":"type-product","3":"status-publish","4":"has-post-thumbnail","6":"product_cat-rechercher-des-appareils-des-detecteurs-de-metaux","7":"product_tag-army-survival-fr","8":"product_tag-police-securite","9":"product_tag-sport-outdoor-fr","11":"first","12":"instock","13":"taxable","14":"shipping-taxable","15":"purchasable","16":"product-type-simple"},"_links":{"self":[{"href":"https:\/\/metal-badge.ch\/fr\/wp-json\/wp\/v2\/product\/34409","targetHints":{"allow":["GET"]}}],"collection":[{"href":"https:\/\/metal-badge.ch\/fr\/wp-json\/wp\/v2\/product"}],"about":[{"href":"https:\/\/metal-badge.ch\/fr\/wp-json\/wp\/v2\/types\/product"}],"replies":[{"embeddable":true,"href":"https:\/\/metal-badge.ch\/fr\/wp-json\/wp\/v2\/comments?post=34409"}],"wp:featuredmedia":[{"embeddable":true,"href":"https:\/\/metal-badge.ch\/fr\/wp-json\/wp\/v2\/media\/55846"}],"wp:attachment":[{"href":"https:\/\/metal-badge.ch\/fr\/wp-json\/wp\/v2\/media?parent=34409"}],"wp:term":[{"taxonomy":"product_brand","embeddable":true,"href":"https:\/\/metal-badge.ch\/fr\/wp-json\/wp\/v2\/product_brand?post=34409"},{"taxonomy":"product_cat","embeddable":true,"href":"https:\/\/metal-badge.ch\/fr\/wp-json\/wp\/v2\/product_cat?post=34409"},{"taxonomy":"product_tag","embeddable":true,"href":"https:\/\/metal-badge.ch\/fr\/wp-json\/wp\/v2\/product_tag?post=34409"}],"curies":[{"name":"wp","href":"https:\/\/api.w.org\/{rel}","templated":true}]}}