{"id":34172,"date":"2016-02-03T21:36:25","date_gmt":"2016-02-03T21:36:25","guid":{"rendered":"https:\/\/shop.metal-badge.ch\/?product=etui-en-cuir-practical-detective-prive-international"},"modified":"2017-04-15T07:35:09","modified_gmt":"2017-04-15T07:35:09","slug":"etui-en-cuir-practical-detective-prive-international","status":"publish","type":"product","link":"https:\/\/metal-badge.ch\/fr\/product\/34172\/etui-en-cuir-practical-detective-prive-international\/","title":{"rendered":"Etui en cuir \u00ab\u00a0Practical\u00a0\u00bb D\u00e9tective Prive International"},"content":{"rendered":"<p>Etui en cuir noir, simple, avec fen\u00eatre pour carte d&rsquo;identit\u00e9. Dimensions: largeur 8,5 cm \/ hauteur 11,5 cm.<\/p>\n","protected":false},"excerpt":{"rendered":"<p>Etui en cuir noir, simple, avec fen\u00eatre pour carte d&rsquo;identit\u00e9. Dimensions: largeur 8,5 cm \/ hauteur 11,5 cm.<\/p>\n","protected":false},"featured_media":90265,"comment_status":"open","ping_status":"closed","template":"","meta":{"inline_featured_image":false},"product_brand":[],"product_cat":[1295],"product_tag":[],"class_list":{"0":"post-34172","1":"product","2":"type-product","3":"status-publish","4":"has-post-thumbnail","6":"product_cat-detective-prive-international","8":"first","9":"instock","10":"taxable","11":"shipping-taxable","12":"purchasable","13":"product-type-simple"},"_links":{"self":[{"href":"https:\/\/metal-badge.ch\/fr\/wp-json\/wp\/v2\/product\/34172","targetHints":{"allow":["GET"]}}],"collection":[{"href":"https:\/\/metal-badge.ch\/fr\/wp-json\/wp\/v2\/product"}],"about":[{"href":"https:\/\/metal-badge.ch\/fr\/wp-json\/wp\/v2\/types\/product"}],"replies":[{"embeddable":true,"href":"https:\/\/metal-badge.ch\/fr\/wp-json\/wp\/v2\/comments?post=34172"}],"wp:featuredmedia":[{"embeddable":true,"href":"https:\/\/metal-badge.ch\/fr\/wp-json\/wp\/v2\/media\/90265"}],"wp:attachment":[{"href":"https:\/\/metal-badge.ch\/fr\/wp-json\/wp\/v2\/media?parent=34172"}],"wp:term":[{"taxonomy":"product_brand","embeddable":true,"href":"https:\/\/metal-badge.ch\/fr\/wp-json\/wp\/v2\/product_brand?post=34172"},{"taxonomy":"product_cat","embeddable":true,"href":"https:\/\/metal-badge.ch\/fr\/wp-json\/wp\/v2\/product_cat?post=34172"},{"taxonomy":"product_tag","embeddable":true,"href":"https:\/\/metal-badge.ch\/fr\/wp-json\/wp\/v2\/product_tag?post=34172"}],"curies":[{"name":"wp","href":"https:\/\/api.w.org\/{rel}","templated":true}]}}