{"id":32446,"date":"2016-01-08T12:44:01","date_gmt":"2016-01-08T12:44:01","guid":{"rendered":"https:\/\/shop.metal-badge.ch\/?product=t-shirt-u-s-army-olive"},"modified":"2020-08-02T01:33:12","modified_gmt":"2020-08-02T01:33:12","slug":"t-shirt-u-s-army-olive","status":"publish","type":"product","link":"https:\/\/metal-badge.ch\/fr\/product\/32446\/t-shirt-u-s-army-olive\/","title":{"rendered":"T-Shirt U.S. Army Olive"},"content":{"rendered":"<p>T-shirt avec col rond. Qualit\u00e9 extensible et tr\u00e8s confortable. Agr\u00e9able \u00e0 porter et tr\u00e8s facile \u00e0 nettoyer. 100 % coton single jersey 185 GSM Avec boucles aux aisselles. Poche de poitrine avec 2 boutons. \u00c9cusson U.S. Army et \u00e9cusson de manche et banni\u00e8re \u00e9toil\u00e9e en olive. Disponibles dans plusieurs tailles.<\/p>\n<p>Tailles : S, M, L, XL, XXL\u00a0<br \/>\nColoris : olive<br \/>\n\u00a0<\/p>\n","protected":false},"excerpt":{"rendered":"<p>T-shirt avec col rond. Qualit\u00e9 extensible et tr\u00e8s confortable. Agr\u00e9able \u00e0 porter et tr\u00e8s facile \u00e0 nettoyer. 100 % coton single jersey 185 GSM Avec boucles aux aisselles. Poche de poitrine avec 2 boutons. \u00c9cusson U.S. Army et \u00e9cusson de manche et banni\u00e8re \u00e9toil\u00e9e en olive. Disponibles dans plusieurs tailles. Tailles : S, M, L, [&hellip;]<\/p>\n","protected":false},"featured_media":90511,"comment_status":"open","ping_status":"closed","template":"","meta":{"inline_featured_image":false},"product_brand":[],"product_cat":[1347,1570],"product_tag":[1769,1773,1765],"class_list":{"0":"post-32446","1":"product","2":"type-product","3":"status-publish","4":"has-post-thumbnail","6":"product_cat-accessoires-militaires-de-chasse","7":"product_cat-t-shirts-polo-shirts-fr","8":"product_tag-army-survival-fr","9":"product_tag-chasse-peche","10":"product_tag-sport-outdoor-fr","12":"first","13":"instock","14":"taxable","15":"shipping-taxable","16":"purchasable","17":"product-type-simple"},"_links":{"self":[{"href":"https:\/\/metal-badge.ch\/fr\/wp-json\/wp\/v2\/product\/32446","targetHints":{"allow":["GET"]}}],"collection":[{"href":"https:\/\/metal-badge.ch\/fr\/wp-json\/wp\/v2\/product"}],"about":[{"href":"https:\/\/metal-badge.ch\/fr\/wp-json\/wp\/v2\/types\/product"}],"replies":[{"embeddable":true,"href":"https:\/\/metal-badge.ch\/fr\/wp-json\/wp\/v2\/comments?post=32446"}],"wp:featuredmedia":[{"embeddable":true,"href":"https:\/\/metal-badge.ch\/fr\/wp-json\/wp\/v2\/media\/90511"}],"wp:attachment":[{"href":"https:\/\/metal-badge.ch\/fr\/wp-json\/wp\/v2\/media?parent=32446"}],"wp:term":[{"taxonomy":"product_brand","embeddable":true,"href":"https:\/\/metal-badge.ch\/fr\/wp-json\/wp\/v2\/product_brand?post=32446"},{"taxonomy":"product_cat","embeddable":true,"href":"https:\/\/metal-badge.ch\/fr\/wp-json\/wp\/v2\/product_cat?post=32446"},{"taxonomy":"product_tag","embeddable":true,"href":"https:\/\/metal-badge.ch\/fr\/wp-json\/wp\/v2\/product_tag?post=32446"}],"curies":[{"name":"wp","href":"https:\/\/api.w.org\/{rel}","templated":true}]}}