{"id":32436,"date":"2016-01-08T12:24:10","date_gmt":"2016-01-08T12:24:10","guid":{"rendered":"https:\/\/shop.metal-badge.ch\/?product=masque-a-tete-de-mort-noir-masque-de-protection-en-plastique-abs"},"modified":"2020-08-02T01:33:08","modified_gmt":"2020-08-02T01:33:08","slug":"masque-a-tete-de-mort-noir-masque-de-protection-en-plastique-abs","status":"publish","type":"product","link":"https:\/\/metal-badge.ch\/fr\/product\/32436\/masque-a-tete-de-mort-noir-masque-de-protection-en-plastique-abs\/","title":{"rendered":"Masque \u00e0 t\u00eate de mort noir Masque de protection en plastique ABS"},"content":{"rendered":"<p>Masque de protection avec cache de protection de la vue.<br \/>\nId\u00e9al pour airsoft, paintball, chasse, intervention militaire.<br \/>\nAgr\u00e9able \u00e0 porter. Les bandes \u00e9lastiques peuvent \u00eatre adapt\u00e9es \u00e0 la forme de la t\u00eate par r\u00e9glage. \u00c0 l&rsquo;int\u00e9rieur, le masque est rembourr\u00e9 avec de la mousse.<\/p>\n<p>\n<strong>Description de l&rsquo;article :<\/strong><br \/>\nMat\u00e9riau : ABS et composite de polym\u00e8re<br \/>\nColoris : noir, argent<br \/>\nDimensions : env. hauteur 17 cm x 19 cm de largeur<br \/>\nPoids : 145 g.<\/p>\n","protected":false},"excerpt":{"rendered":"<p>Masque de protection avec cache de protection de la vue. Id\u00e9al pour airsoft, paintball, chasse, intervention militaire. Agr\u00e9able \u00e0 porter. Les bandes \u00e9lastiques peuvent \u00eatre adapt\u00e9es \u00e0 la forme de la t\u00eate par r\u00e9glage. \u00c0 l&rsquo;int\u00e9rieur, le masque est rembourr\u00e9 avec de la mousse. Description de l&rsquo;article : Mat\u00e9riau : ABS et composite de polym\u00e8re [&hellip;]<\/p>\n","protected":false},"featured_media":90513,"comment_status":"open","ping_status":"closed","template":"","meta":{"inline_featured_image":false},"product_brand":[],"product_cat":[1639],"product_tag":[1781,1765],"class_list":{"0":"post-32436","1":"product","2":"type-product","3":"status-publish","4":"has-post-thumbnail","6":"product_cat-protection-du-visage-masques","7":"product_tag-police-securite","8":"product_tag-sport-outdoor-fr","10":"first","11":"instock","12":"taxable","13":"shipping-taxable","14":"purchasable","15":"product-type-simple"},"_links":{"self":[{"href":"https:\/\/metal-badge.ch\/fr\/wp-json\/wp\/v2\/product\/32436","targetHints":{"allow":["GET"]}}],"collection":[{"href":"https:\/\/metal-badge.ch\/fr\/wp-json\/wp\/v2\/product"}],"about":[{"href":"https:\/\/metal-badge.ch\/fr\/wp-json\/wp\/v2\/types\/product"}],"replies":[{"embeddable":true,"href":"https:\/\/metal-badge.ch\/fr\/wp-json\/wp\/v2\/comments?post=32436"}],"wp:featuredmedia":[{"embeddable":true,"href":"https:\/\/metal-badge.ch\/fr\/wp-json\/wp\/v2\/media\/90513"}],"wp:attachment":[{"href":"https:\/\/metal-badge.ch\/fr\/wp-json\/wp\/v2\/media?parent=32436"}],"wp:term":[{"taxonomy":"product_brand","embeddable":true,"href":"https:\/\/metal-badge.ch\/fr\/wp-json\/wp\/v2\/product_brand?post=32436"},{"taxonomy":"product_cat","embeddable":true,"href":"https:\/\/metal-badge.ch\/fr\/wp-json\/wp\/v2\/product_cat?post=32436"},{"taxonomy":"product_tag","embeddable":true,"href":"https:\/\/metal-badge.ch\/fr\/wp-json\/wp\/v2\/product_tag?post=32436"}],"curies":[{"name":"wp","href":"https:\/\/api.w.org\/{rel}","templated":true}]}}