{"id":32428,"date":"2016-01-08T11:49:03","date_gmt":"2016-01-08T11:49:03","guid":{"rendered":"https:\/\/shop.metal-badge.ch\/?product=shemagh-echarpe-de-larmee-vertenoir"},"modified":"2016-01-11T15:11:40","modified_gmt":"2016-01-11T15:11:40","slug":"shemagh-echarpe-de-larmee-vertenoir","status":"publish","type":"product","link":"https:\/\/metal-badge.ch\/fr\/product\/32428\/shemagh-echarpe-de-larmee-vertenoir\/","title":{"rendered":"SHEMAGH \u00c9charpe de l&rsquo;arm\u00e9e verte\/noir"},"content":{"rendered":"<p>SHEMAGH,\u00a0 foulard de l&rsquo;arm\u00e9e 100 % coton, sert d&rsquo;\u00e9charpe et de camouflage pour les \u00e9quipements. Cette \u00e9charpe multifonctions peut \u00eatre utilis\u00e9e pour le camouflage sur le terrain, du torse, des projectiles, de l&rsquo;appareil photo, des jumelles. Id\u00e9al pour les photographes dans la nature, les chasseurs, les p\u00eacheurs, l&rsquo;arm\u00e9e et bien plus encore.<\/p>\n<p><strong>Description de l&rsquo;article :<\/strong><br \/>\nPoids : 170 g.<br \/>\nMat\u00e9riau : 100 % coton<br \/>\nDimensions : 110 cm x 120 cm<br \/>\nCouleurs : vert olive \/ noir<\/p>\n","protected":false},"excerpt":{"rendered":"<p>SHEMAGH,\u00a0 foulard de l&rsquo;arm\u00e9e 100 % coton, sert d&rsquo;\u00e9charpe et de camouflage pour les \u00e9quipements. Cette \u00e9charpe multifonctions peut \u00eatre utilis\u00e9e pour le camouflage sur le terrain, du torse, des projectiles, de l&rsquo;appareil photo, des jumelles. Id\u00e9al pour les photographes dans la nature, les chasseurs, les p\u00eacheurs, l&rsquo;arm\u00e9e et bien plus encore. Description de l&rsquo;article [&hellip;]<\/p>\n","protected":false},"featured_media":90515,"comment_status":"open","ping_status":"closed","template":"","meta":{"inline_featured_image":false},"product_brand":[],"product_cat":[1347,1626],"product_tag":[1769,1773,1781,1765],"class_list":{"0":"post-32428","1":"product","2":"type-product","3":"status-publish","4":"has-post-thumbnail","6":"product_cat-accessoires-militaires-de-chasse","7":"product_cat-shemaghs-bandanas-fr","8":"product_tag-army-survival-fr","9":"product_tag-chasse-peche","10":"product_tag-police-securite","11":"product_tag-sport-outdoor-fr","13":"first","14":"instock","15":"taxable","16":"shipping-taxable","17":"purchasable","18":"product-type-simple"},"_links":{"self":[{"href":"https:\/\/metal-badge.ch\/fr\/wp-json\/wp\/v2\/product\/32428","targetHints":{"allow":["GET"]}}],"collection":[{"href":"https:\/\/metal-badge.ch\/fr\/wp-json\/wp\/v2\/product"}],"about":[{"href":"https:\/\/metal-badge.ch\/fr\/wp-json\/wp\/v2\/types\/product"}],"replies":[{"embeddable":true,"href":"https:\/\/metal-badge.ch\/fr\/wp-json\/wp\/v2\/comments?post=32428"}],"wp:featuredmedia":[{"embeddable":true,"href":"https:\/\/metal-badge.ch\/fr\/wp-json\/wp\/v2\/media\/90515"}],"wp:attachment":[{"href":"https:\/\/metal-badge.ch\/fr\/wp-json\/wp\/v2\/media?parent=32428"}],"wp:term":[{"taxonomy":"product_brand","embeddable":true,"href":"https:\/\/metal-badge.ch\/fr\/wp-json\/wp\/v2\/product_brand?post=32428"},{"taxonomy":"product_cat","embeddable":true,"href":"https:\/\/metal-badge.ch\/fr\/wp-json\/wp\/v2\/product_cat?post=32428"},{"taxonomy":"product_tag","embeddable":true,"href":"https:\/\/metal-badge.ch\/fr\/wp-json\/wp\/v2\/product_tag?post=32428"}],"curies":[{"name":"wp","href":"https:\/\/api.w.org\/{rel}","templated":true}]}}