{"id":32411,"date":"2016-01-08T11:30:10","date_gmt":"2016-01-08T11:30:10","guid":{"rendered":"https:\/\/shop.metal-badge.ch\/?product=commando-echarpe-de-camouflage-woodland"},"modified":"2020-09-29T15:46:19","modified_gmt":"2020-09-29T13:46:19","slug":"commando-echarpe-de-camouflage-woodland-2","status":"publish","type":"product","link":"https:\/\/metal-badge.ch\/fr\/product\/32411\/commando-echarpe-de-camouflage-woodland-2\/","title":{"rendered":"Commando \u00c9charpe de camouflage woodland"},"content":{"rendered":"<p>L&rsquo;\u00e9charpe universelle de camouflage en m\u00e9lange de polyester et coton. Peut \u00eatre \u00e9galement d\u00e9coup\u00e9e et convient ainsi en tant que camouflage visage et foulard et pour recouvrir les \u00e9quipements. Peut \u00eatre utilis\u00e9e pour le camouflage sur le terrain, du torse, des projectiles, de l&rsquo;appareil photo, des jumelles.<\/p>\n<p><strong>Description de l&rsquo;article :<\/strong><br \/>\nDomaine d\u2019utilisation\u00a0: Observation des animaux sauvages, chasse, arm\u00e9e, paintball, etc.<br \/>\nPoids : 90 g.<br \/>\nMat\u00e9riau : 65 % polyester \/ 35 % coton<br \/>\nDimensions : 160 cm x 45 cm<br \/>\nCouleur : Woodland camouflage clair<\/p>\n","protected":false},"excerpt":{"rendered":"<p>L&rsquo;\u00e9charpe universelle de camouflage en m\u00e9lange de polyester et coton. Peut \u00eatre \u00e9galement d\u00e9coup\u00e9e et convient ainsi en tant que camouflage visage et foulard et pour recouvrir les \u00e9quipements. Peut \u00eatre utilis\u00e9e pour le camouflage sur le terrain, du torse, des projectiles, de l&rsquo;appareil photo, des jumelles. Description de l&rsquo;article : Domaine d\u2019utilisation\u00a0: Observation des [&hellip;]<\/p>\n","protected":false},"featured_media":32407,"comment_status":"open","ping_status":"closed","template":"","meta":{"inline_featured_image":false},"product_brand":[],"product_cat":[1347,1626],"product_tag":[1769,1773,1781,1765],"class_list":{"0":"post-32411","1":"product","2":"type-product","3":"status-publish","4":"has-post-thumbnail","6":"product_cat-accessoires-militaires-de-chasse","7":"product_cat-shemaghs-bandanas-fr","8":"product_tag-army-survival-fr","9":"product_tag-chasse-peche","10":"product_tag-police-securite","11":"product_tag-sport-outdoor-fr","13":"first","14":"instock","15":"taxable","16":"shipping-taxable","17":"purchasable","18":"product-type-simple"},"_links":{"self":[{"href":"https:\/\/metal-badge.ch\/fr\/wp-json\/wp\/v2\/product\/32411","targetHints":{"allow":["GET"]}}],"collection":[{"href":"https:\/\/metal-badge.ch\/fr\/wp-json\/wp\/v2\/product"}],"about":[{"href":"https:\/\/metal-badge.ch\/fr\/wp-json\/wp\/v2\/types\/product"}],"replies":[{"embeddable":true,"href":"https:\/\/metal-badge.ch\/fr\/wp-json\/wp\/v2\/comments?post=32411"}],"wp:featuredmedia":[{"embeddable":true,"href":"https:\/\/metal-badge.ch\/fr\/wp-json\/wp\/v2\/media\/32407"}],"wp:attachment":[{"href":"https:\/\/metal-badge.ch\/fr\/wp-json\/wp\/v2\/media?parent=32411"}],"wp:term":[{"taxonomy":"product_brand","embeddable":true,"href":"https:\/\/metal-badge.ch\/fr\/wp-json\/wp\/v2\/product_brand?post=32411"},{"taxonomy":"product_cat","embeddable":true,"href":"https:\/\/metal-badge.ch\/fr\/wp-json\/wp\/v2\/product_cat?post=32411"},{"taxonomy":"product_tag","embeddable":true,"href":"https:\/\/metal-badge.ch\/fr\/wp-json\/wp\/v2\/product_tag?post=32411"}],"curies":[{"name":"wp","href":"https:\/\/api.w.org\/{rel}","templated":true}]}}