{"id":32404,"date":"2016-01-07T13:12:58","date_gmt":"2016-01-07T13:12:58","guid":{"rendered":"https:\/\/shop.metal-badge.ch\/?product=etui-sac-a-dos-pratique-pour-ordinateur-portable-noir-olive-marron"},"modified":"2023-07-13T05:45:38","modified_gmt":"2023-07-13T03:45:38","slug":"etui-sac-a-dos-pratique-pour-ordinateur-portable-noir-olive","status":"publish","type":"product","link":"https:\/\/metal-badge.ch\/fr\/product\/32404\/etui-sac-a-dos-pratique-pour-ordinateur-portable-noir-olive\/","title":{"rendered":"\u00c9tui-sac \u00e0 dos pratique pour ordinateur portable &#8211; noir &#8211; olive"},"content":{"rendered":"<p>Votre compagnon fid\u00e8le pour les d\u00e9placements, que ce soit au bureau, ou en ext\u00e9rieur, pour randonner ou sur le v\u00e9lo. Petit et compact, il est toujours pr\u00e9sent.<\/p>\n<p>L&rsquo;\u00e9tui peut \u00eatre port\u00e9 avec une sangle d&rsquo;\u00e9paule r\u00e9glable et est moderne et confortable \u00e0 la fois. De plus, une poign\u00e9e de transport solide est pr\u00e9sente. En un tournemain, l&rsquo;\u00e9tui tendance \u00e0 ordinateur portable peut \u00eatre transform\u00e9 en sac \u00e0 dos. Les courroies de sac \u00e0 dos peuvent \u00eatre sorties tout simplement et rang\u00e9es ensuite dans l&rsquo;\u00e9tui. L&rsquo;\u00e9tui-sac \u00e0 dos en nylon 1000 D est fabriqu\u00e9 dans le syst\u00e8me Molle. \u00c0 l&rsquo;ext\u00e9rieur, il y a une bande autogrippante pour l&rsquo;inscription. Ce sac \u00e0 dos est tr\u00e8s solide, hydrofuge, et offre avec les courroies de transport r\u00e9glables et rembourr\u00e9es un grand confort de port. L&rsquo;\u00e9tui-sac \u00e0 dos ne doit pas \u00eatre sous-estim\u00e9 bien qu&rsquo;il semble petit, il a une contenance de pr\u00e8s de 13 litres. L&rsquo;\u00e9tui est \u00e9quip\u00e9 de porte-bouteilles \u00e9lastiques lat\u00e9raux avec une bande autogrippante. Un grand compartiment principal et 3 x grands compartiments peuvent \u00eatre ouverts avec la fermeture-\u00e9clair \u00e0 deux voies. De plus, 1 x grande poche ext\u00e9rieure avec fermeture-\u00e9clair \u00e0 deux voies avec beaucoup d&rsquo;espace de rangement et 3 compartiments \u00e0 inserts.<\/p>\n<ul>\n<li>Cet \u00e9tui peut \u00eatre fourni avec une inscription avec bande autogrippante.&nbsp; Plus CHF 10.-<\/li>\n<li>Avec inscription&nbsp; sans \/ POLIZEI \/ POLIZIA \/ POLICE \/ SECURITY \/ SECURITE \/ SICHERHEIT. Plus 10.-<\/li>\n<li>Divers modes de port\u00e9e : sac \u00e0 dos, \u00e9tui, sac en bandouli\u00e8re<\/li>\n<li>Avec bande autogrippante \u00e0 l&rsquo;ext\u00e9rieur<\/li>\n<li>Mat\u00e9riau : Nylon 1000 D r\u00e9sistant<\/li>\n<li>Poids :&nbsp; 0,9&nbsp; kg<\/li>\n<li>Coloris : noir, olive<\/li>\n<li>Syst\u00e8me Molle<\/li>\n<li>Porte-bouteilles : 2 x porte-bouteilles \/ \u00e9lastique avec bande autogrippante suppl\u00e9mentaire<\/li>\n<li>Dimensions : Hauteur 37 cm x largeur 32 cm<\/li>\n<li>1 x grand compartiment principal avec 3 x grands compartiments et \u00e0 l&rsquo;ext\u00e9rieur une fermeture-\u00e9clair \u00e0 deux voies<\/li>\n<li>1 x grand compartiment ext\u00e9rieur avec une fermeture-\u00e9clair \u00e0 deux voies, un grand espace de rangement avec 3 x inserts suppl\u00e9mentaires<\/li>\n<li>Volume : 13 litres<\/li>\n<\/ul>\n","protected":false},"excerpt":{"rendered":"<p>Votre compagnon fid\u00e8le pour les d\u00e9placements, que ce soit au bureau, ou en ext\u00e9rieur, pour randonner ou sur le v\u00e9lo. Petit et compact, il est toujours pr\u00e9sent. L&rsquo;\u00e9tui peut \u00eatre port\u00e9 avec une sangle d&rsquo;\u00e9paule r\u00e9glable et est moderne et confortable \u00e0 la fois. De plus, une poign\u00e9e de transport solide est pr\u00e9sente. En un [&hellip;]<\/p>\n","protected":false},"featured_media":90519,"comment_status":"open","ping_status":"closed","template":"","meta":{"inline_featured_image":false},"product_brand":[],"product_cat":[1347,1059,1818,1255,1815],"product_tag":[1769,1777,1773,1765],"class_list":{"0":"post-32404","1":"product","2":"type-product","3":"status-publish","4":"has-post-thumbnail","6":"product_cat-accessoires-militaires-de-chasse","7":"product_cat-sacs","8":"product_cat-sacs-a-bandouliere","9":"product_cat-sacs-a-dos-et-systemes-de-boisson","10":"product_cat-sacs-de-transport-de-voyage","11":"product_tag-army-survival-fr","12":"product_tag-camping-voyage","13":"product_tag-chasse-peche","14":"product_tag-sport-outdoor-fr","16":"first","17":"instock","18":"taxable","19":"shipping-taxable","20":"purchasable","21":"product-type-simple"},"_links":{"self":[{"href":"https:\/\/metal-badge.ch\/fr\/wp-json\/wp\/v2\/product\/32404","targetHints":{"allow":["GET"]}}],"collection":[{"href":"https:\/\/metal-badge.ch\/fr\/wp-json\/wp\/v2\/product"}],"about":[{"href":"https:\/\/metal-badge.ch\/fr\/wp-json\/wp\/v2\/types\/product"}],"replies":[{"embeddable":true,"href":"https:\/\/metal-badge.ch\/fr\/wp-json\/wp\/v2\/comments?post=32404"}],"wp:featuredmedia":[{"embeddable":true,"href":"https:\/\/metal-badge.ch\/fr\/wp-json\/wp\/v2\/media\/90519"}],"wp:attachment":[{"href":"https:\/\/metal-badge.ch\/fr\/wp-json\/wp\/v2\/media?parent=32404"}],"wp:term":[{"taxonomy":"product_brand","embeddable":true,"href":"https:\/\/metal-badge.ch\/fr\/wp-json\/wp\/v2\/product_brand?post=32404"},{"taxonomy":"product_cat","embeddable":true,"href":"https:\/\/metal-badge.ch\/fr\/wp-json\/wp\/v2\/product_cat?post=32404"},{"taxonomy":"product_tag","embeddable":true,"href":"https:\/\/metal-badge.ch\/fr\/wp-json\/wp\/v2\/product_tag?post=32404"}],"curies":[{"name":"wp","href":"https:\/\/api.w.org\/{rel}","templated":true}]}}