{"id":32383,"date":"2016-01-07T10:38:54","date_gmt":"2016-01-07T10:38:54","guid":{"rendered":"https:\/\/shop.metal-badge.ch\/?product=veste-tactique-softshell-avec-capuche-de-shark-skin-gris"},"modified":"2022-10-09T00:10:08","modified_gmt":"2022-10-08T22:10:08","slug":"veste-tactique-softshell-avec-capuche-de-shark-skin-gris","status":"publish","type":"product","link":"https:\/\/metal-badge.ch\/fr\/product\/32383\/veste-tactique-softshell-avec-capuche-de-shark-skin-gris\/","title":{"rendered":"Veste tactique Softshell avec capuche de \u00ab\u00a0Shark Skin\u00a0\u00bb, gris"},"content":{"rendered":"<p>Id\u00e9al pour l&rsquo;ext\u00e9rieur, coupe-vent et prot\u00e8ge de la pluie. Cette veste est disponible dans divers coloris. \u00c9quip\u00e9e de diverses fonctions, avec ouverture de c\u00e2ble pour t\u00e9l\u00e9phone portable et diverses poches et deux grandes bandes autogrippantes aux manches. La veste est recouverte \u00e0 l&rsquo;int\u00e9rieur d&rsquo;un polaire l\u00e9ger, tient chaud pendant les saisons de transition et reste respirante et \u00e9tanche. Gr\u00e2ce \u00e0 un cordon \u00e9lastique en caoutchouc, la veste peut \u00eatre ajust\u00e9e \/ tir\u00e9e \u00e0 la taille et au niveau de la capuche. La capuche peut \u00eatre enroul\u00e9e avec une bande autogrippante et fix\u00e9e sur le col. Cette veste poss\u00e8de une fermeture-\u00e9claire profil\u00e9e \u00e0 deux voies YKK. Sur les extr\u00e9mit\u00e9s des manches, la veste peut \u00eatre r\u00e9gl\u00e9e avec une bande autogrippante \u00e9lastique. Les coudes sont renforc\u00e9s avec des patchs cousus. La coupe de la veste est normale. Fente de ventilation sous les bras avec fermeture-\u00e9clair YKK.\u00a0 Sur le c\u00f4t\u00e9 du dos \u00e0 l&rsquo;ext\u00e9rieur, il y a un grand compartiment \u00e0 carte avec deux fermeture-\u00e9clairs.<\/p>\n<p><strong>Description du produit :<\/strong><\/p>\n<ul>\n<li>Capuche enroulable avec bande autogrippante<\/li>\n<li>Des deux c\u00f4t\u00e9s sur la manche il y a des bandes autogrippantes 10 x 10 cm<\/li>\n<li>3 poches de manche<\/li>\n<li>2 poches ext\u00e9rieures<\/li>\n<li>Couche int\u00e9rieure en fibre<\/li>\n<li>Fermeture de ventilation avec fermeture-\u00e9clair au niveau des aisselles<\/li>\n<li>Fermeture-\u00e9clairs YKK<\/li>\n<li>Coudes avec renforts cousus<\/li>\n<li>Poids : 1150 g.<\/li>\n<li>Coloris : gris<\/li>\n<li>Respirant<\/li>\n<li>Mat\u00e9riau : 65 % polyester \/ 35 % coton<\/li>\n<li>100 % \u00e9tanche avec triple polyester shell recouvert de PU<\/li>\n<li>Extr\u00e9mit\u00e9s des manches r\u00e9glables avec bande autogrippante<\/li>\n<li>Tailles : S, M, L, XL<\/li>\n<\/ul>\n<p>Mesurez de pr\u00e9f\u00e9rence la largeur de votre \u00e9paule.<\/p>\n<p>La veste poss\u00e8de les largeurs d&rsquo;\u00e9paule suivantes :<br \/>\nTaille S :\u00a0 env. 52 cm<br \/>\nTaille M : env. 54 cm<br \/>\nTaille L :\u00a0 env. 56 cm<br \/>\nTaille XL : env. 58 cm<\/p>\n","protected":false},"excerpt":{"rendered":"<p>Id\u00e9al pour l&rsquo;ext\u00e9rieur, coupe-vent et prot\u00e8ge de la pluie. Cette veste est disponible dans divers coloris. \u00c9quip\u00e9e de diverses fonctions, avec ouverture de c\u00e2ble pour t\u00e9l\u00e9phone portable et diverses poches et deux grandes bandes autogrippantes aux manches. La veste est recouverte \u00e0 l&rsquo;int\u00e9rieur d&rsquo;un polaire l\u00e9ger, tient chaud pendant les saisons de transition et reste [&hellip;]<\/p>\n","protected":false},"featured_media":90523,"comment_status":"open","ping_status":"closed","template":"","meta":{"inline_featured_image":false},"product_brand":[],"product_cat":[1602],"product_tag":[1777,1765],"class_list":{"0":"post-32383","1":"product","2":"type-product","3":"status-publish","4":"has-post-thumbnail","6":"product_cat-vestes-en-softshell-pantalons-et-vetements-haute-visibilite","7":"product_tag-camping-voyage","8":"product_tag-sport-outdoor-fr","10":"first","11":"instock","12":"taxable","13":"shipping-taxable","14":"purchasable","15":"product-type-simple"},"_links":{"self":[{"href":"https:\/\/metal-badge.ch\/fr\/wp-json\/wp\/v2\/product\/32383","targetHints":{"allow":["GET"]}}],"collection":[{"href":"https:\/\/metal-badge.ch\/fr\/wp-json\/wp\/v2\/product"}],"about":[{"href":"https:\/\/metal-badge.ch\/fr\/wp-json\/wp\/v2\/types\/product"}],"replies":[{"embeddable":true,"href":"https:\/\/metal-badge.ch\/fr\/wp-json\/wp\/v2\/comments?post=32383"}],"wp:featuredmedia":[{"embeddable":true,"href":"https:\/\/metal-badge.ch\/fr\/wp-json\/wp\/v2\/media\/90523"}],"wp:attachment":[{"href":"https:\/\/metal-badge.ch\/fr\/wp-json\/wp\/v2\/media?parent=32383"}],"wp:term":[{"taxonomy":"product_brand","embeddable":true,"href":"https:\/\/metal-badge.ch\/fr\/wp-json\/wp\/v2\/product_brand?post=32383"},{"taxonomy":"product_cat","embeddable":true,"href":"https:\/\/metal-badge.ch\/fr\/wp-json\/wp\/v2\/product_cat?post=32383"},{"taxonomy":"product_tag","embeddable":true,"href":"https:\/\/metal-badge.ch\/fr\/wp-json\/wp\/v2\/product_tag?post=32383"}],"curies":[{"name":"wp","href":"https:\/\/api.w.org\/{rel}","templated":true}]}}