{"id":32361,"date":"2016-01-07T09:46:52","date_gmt":"2016-01-07T09:46:52","guid":{"rendered":"https:\/\/shop.metal-badge.ch\/?product=t-shirt-blanc-dasf-jeep"},"modified":"2020-08-02T01:32:29","modified_gmt":"2020-08-02T01:32:29","slug":"t-shirt-blanc-dasf-jeep","status":"publish","type":"product","link":"https:\/\/metal-badge.ch\/fr\/product\/32361\/t-shirt-blanc-dasf-jeep\/","title":{"rendered":"T-shirt blanc d&rsquo;ASF Jeep"},"content":{"rendered":"<p>En coupe V classique et col montant.<br \/>\nQualit\u00e9 extensible et tr\u00e8s confortable. Agr\u00e9able \u00e0 porter et tr\u00e8s facile \u00e0 nettoyer. 100% coton.<\/p>\n","protected":false},"excerpt":{"rendered":"<p>En coupe V classique et col montant. Qualit\u00e9 extensible et tr\u00e8s confortable. Agr\u00e9able \u00e0 porter et tr\u00e8s facile \u00e0 nettoyer. 100% coton.<\/p>\n","protected":false},"featured_media":90525,"comment_status":"open","ping_status":"closed","template":"","meta":{"inline_featured_image":false},"product_brand":[],"product_cat":[1570],"product_tag":[1777,1765],"class_list":{"0":"post-32361","1":"product","2":"type-product","3":"status-publish","4":"has-post-thumbnail","6":"product_cat-t-shirts-polo-shirts-fr","7":"product_tag-camping-voyage","8":"product_tag-sport-outdoor-fr","10":"first","11":"instock","12":"taxable","13":"shipping-taxable","14":"purchasable","15":"product-type-simple"},"_links":{"self":[{"href":"https:\/\/metal-badge.ch\/fr\/wp-json\/wp\/v2\/product\/32361","targetHints":{"allow":["GET"]}}],"collection":[{"href":"https:\/\/metal-badge.ch\/fr\/wp-json\/wp\/v2\/product"}],"about":[{"href":"https:\/\/metal-badge.ch\/fr\/wp-json\/wp\/v2\/types\/product"}],"replies":[{"embeddable":true,"href":"https:\/\/metal-badge.ch\/fr\/wp-json\/wp\/v2\/comments?post=32361"}],"wp:featuredmedia":[{"embeddable":true,"href":"https:\/\/metal-badge.ch\/fr\/wp-json\/wp\/v2\/media\/90525"}],"wp:attachment":[{"href":"https:\/\/metal-badge.ch\/fr\/wp-json\/wp\/v2\/media?parent=32361"}],"wp:term":[{"taxonomy":"product_brand","embeddable":true,"href":"https:\/\/metal-badge.ch\/fr\/wp-json\/wp\/v2\/product_brand?post=32361"},{"taxonomy":"product_cat","embeddable":true,"href":"https:\/\/metal-badge.ch\/fr\/wp-json\/wp\/v2\/product_cat?post=32361"},{"taxonomy":"product_tag","embeddable":true,"href":"https:\/\/metal-badge.ch\/fr\/wp-json\/wp\/v2\/product_tag?post=32361"}],"curies":[{"name":"wp","href":"https:\/\/api.w.org\/{rel}","templated":true}]}}