{"id":32339,"date":"2016-01-06T10:13:38","date_gmt":"2016-01-06T10:13:38","guid":{"rendered":"https:\/\/shop.metal-badge.ch\/?product=pinewood-t-shirt-a-manches-longues-camouflage"},"modified":"2020-08-02T01:32:15","modified_gmt":"2020-08-02T01:32:15","slug":"pinewood-t-shirt-a-manches-longues-camouflage","status":"publish","type":"product","link":"https:\/\/metal-badge.ch\/fr\/product\/32339\/pinewood-t-shirt-a-manches-longues-camouflage\/","title":{"rendered":"Pinewood T-shirt \u00e0 manches longues Camouflage"},"content":{"rendered":"<p>T-shirt agr\u00e9able \u00e0 porter en motif Realtree couleur camouflage.<br \/>\nT-shirt \u00e0 manches longues classique avec col rond. Id\u00e9al pour l&rsquo;ext\u00e9rieur, les chasseurs, les p\u00eacheurs.<br \/>\nLe jersey simple 100 % coton apporte un grand confort.<br \/>\nLe col et les extr\u00e9mit\u00e9s des manches en \u00ab\u00a0\u00e9lasthanne\u00a0\u00bb \u00e9lastique et mat\u00e9riau de coton pelucheux.<br \/>\nTailles : S, M, L, XL<\/p>\n","protected":false},"excerpt":{"rendered":"<p>T-shirt agr\u00e9able \u00e0 porter en motif Realtree couleur camouflage. T-shirt \u00e0 manches longues classique avec col rond. Id\u00e9al pour l&rsquo;ext\u00e9rieur, les chasseurs, les p\u00eacheurs. Le jersey simple 100 % coton apporte un grand confort. Le col et les extr\u00e9mit\u00e9s des manches en \u00ab\u00a0\u00e9lasthanne\u00a0\u00bb \u00e9lastique et mat\u00e9riau de coton pelucheux. Tailles : S, M, L, XL<\/p>\n","protected":false},"featured_media":90529,"comment_status":"open","ping_status":"closed","template":"","meta":{"inline_featured_image":false},"product_brand":[],"product_cat":[1347,1570],"product_tag":[1769,1773,1765],"class_list":{"0":"post-32339","1":"product","2":"type-product","3":"status-publish","4":"has-post-thumbnail","6":"product_cat-accessoires-militaires-de-chasse","7":"product_cat-t-shirts-polo-shirts-fr","8":"product_tag-army-survival-fr","9":"product_tag-chasse-peche","10":"product_tag-sport-outdoor-fr","12":"first","13":"instock","14":"taxable","15":"shipping-taxable","16":"purchasable","17":"product-type-simple"},"_links":{"self":[{"href":"https:\/\/metal-badge.ch\/fr\/wp-json\/wp\/v2\/product\/32339","targetHints":{"allow":["GET"]}}],"collection":[{"href":"https:\/\/metal-badge.ch\/fr\/wp-json\/wp\/v2\/product"}],"about":[{"href":"https:\/\/metal-badge.ch\/fr\/wp-json\/wp\/v2\/types\/product"}],"replies":[{"embeddable":true,"href":"https:\/\/metal-badge.ch\/fr\/wp-json\/wp\/v2\/comments?post=32339"}],"wp:featuredmedia":[{"embeddable":true,"href":"https:\/\/metal-badge.ch\/fr\/wp-json\/wp\/v2\/media\/90529"}],"wp:attachment":[{"href":"https:\/\/metal-badge.ch\/fr\/wp-json\/wp\/v2\/media?parent=32339"}],"wp:term":[{"taxonomy":"product_brand","embeddable":true,"href":"https:\/\/metal-badge.ch\/fr\/wp-json\/wp\/v2\/product_brand?post=32339"},{"taxonomy":"product_cat","embeddable":true,"href":"https:\/\/metal-badge.ch\/fr\/wp-json\/wp\/v2\/product_cat?post=32339"},{"taxonomy":"product_tag","embeddable":true,"href":"https:\/\/metal-badge.ch\/fr\/wp-json\/wp\/v2\/product_tag?post=32339"}],"curies":[{"name":"wp","href":"https:\/\/api.w.org\/{rel}","templated":true}]}}