{"id":32333,"date":"2016-01-05T17:37:29","date_gmt":"2016-01-05T17:37:29","guid":{"rendered":"https:\/\/shop.metal-badge.ch\/?product=impermeable-pour-homme-outshine-noir"},"modified":"2020-11-09T18:46:08","modified_gmt":"2020-11-09T17:46:08","slug":"impermeable-pour-homme-outshine-noir","status":"publish","type":"product","link":"https:\/\/metal-badge.ch\/fr\/product\/32333\/impermeable-pour-homme-outshine-noir\/","title":{"rendered":"Imperm\u00e9able pour homme Outshine noir"},"content":{"rendered":"<p>Pour \u00eatre parfaitement \u00e9quip\u00e9 dans les conditions climatiques les plus extr\u00eames. Respirant, coupe-vent, \u00e9tanche, convient parfaitement au quotidien dynamique ou aux randonn\u00e9es avec un bagage l\u00e9ger.<\/p>\n<p>L&rsquo;imperm\u00e9able fonctionnel offre de nombreux d\u00e9tails pratiques. Les fermetures-\u00e9clairs \u00e9tanches et rouges s\u00e9duisent par leur c\u00f4t\u00e9 d\u00e9contract\u00e9.<\/p>\n<p>Imperm\u00e9able avec rembourrage mesh, capuche amovible, double fermeture-\u00e9clair \u00e9tanche, extr\u00e9mit\u00e9s des manches avec bande autogrippante, 1 poche int\u00e9rieure mesh, 1 poche int\u00e9rieure pour t\u00e9l\u00e9phone portable avec bande autogrippante, 2 grandes poches lat\u00e9rales avec fermetures-\u00e9clairs \u00e9tanches, ventilation sur l&rsquo;avant-bras avec fermetures-\u00e9clairs, 100 % polyamide, rembourrage : 100% Polyester Vous maintient au sec m\u00eame lorsque le temps est mauvais. Un style adapt\u00e9 et une qualit\u00e9 ultra-fonctionnelle.<\/p>\n<p>Compos\u00e9 d&rsquo;un mat\u00e9riau parfaitement hydrofuge, cet imperm\u00e9able est toujours fiable. Que ce soit en cas de vent ou de pluie, l&rsquo;imperm\u00e9able fonctionnel poss\u00e8de une capuche avec cordon. Ainsi, la t\u00eate est parfaitement prot\u00e9g\u00e9e de l&rsquo;humidit\u00e9 et du froid. L&rsquo;imperm\u00e9able de qualit\u00e9 est fait \u00e0 100 % de polyamide et poss\u00e8de dans la partie sup\u00e9rieure du dos un rembourrage int\u00e9rieur en mesh pour une fonction respirante excellente. Cet imperm\u00e9able convainc cependant non seulement pas sa qualit\u00e9 excellent mais \u00e9galement par son style simple et classique. Forme normale.<\/p>\n<h3>Description de l&rsquo;article :<\/h3>\n<p>Coupe-vent et respirant<br \/>\nRembourrage int\u00e9rieur mesh<br \/>\nVentilation des avant-bras avec fermeture-\u00e9clairs \u00e9tanches<br \/>\nCapuche avec cordon et protection contre la pluie<br \/>\nFermeture-\u00e9clair continue, \u00e9tanche \u00e0 2 voies<br \/>\nCapuche amovible avec fermeture-\u00e9clair et cordon<br \/>\nExtr\u00e9mit\u00e9 des bras avec bande autogrippante<br \/>\n\u00e9lastique<br \/>\nCordon dans l&rsquo;ourlet<br \/>\nCol montant<br \/>\n3. couche (protection contre les intemp\u00e9ries) &#8211; hardshell<br \/>\nColonne d&rsquo;eau 10.000 mm, activit\u00e9 de respiration : 7.000 g\/m\u00b2<br \/>\n2x grandes poches ext\u00e9rieures<br \/>\n1x poche int\u00e9rieure \u00e0 t\u00e9l\u00e9phone portable avec bande autogrippante<br \/>\n1x grande poche int\u00e9rieure mesh<br \/>\nMat\u00e9riau : 100 % polyamide \/ polyester avec rev\u00eatement PU<br \/>\nConsignes d&rsquo;entretien<br \/>\nLavage en machine 30\u00b0<br \/>\nDisponible dans diverses tailles<br \/>\nPoids : 700g<br \/>\nTailles : S, M, L, XL, XXL<br \/>\n\u00a0<\/p>\n<table border=\"1\" cellpadding=\"1\" cellspacing=\"1\" style=\"height:auto; width:100%\">\n<tbody>\n<tr>\n<td>size<\/td>\n<td>length<\/td>\n<td>chest<\/td>\n<td>sleeve<\/td>\n<td>hem<\/td>\n<\/tr>\n<tr>\n<td>S (165\/88B)<\/td>\n<td>71<\/td>\n<td>110<\/td>\n<td>82<\/td>\n<td>106<\/td>\n<\/tr>\n<tr>\n<td>M (170\/92B)<\/td>\n<td>73<\/td>\n<td>114<\/td>\n<td>84<\/td>\n<td>110<\/td>\n<\/tr>\n<tr>\n<td>L (175\/96B)<\/td>\n<td>75<\/td>\n<td>118<\/td>\n<td>86<\/td>\n<td>114<\/td>\n<\/tr>\n<tr>\n<td>XL (180\/100B)<\/td>\n<td>77<\/td>\n<td>122<\/td>\n<td>88<\/td>\n<td>118<\/td>\n<\/tr>\n<tr>\n<td>XXL (185\/104B)<\/td>\n<td>79<\/td>\n<td>126<\/td>\n<td>90<\/td>\n<td>122<\/td>\n<\/tr>\n<\/tbody>\n<\/table>\n","protected":false},"excerpt":{"rendered":"<p>Pour \u00eatre parfaitement \u00e9quip\u00e9 dans les conditions climatiques les plus extr\u00eames. Respirant, coupe-vent, \u00e9tanche, convient parfaitement au quotidien dynamique ou aux randonn\u00e9es avec un bagage l\u00e9ger. L&rsquo;imperm\u00e9able fonctionnel offre de nombreux d\u00e9tails pratiques. Les fermetures-\u00e9clairs \u00e9tanches et rouges s\u00e9duisent par leur c\u00f4t\u00e9 d\u00e9contract\u00e9. Imperm\u00e9able avec rembourrage mesh, capuche amovible, double fermeture-\u00e9clair \u00e9tanche, extr\u00e9mit\u00e9s des manches [&hellip;]<\/p>\n","protected":false},"featured_media":32325,"comment_status":"open","ping_status":"closed","template":"","meta":{"inline_featured_image":false},"product_brand":[],"product_cat":[1586],"product_tag":[1769,1777,1773,1765],"class_list":{"0":"post-32333","1":"product","2":"type-product","3":"status-publish","4":"has-post-thumbnail","6":"product_cat-protection-contre-la-pluie","7":"product_tag-army-survival-fr","8":"product_tag-camping-voyage","9":"product_tag-chasse-peche","10":"product_tag-sport-outdoor-fr","12":"first","13":"instock","14":"sale","15":"taxable","16":"shipping-taxable","17":"purchasable","18":"product-type-simple"},"_links":{"self":[{"href":"https:\/\/metal-badge.ch\/fr\/wp-json\/wp\/v2\/product\/32333","targetHints":{"allow":["GET"]}}],"collection":[{"href":"https:\/\/metal-badge.ch\/fr\/wp-json\/wp\/v2\/product"}],"about":[{"href":"https:\/\/metal-badge.ch\/fr\/wp-json\/wp\/v2\/types\/product"}],"replies":[{"embeddable":true,"href":"https:\/\/metal-badge.ch\/fr\/wp-json\/wp\/v2\/comments?post=32333"}],"wp:featuredmedia":[{"embeddable":true,"href":"https:\/\/metal-badge.ch\/fr\/wp-json\/wp\/v2\/media\/32325"}],"wp:attachment":[{"href":"https:\/\/metal-badge.ch\/fr\/wp-json\/wp\/v2\/media?parent=32333"}],"wp:term":[{"taxonomy":"product_brand","embeddable":true,"href":"https:\/\/metal-badge.ch\/fr\/wp-json\/wp\/v2\/product_brand?post=32333"},{"taxonomy":"product_cat","embeddable":true,"href":"https:\/\/metal-badge.ch\/fr\/wp-json\/wp\/v2\/product_cat?post=32333"},{"taxonomy":"product_tag","embeddable":true,"href":"https:\/\/metal-badge.ch\/fr\/wp-json\/wp\/v2\/product_tag?post=32333"}],"curies":[{"name":"wp","href":"https:\/\/api.w.org\/{rel}","templated":true}]}}