{"id":32135,"date":"2016-01-05T01:48:59","date_gmt":"2016-01-05T01:48:59","guid":{"rendered":"https:\/\/shop.metal-badge.ch\/?product=etui-en-cuir-slider-pompiers-aeroport-zurich"},"modified":"2017-04-15T00:18:15","modified_gmt":"2017-04-15T00:18:15","slug":"etui-en-cuir-slider-pompiers-aeroport-zurich","status":"publish","type":"product","link":"https:\/\/metal-badge.ch\/fr\/product\/32135\/etui-en-cuir-slider-pompiers-aeroport-zurich\/","title":{"rendered":"\u00c9tui en cuir \u00ab\u00a0Slider\u201d Pompiers A\u00e9roport Zurich"},"content":{"rendered":"<p>Petit \u00e9tui pratique en cuir de b\u0153uf noir avec une fen\u00eatre de visite pour carte d&rsquo;identit\u00e9 et deux compartiments \u00e0 carte de cr\u00e9dit.<\/p>\n<p>Les compartiments \u00e0 carte de cr\u00e9dit sont suffisamment grands pour accueillir au moins 12 cartes de cr\u00e9dit par insert. L&rsquo;\u00e9tui poss\u00e8de un bouton pression \u00e0 l&rsquo;int\u00e9rieur. Pour cet \u00e9tui, le badge se trouve sur la partie ext\u00e9rieure. Sur la partie arri\u00e8re, un clip en m\u00e9tal recouvert de tissu est plac\u00e9 pour le papier-monnaie \/ les billets. \u00a0Le clip sert \u00e9galement d&rsquo;attache de ceinture et peut \u00eatre clips\u00e9 sur un chemisier, une poche de chemise. Qualit\u00e9 optimale. Dimensions : hauteur 10 cm \/ largeur 7.5 cm<\/p>\n","protected":false},"excerpt":{"rendered":"<p>Petit \u00e9tui pratique en cuir de b\u0153uf noir avec une fen\u00eatre de visite pour carte d&rsquo;identit\u00e9 et deux compartiments \u00e0 carte de cr\u00e9dit. Les compartiments \u00e0 carte de cr\u00e9dit sont suffisamment grands pour accueillir au moins 12 cartes de cr\u00e9dit par insert. L&rsquo;\u00e9tui poss\u00e8de un bouton pression \u00e0 l&rsquo;int\u00e9rieur. Pour cet \u00e9tui, le badge se [&hellip;]<\/p>\n","protected":false},"featured_media":90545,"comment_status":"open","ping_status":"closed","template":"","meta":{"inline_featured_image":false},"product_brand":[],"product_cat":[995],"product_tag":[],"class_list":{"0":"post-32135","1":"product","2":"type-product","3":"status-publish","4":"has-post-thumbnail","6":"product_cat-pompiers-aeroport-zurich","8":"first","9":"instock","10":"taxable","11":"shipping-taxable","12":"purchasable","13":"product-type-simple"},"_links":{"self":[{"href":"https:\/\/metal-badge.ch\/fr\/wp-json\/wp\/v2\/product\/32135","targetHints":{"allow":["GET"]}}],"collection":[{"href":"https:\/\/metal-badge.ch\/fr\/wp-json\/wp\/v2\/product"}],"about":[{"href":"https:\/\/metal-badge.ch\/fr\/wp-json\/wp\/v2\/types\/product"}],"replies":[{"embeddable":true,"href":"https:\/\/metal-badge.ch\/fr\/wp-json\/wp\/v2\/comments?post=32135"}],"wp:featuredmedia":[{"embeddable":true,"href":"https:\/\/metal-badge.ch\/fr\/wp-json\/wp\/v2\/media\/90545"}],"wp:attachment":[{"href":"https:\/\/metal-badge.ch\/fr\/wp-json\/wp\/v2\/media?parent=32135"}],"wp:term":[{"taxonomy":"product_brand","embeddable":true,"href":"https:\/\/metal-badge.ch\/fr\/wp-json\/wp\/v2\/product_brand?post=32135"},{"taxonomy":"product_cat","embeddable":true,"href":"https:\/\/metal-badge.ch\/fr\/wp-json\/wp\/v2\/product_cat?post=32135"},{"taxonomy":"product_tag","embeddable":true,"href":"https:\/\/metal-badge.ch\/fr\/wp-json\/wp\/v2\/product_tag?post=32135"}],"curies":[{"name":"wp","href":"https:\/\/api.w.org\/{rel}","templated":true}]}}