{"id":32124,"date":"2016-01-05T01:40:05","date_gmt":"2016-01-05T01:40:05","guid":{"rendered":"https:\/\/shop.metal-badge.ch\/?product=etui-en-cuir-slider-sapeurs-pompiers-gravure"},"modified":"2020-11-18T05:52:35","modified_gmt":"2020-11-18T04:52:35","slug":"etui-en-cuir-slider-sapeurs-pompiers-gravure","status":"publish","type":"product","link":"https:\/\/metal-badge.ch\/fr\/product\/32124\/etui-en-cuir-slider-sapeurs-pompiers-gravure\/","title":{"rendered":"\u00c9tui en cuir \u00ab\u00a0Slider\u201d Sapeurs-Pompiers, gravure"},"content":{"rendered":"<p>Petit \u00e9tui pratique en cuir de b\u0153uf noir avec une fen\u00eatre de visite pour carte d&rsquo;identit\u00e9 et deux compartiments \u00e0 carte de cr\u00e9dit.<\/p>\n<p>Les compartiments \u00e0 carte de cr\u00e9dit sont suffisamment grands pour accueillir au moins 12 cartes de cr\u00e9dit par insert. L&rsquo;\u00e9tui poss\u00e8de un bouton pression \u00e0 l&rsquo;int\u00e9rieur. Pour cet \u00e9tui, le badge se trouve sur la partie ext\u00e9rieure. Sur la partie arri\u00e8re, un clip en m\u00e9tal recouvert de tissu est plac\u00e9 pour le papier-monnaie \/ les billets. \u00a0Le clip sert \u00e9galement d&rsquo;attache de ceinture et peut \u00eatre clips\u00e9 sur un chemisier, une poche de chemise. Qualit\u00e9 optimale. Dimensions : hauteur 10 cm \/ largeur 7.5 cm<\/p>\n<p>S&rsquo;il vous pla\u00eet entrez le texte de votre gravure dans commentaires \u00e0 l&rsquo;ordre (voir troisi\u00e8me photo). La longueur maximale du texte est de 10 caract\u00e8res.<\/p>\n<p><strong><span style=\"color: #ff0000\">Attention: les badges avec gravure sont envoy\u00e9s seulement contre paiement d&rsquo;avance (pas contre-remboursement).<\/span><\/strong><\/p>\n<p>Prix gravure : 1 badge = CHF 30.-<\/p>\n<p>Prix gravure : 2 &#8211; 5 badges = CHF 25.-<\/p>\n<p>Prix gravure : 6 &#8211; 10 badges = CHF 20.-<\/p>\n<p>Prix gravure : d\u00e8s 10 pi\u00e8ces = CHF 15.-<\/p>\n<p>Pour les commandes de \u201ebadges avec gravure\u201c, le d\u00e9lai de livraison est de 3 \u00e0 4 semaines.<\/p>\n","protected":false},"excerpt":{"rendered":"<p>Petit \u00e9tui pratique en cuir de b\u0153uf noir avec une fen\u00eatre de visite pour carte d&rsquo;identit\u00e9 et deux compartiments \u00e0 carte de cr\u00e9dit. Les compartiments \u00e0 carte de cr\u00e9dit sont suffisamment grands pour accueillir au moins 12 cartes de cr\u00e9dit par insert. L&rsquo;\u00e9tui poss\u00e8de un bouton pression \u00e0 l&rsquo;int\u00e9rieur. Pour cet \u00e9tui, le badge se [&hellip;]<\/p>\n","protected":false},"featured_media":32116,"comment_status":"open","ping_status":"closed","template":"","meta":{"inline_featured_image":false},"product_brand":[],"product_cat":[1019],"product_tag":[],"class_list":{"0":"post-32124","1":"product","2":"type-product","3":"status-publish","4":"has-post-thumbnail","6":"product_cat-sapeurs-pompiers-gravures","8":"first","9":"instock","10":"taxable","11":"shipping-taxable","12":"purchasable","13":"product-type-simple"},"_links":{"self":[{"href":"https:\/\/metal-badge.ch\/fr\/wp-json\/wp\/v2\/product\/32124","targetHints":{"allow":["GET"]}}],"collection":[{"href":"https:\/\/metal-badge.ch\/fr\/wp-json\/wp\/v2\/product"}],"about":[{"href":"https:\/\/metal-badge.ch\/fr\/wp-json\/wp\/v2\/types\/product"}],"replies":[{"embeddable":true,"href":"https:\/\/metal-badge.ch\/fr\/wp-json\/wp\/v2\/comments?post=32124"}],"wp:featuredmedia":[{"embeddable":true,"href":"https:\/\/metal-badge.ch\/fr\/wp-json\/wp\/v2\/media\/32116"}],"wp:attachment":[{"href":"https:\/\/metal-badge.ch\/fr\/wp-json\/wp\/v2\/media?parent=32124"}],"wp:term":[{"taxonomy":"product_brand","embeddable":true,"href":"https:\/\/metal-badge.ch\/fr\/wp-json\/wp\/v2\/product_brand?post=32124"},{"taxonomy":"product_cat","embeddable":true,"href":"https:\/\/metal-badge.ch\/fr\/wp-json\/wp\/v2\/product_cat?post=32124"},{"taxonomy":"product_tag","embeddable":true,"href":"https:\/\/metal-badge.ch\/fr\/wp-json\/wp\/v2\/product_tag?post=32124"}],"curies":[{"name":"wp","href":"https:\/\/api.w.org\/{rel}","templated":true}]}}