{"id":32069,"date":"2016-01-04T15:08:15","date_gmt":"2016-01-04T15:08:15","guid":{"rendered":"https:\/\/shop.metal-badge.ch\/?product=camera-de-corps-de-police-a-angle-large-a-infrarouge-multifonctions-patroleyes-hd-1080p"},"modified":"2025-08-09T02:57:14","modified_gmt":"2025-08-09T00:57:14","slug":"camera-de-corps-de-police-a-angle-large-a-infrarouge-multifonctions-patroleyes-hd-1080p","status":"publish","type":"product","link":"https:\/\/metal-badge.ch\/fr\/product\/32069\/camera-de-corps-de-police-a-angle-large-a-infrarouge-multifonctions-patroleyes-hd-1080p\/","title":{"rendered":"Cam\u00e9ra de corps de police \u00e0 angle large, \u00e0 infrarouge, multifonctions PatrolEyes HD 1080P"},"content":{"rendered":"<p><a class=\"fancybox\" href=\"\/shop\/images\/added_images\/PatrolEyesHD1080P.jpg\"><img decoding=\"async\" src=\"\/shop\/images\/added_images\/PatrolEyesHD1080P.jpg\" style=\"height:auto; width:100%\" alt=\"\"><\/a> <a class=\"fancybox\" href=\"\/shop\/images\/added_images\/PatrolEyesHD1080P_2.jpg\"><img decoding=\"async\" src=\"\/shop\/images\/added_images\/PatrolEyesHD1080P_2.jpg\" style=\"height:auto; width:100%\" alt=\"\"><\/a> <a class=\"fancybox\" href=\"\/shop\/images\/added_images\/PatrolEyesHD1080P_3EN.jpg\"><img decoding=\"async\" src=\"\/shop\/images\/added_images\/PatrolEyesHD1080P_3EN.jpg\" style=\"height:auto; width:100%\" alt=\"\"><\/a><\/p>\n<div class=\"videoWrapper\"><iframe frameborder=\"0\" height=\"315\" src=\"https:\/\/www.youtube.com\/embed\/_TPRniLu4U4\" width=\"560\"><\/iframe><\/div>\n<p>PatrolEyes HD a \u00e9t\u00e9 con\u00e7ue et d\u00e9velopp\u00e9 pour les officiers de patrouilles et votre service de police avec un grand nombre d&rsquo;options (voir ci-dessous). \u00c0 partir de maintenant, assurez-vous et ayez toujours des preuves vid\u00e9o lorsque vous en avez besoin<\/p>\n<h3>Cam\u00e9ra de corps de police \u00e0 angle large, \u00e0 infrarouge, multifonctions PatrolEyes HD 1080P CHF 295.00<\/h3>\n<h3>Options Patrol Eyes<\/h3>\n<table>\n<tbody>\n<tr>\n<td style=\"width:80%\">PatrolEyes HD Police Station de charge avec transfert des donn\u00e9es<\/td>\n<td style=\"text-align:right\">CHF 399.00<\/td>\n<\/tr>\n<tr>\n<td>PatrolEyes HD Montage mural, sur voiture avec ventouse<\/td>\n<td style=\"text-align:right\">CHF 99.00<\/td>\n<\/tr>\n<tr>\n\t\t<\/tr>\n<tr>\n<td>PatrolEyes C\u00e2ble de talkie-walkie (mod\u00e8les Motorola 328 338 GP3688 GP2000 P8200 XTS 5000 )<\/td>\n<td style=\"text-align:right\">CHF 65.00<\/td>\n<\/tr>\n<tr>\n<td>PatrolEyes HD 480 Cam\u00e9ra avec bouton<\/td>\n<td style=\"text-align:right\">CHF 99.00<\/td>\n<\/tr>\n<tr>\n<td>PatrolEyes HD Adaptateur GPS<\/td>\n<td style=\"text-align:right\">CHF 65.00<\/td>\n<\/tr>\n<\/tbody>\n<\/table>\n<h3>PatrolEyes HD 1080P Cam\u00e9ra de corps de police \u00e0 angle large, \u00e0 infrarouge<\/h3>\n<p>La premi\u00e8re cam\u00e9ra de corps de police \u00e0 large angle, HD et \u00e0 infrarouge est arriv\u00e9e ! La PatrolEyes HD est une cam\u00e9ra \u00e0 placer sur le corps, haute d\u00e9finition, pour les forces de l&rsquo;ordre avec un enregistrement HD 1080p. Avec sa lentille \u00e0 140 degr\u00e9s ou 170 degr\u00e9s en mode 480p et 16 Gb ou 32Gb de stockage, elle permettre d&rsquo;enregistrer pendant plusieurs heures. En appuyant sur un seul bouton, l&rsquo;enregistrement se lanc\u00e9 mais lorsque la cam\u00e9ra est \u00e9teinte. L&rsquo;ACL int\u00e9gr\u00e9 vous permet de revoir les vid\u00e9os, les photos ou les enregistrements audio sur le terrain. La Patrol Eyes HD poss\u00e8de 3 indicateurs (vibreur, lumi\u00e8re \u00e0 LED et son) pour confirmer le d\u00e9but\/la fin des enregistrements. Elle int\u00e8gre des filigranes qu&rsquo;il n&rsquo;est pas possible de falsifier.<\/p>\n<h3>Fonctions :<\/h3>\n<h3>True 1080p High Definition<\/h3>\n<p>Avec la possibilit\u00e9 d&rsquo;enregistrer des vid\u00e9os tr\u00e8s claires HD 1080p, cette cam\u00e9ra grand angle enregistrera tous les d\u00e9tails.<\/p>\n<h3>Dur\u00e9e de vie prolong\u00e9e de la batterie<\/h3>\n<p>Enregistrement de 8 heures avec une seule charge !<\/p>\n<h3>Cam\u00e9ra 16 m\u00e9gapixels<\/h3>\n<p>Une cam\u00e9ra 16MP avec une option de prise de vue en rafale de 3 ou 5 photos, la m\u00e9moire int\u00e9gr\u00e9e peut stocker des milliers d&rsquo;images de grande qualit\u00e9 instantan\u00e9ment. \u00c9galement instantan\u00e9s lorsque la cam\u00e9ra enregistre.<\/p>\n<h3>Fonctionnement \u00e0 une touche<\/h3>\n<p>Il suffit d&rsquo;appuyer sur le bouton enregistrer pour entrer automatiquement dans le mode d&rsquo;enregistrement de vid\u00e9o.<\/p>\n<h3>Enregistrement pr\u00e9 et post \u00e9v\u00e9nement<\/h3>\n<p>Vous permet d&rsquo;enregistrer des vid\u00e9os 10 secondes avant ou apr\u00e8s le moment o\u00f9 vous appuyez sur Enregistrer de sorte \u00e0 ne manquer aucun moment.<\/p>\n<h3>Option vision de nuit<\/h3>\n<p>Les LED doubles \u00e0 infrarouge int\u00e9gr\u00e9es peuvent \u00eatre allum\u00e9es ou \u00e9teintes en appuyant sur un bouton. Enregistrement jusqu&rsquo;\u00e0 30 pieds dans la nuit noire<\/p>\n<h3>Tampon d&rsquo;heure\/date\/ID<\/h3>\n<p>Option de tampon de date et d&rsquo;heure sur chaque vid\u00e9o avec ID de l&rsquo;agent qui ne peut pas \u00eatre falsifi\u00e9e. Peut \u00eatre \u00e9galement prot\u00e9g\u00e9 par mot de passe.<\/p>\n<h3>Support externe de cam\u00e9ra<\/h3>\n<p>Support une cam\u00e9ra bouton externe en option de 5V pour les applications \u00e0 couvert.<\/p>\n<h3>Vue externe<\/h3>\n<p>L&rsquo;\u00e9cran couleur 2&Prime; ACL avec haut-parleur int\u00e9gr\u00e9 vous permet de voir les vid\u00e9os et les enregistrements audio instantan\u00e9ment. Un port de sortie AV et un port micro HDMI vous permet de voir les donn\u00e9es sur un plus grand \u00e9cran.<\/p>\n<h3>Connexion de l&rsquo;appareil<\/h3>\n<p>Lors du transfert des vid\u00e9os, les fichiers inclus ont leur propre ID d&rsquo;appareils, leurs fichiers journaux et les fichiers vid\u00e9o\/photo organis\u00e9s en dossiers de sorte \u00e0 trouver facilement les preuves n\u00e9cessaires !<\/p>\n<h3>Pointeur laser<\/h3>\n<p>En appuyant sur un bouton, un laser rouge permet de pointer les objets pour un positionnement optimal.<\/p>\n<h3>Talkie Walkie Talkie (fonction PTT)<\/h3>\n<p>La fonction PTT avec c\u00e2ble compatible vous permet de remplacer votre micro d&rsquo;\u00e9paule pour connecter la PatrolEyes HD \u00e0 votre talkie walkie. Prend en charge de nombreux mod\u00e8les de talkie walkie PTT:<\/p>\n<h3>Enregistrement continu<\/h3>\n<p>Un enregistrement continu pendant la transition de cam\u00e9ra de bord \u00e0 cam\u00e9ra de corps sans interruption.<\/p>\n<h3>Carter solide<\/h3>\n<p>R\u00e9siste aux intemp\u00e9ries et aux chutes jusqu`\u00e0 10 pieds !<\/p>\n<h3>GPS<\/h3>\n<p>Suivi des emplacements GPS avec l&rsquo;adaptateur et le logiciel en option. Les coordonn\u00e9es GPS sont int\u00e9gr\u00e9es dans le fichier vid\u00e9o.<\/p>\n<h3>Streaming 3G<\/h3>\n<p>prochainement !<br \/>\nEnvoie de vid\u00e9o live par transmetteur sans fil 3G vers tout appareil compatible<\/p>\n<h3>Sp\u00e9cifications<\/h3>\n<p>\u2022 Stockage : 16 Go ou 32 Go<br \/>\n\u2022 Fr\u00e9quence de trame : 30pfs-60fps<br \/>\n\u2022 Taux de bit vid\u00e9o : 2.5 Mb\/s<br \/>\n\u2022 Format vid\u00e9o .mov<br \/>\n\u2022 IR LED : 2 &#8211; 850NM IR LED<br \/>\n\u2022 Champ de vision : Grand angle 140\u00b0 (mode 170\u00b0 480p)<br \/>\n\u2022 Capacit\u00e9 de la batterie : 2800 mAh<br \/>\n\u2022 Connexions : USB 2.0 \/ micro HDMI \/ AV IN \/ AV OUT<br \/>\n\u2022 Dimensions : 94x61x31mm<br \/>\n\u2022 Poids : 175g<br \/>\n\u2022 Temp\u00e9rature de service : -40-60\u00b0C<br \/>\n\u2022 Humidit\u00e9 relative au travail : 40%-80%<br \/>\n\u2022 Temp\u00e9rature de stockage : -20-55\u00b0C<br \/>\n\u2022 R\u00e9sistance aux chutes : 2 m<br \/>\n\u2022 Dur\u00e9e compl\u00e8te de charge : 180 minutes<br \/>\n\u2022 Dur\u00e9e de veille : 800 minutes<br \/>\n\u2022 R\u00e9sistante aux intemp\u00e9ries : IP57<br \/>\n\u2022 Enregistrement vid\u00e9o :<br \/>\n\u00a0 1080p @30fps (1 h de tournage = 5 Go)<br \/>\n\u00a0 720p @30fps (1 h de tournage=3.6Go)<br \/>\n\u00a0 480p @30\/60fps (1 h de tournage =2.1Go)<br \/>\n\u2022 Sp\u00e9cifications sur la dur\u00e9e de vie de la batterie :<br \/>\n\u00a0 480P : 8 heures<br \/>\n\u00a0 780 P : 7.5 heures<br \/>\n\u00a0 1080P : 6.5 heures<\/p>\n<h3>Avec :<\/h3>\n<p>\u2022 PatrolEyes HD<br \/>\n\u2022 Clip de corps avec pivot en m\u00e9tal<br \/>\n\u2022 C\u00e2ble USB<br \/>\n\u2022 Chargeur mural USB<br \/>\n\u2022 Chargeur automobile USB<br \/>\n\u2022 Manuel<br \/>\n\u2022 1 an de garantie<\/p>\n","protected":false},"excerpt":{"rendered":"<p>PatrolEyes HD a \u00e9t\u00e9 con\u00e7ue et d\u00e9velopp\u00e9 pour les officiers de patrouilles et votre service de police avec un grand nombre d&rsquo;options (voir ci-dessous). \u00c0 partir de maintenant, assurez-vous et ayez toujours des preuves vid\u00e9o lorsque vous en avez besoin Cam\u00e9ra de corps de police \u00e0 angle large, \u00e0 infrarouge, multifonctions PatrolEyes HD 1080P CHF [&hellip;]<\/p>\n","protected":false},"featured_media":90551,"comment_status":"open","ping_status":"closed","template":"","meta":{"inline_featured_image":false},"product_brand":[],"product_cat":[1710],"product_tag":[1769,1777,1773,1781,1765],"class_list":{"0":"post-32069","1":"product","2":"type-product","3":"status-publish","4":"has-post-thumbnail","6":"product_cat-cameras-dash-cams-fr","7":"product_tag-army-survival-fr","8":"product_tag-camping-voyage","9":"product_tag-chasse-peche","10":"product_tag-police-securite","11":"product_tag-sport-outdoor-fr","13":"first","14":"outofstock","15":"taxable","16":"shipping-taxable","17":"purchasable","18":"product-type-simple"},"_links":{"self":[{"href":"https:\/\/metal-badge.ch\/fr\/wp-json\/wp\/v2\/product\/32069","targetHints":{"allow":["GET"]}}],"collection":[{"href":"https:\/\/metal-badge.ch\/fr\/wp-json\/wp\/v2\/product"}],"about":[{"href":"https:\/\/metal-badge.ch\/fr\/wp-json\/wp\/v2\/types\/product"}],"replies":[{"embeddable":true,"href":"https:\/\/metal-badge.ch\/fr\/wp-json\/wp\/v2\/comments?post=32069"}],"wp:featuredmedia":[{"embeddable":true,"href":"https:\/\/metal-badge.ch\/fr\/wp-json\/wp\/v2\/media\/90551"}],"wp:attachment":[{"href":"https:\/\/metal-badge.ch\/fr\/wp-json\/wp\/v2\/media?parent=32069"}],"wp:term":[{"taxonomy":"product_brand","embeddable":true,"href":"https:\/\/metal-badge.ch\/fr\/wp-json\/wp\/v2\/product_brand?post=32069"},{"taxonomy":"product_cat","embeddable":true,"href":"https:\/\/metal-badge.ch\/fr\/wp-json\/wp\/v2\/product_cat?post=32069"},{"taxonomy":"product_tag","embeddable":true,"href":"https:\/\/metal-badge.ch\/fr\/wp-json\/wp\/v2\/product_tag?post=32069"}],"curies":[{"name":"wp","href":"https:\/\/api.w.org\/{rel}","templated":true}]}}