{"id":32039,"date":"2016-01-04T11:14:06","date_gmt":"2016-01-04T11:14:06","guid":{"rendered":"https:\/\/shop.metal-badge.ch\/?product=casque-dentrainement-kh-023-mich2000"},"modified":"2016-01-04T11:16:27","modified_gmt":"2016-01-04T11:16:27","slug":"casque-dentrainement-kh-023-mich2000","status":"publish","type":"product","link":"https:\/\/metal-badge.ch\/fr\/product\/32039\/casque-dentrainement-kh-023-mich2000\/","title":{"rendered":"Casque d&rsquo;entra\u00eenement KH-023 MICH2000"},"content":{"rendered":"<p>Le casque de combat US MICH (M.I.C.H. = Modular Integrated Communications Helmet) poss\u00e8de une partie int\u00e9rieure r\u00e9glable individuelle qui apporte au porteur un confort optimal. La nuque et la partie de menton sont r\u00e9glables. Les parties lat\u00e9rales en fibre de verre sont parfaites pour placer et fixer diff\u00e9rents objets d&rsquo;\u00e9quipement. Diverses bandes autogrippantes sont plac\u00e9es sur le casque. Le support avant permet de logement les montages NVG classiques, par ex. supports de cam\u00e9ra d&rsquo;action. Le casque est concu comme un casque d&rsquo;entra\u00eenement et n&rsquo;a pas une fonction de protection<\/p>\n<p>Information sur le produit :<br \/>\nColoris : Olive<br \/>\nMat\u00e9riau : Plastique ABS<br \/>\nCourroies de menton et de nuque r\u00e9glables en longueur<br \/>\nNombreuses possibilit\u00e9s de fixation <br \/>\nPoids : 680 g. <\/p>\n","protected":false},"excerpt":{"rendered":"<p>Le casque de combat US MICH (M.I.C.H. = Modular Integrated Communications Helmet) poss\u00e8de une partie int\u00e9rieure r\u00e9glable individuelle qui apporte au porteur un confort optimal. La nuque et la partie de menton sont r\u00e9glables. Les parties lat\u00e9rales en fibre de verre sont parfaites pour placer et fixer diff\u00e9rents objets d&rsquo;\u00e9quipement. Diverses bandes autogrippantes sont plac\u00e9es [&hellip;]<\/p>\n","protected":false},"featured_media":90555,"comment_status":"open","ping_status":"closed","template":"","meta":{"inline_featured_image":false},"product_brand":[],"product_cat":[1347,1706],"product_tag":[1769,1773,1781,1765],"class_list":{"0":"post-32039","1":"product","2":"type-product","3":"status-publish","4":"has-post-thumbnail","6":"product_cat-accessoires-militaires-de-chasse","7":"product_cat-casques","8":"product_tag-army-survival-fr","9":"product_tag-chasse-peche","10":"product_tag-police-securite","11":"product_tag-sport-outdoor-fr","13":"first","14":"instock","15":"taxable","16":"shipping-taxable","17":"purchasable","18":"product-type-simple"},"_links":{"self":[{"href":"https:\/\/metal-badge.ch\/fr\/wp-json\/wp\/v2\/product\/32039","targetHints":{"allow":["GET"]}}],"collection":[{"href":"https:\/\/metal-badge.ch\/fr\/wp-json\/wp\/v2\/product"}],"about":[{"href":"https:\/\/metal-badge.ch\/fr\/wp-json\/wp\/v2\/types\/product"}],"replies":[{"embeddable":true,"href":"https:\/\/metal-badge.ch\/fr\/wp-json\/wp\/v2\/comments?post=32039"}],"wp:featuredmedia":[{"embeddable":true,"href":"https:\/\/metal-badge.ch\/fr\/wp-json\/wp\/v2\/media\/90555"}],"wp:attachment":[{"href":"https:\/\/metal-badge.ch\/fr\/wp-json\/wp\/v2\/media?parent=32039"}],"wp:term":[{"taxonomy":"product_brand","embeddable":true,"href":"https:\/\/metal-badge.ch\/fr\/wp-json\/wp\/v2\/product_brand?post=32039"},{"taxonomy":"product_cat","embeddable":true,"href":"https:\/\/metal-badge.ch\/fr\/wp-json\/wp\/v2\/product_cat?post=32039"},{"taxonomy":"product_tag","embeddable":true,"href":"https:\/\/metal-badge.ch\/fr\/wp-json\/wp\/v2\/product_tag?post=32039"}],"curies":[{"name":"wp","href":"https:\/\/api.w.org\/{rel}","templated":true}]}}