{"id":31754,"date":"2015-12-31T11:38:27","date_gmt":"2015-12-31T11:38:27","guid":{"rendered":"https:\/\/shop.metal-badge.ch\/?product=casque-dentrainement-kh-003"},"modified":"2020-08-02T01:26:35","modified_gmt":"2020-08-02T01:26:35","slug":"casque-dentrainement-kh-003","status":"publish","type":"product","link":"https:\/\/metal-badge.ch\/fr\/product\/31754\/casque-dentrainement-kh-003\/","title":{"rendered":"Casque d&rsquo;entra\u00eenement KH-003"},"content":{"rendered":"<p>Le casque FAST est relativement l\u00e9ger, r\u00e9sistant aux chocs et poss\u00e8de des pads souples pouvant \u00eatre repositionn\u00e9s. Le syst\u00e8me de maintien de la courroie de menton \u00ab\u00a0Head Loc\u00a0\u00bb int\u00e9gr\u00e9 assure une plus grande stabilit\u00e9.<br \/>\nTaille r\u00e9glable par fermeture pivotante, courroies de menton et de nuque r\u00e9glables en longueur, rembourrage int\u00e9rieur ajustable avec bande autogrippante, 2 rails plac\u00e9s sur les c\u00f4t\u00e9s pour loger diff\u00e9rents \u00e9quipements, 4 adaptateurs de fixation pour divers accessoires, montage pour les appareils de vision nocturne, aucune fonction de protection balistique ABS (plastique r\u00e9sistant aux chocs)<\/p>\n<p>Information sur le produit :<br \/>\nColoris : Noir <br \/>\nCourroies de menton et de nuque r\u00e9glables en longueur<br \/>\nNombreuses possibilit\u00e9s de fixation <br \/>\nMat\u00e9riau : Plastique ABS<br \/>\nPoids : 850 g <\/p>\n","protected":false},"excerpt":{"rendered":"<p>Le casque FAST est relativement l\u00e9ger, r\u00e9sistant aux chocs et poss\u00e8de des pads souples pouvant \u00eatre repositionn\u00e9s. Le syst\u00e8me de maintien de la courroie de menton \u00ab\u00a0Head Loc\u00a0\u00bb int\u00e9gr\u00e9 assure une plus grande stabilit\u00e9. Taille r\u00e9glable par fermeture pivotante, courroies de menton et de nuque r\u00e9glables en longueur, rembourrage int\u00e9rieur ajustable avec bande autogrippante, 2 [&hellip;]<\/p>\n","protected":false},"featured_media":55837,"comment_status":"open","ping_status":"closed","template":"","meta":{"inline_featured_image":false},"product_brand":[],"product_cat":[1706],"product_tag":[1769,1781,1765],"class_list":{"0":"post-31754","1":"product","2":"type-product","3":"status-publish","4":"has-post-thumbnail","6":"product_cat-casques","7":"product_tag-army-survival-fr","8":"product_tag-police-securite","9":"product_tag-sport-outdoor-fr","11":"first","12":"instock","13":"taxable","14":"shipping-taxable","15":"purchasable","16":"product-type-simple"},"_links":{"self":[{"href":"https:\/\/metal-badge.ch\/fr\/wp-json\/wp\/v2\/product\/31754","targetHints":{"allow":["GET"]}}],"collection":[{"href":"https:\/\/metal-badge.ch\/fr\/wp-json\/wp\/v2\/product"}],"about":[{"href":"https:\/\/metal-badge.ch\/fr\/wp-json\/wp\/v2\/types\/product"}],"replies":[{"embeddable":true,"href":"https:\/\/metal-badge.ch\/fr\/wp-json\/wp\/v2\/comments?post=31754"}],"wp:featuredmedia":[{"embeddable":true,"href":"https:\/\/metal-badge.ch\/fr\/wp-json\/wp\/v2\/media\/55837"}],"wp:attachment":[{"href":"https:\/\/metal-badge.ch\/fr\/wp-json\/wp\/v2\/media?parent=31754"}],"wp:term":[{"taxonomy":"product_brand","embeddable":true,"href":"https:\/\/metal-badge.ch\/fr\/wp-json\/wp\/v2\/product_brand?post=31754"},{"taxonomy":"product_cat","embeddable":true,"href":"https:\/\/metal-badge.ch\/fr\/wp-json\/wp\/v2\/product_cat?post=31754"},{"taxonomy":"product_tag","embeddable":true,"href":"https:\/\/metal-badge.ch\/fr\/wp-json\/wp\/v2\/product_tag?post=31754"}],"curies":[{"name":"wp","href":"https:\/\/api.w.org\/{rel}","templated":true}]}}