{"id":31432,"date":"2015-12-21T15:43:26","date_gmt":"2015-12-21T15:43:26","guid":{"rendered":"https:\/\/shop.metal-badge.ch\/?product=photographer-etiquette-de-marquage"},"modified":"2021-03-27T10:19:06","modified_gmt":"2021-03-27T09:19:06","slug":"photographer-etiquette-de-marquage","status":"publish","type":"product","link":"https:\/\/metal-badge.ch\/fr\/product\/31432\/photographer-etiquette-de-marquage\/","title":{"rendered":"PHOTOGRAPHER \u00c9tiquette de marquage"},"content":{"rendered":"<h3>\u00c9tiquette de marquage pour v\u00eatements avec velcro \u00e0 l&rsquo;arri\u00e8re.<\/h3>\n<p>L&rsquo;\u00e9tiquette est pourvue d&rsquo;un velcro \u00e0 l&rsquo;arri\u00e8re. L&rsquo;\u00e9tiquette est r\u00e9fl\u00e9chissante en bleu \/ blanc. Les \u00e9tiquetes suivantes peuvent \u00eatre livr\u00e9es d\u00e8s maintenant.<\/p>\n<p>Taille de l&rsquo;\u00e9tiquette : grande : 10 cm x 30 cm \/ petite : 4 cm x 12 cm<br \/>\nCouleur : bleu, blanc<\/p>\n<p>Contactez-nous pour des inscriptions sur demande.<\/p>\n","protected":false},"excerpt":{"rendered":"<p>\u00c9tiquette de marquage pour v\u00eatements avec velcro \u00e0 l&rsquo;arri\u00e8re. L&rsquo;\u00e9tiquette est pourvue d&rsquo;un velcro \u00e0 l&rsquo;arri\u00e8re. L&rsquo;\u00e9tiquette est r\u00e9fl\u00e9chissante en bleu \/ blanc. Les \u00e9tiquetes suivantes peuvent \u00eatre livr\u00e9es d\u00e8s maintenant. Taille de l&rsquo;\u00e9tiquette : grande : 10 cm x 30 cm \/ petite : 4 cm x 12 cm Couleur : bleu, blanc Contactez-nous [&hellip;]<\/p>\n","protected":false},"featured_media":90705,"comment_status":"open","ping_status":"closed","template":"","meta":{"inline_featured_image":false},"product_brand":[],"product_cat":[2182,1666],"product_tag":[1781],"class_list":{"0":"post-31432","1":"product","2":"type-product","3":"status-publish","4":"has-post-thumbnail","6":"product_cat-etiquette-de-marquage","7":"product_cat-signes-etiquettes-velcro","8":"product_tag-police-securite","10":"first","11":"instock","12":"taxable","13":"shipping-taxable","14":"purchasable","15":"product-type-simple"},"_links":{"self":[{"href":"https:\/\/metal-badge.ch\/fr\/wp-json\/wp\/v2\/product\/31432","targetHints":{"allow":["GET"]}}],"collection":[{"href":"https:\/\/metal-badge.ch\/fr\/wp-json\/wp\/v2\/product"}],"about":[{"href":"https:\/\/metal-badge.ch\/fr\/wp-json\/wp\/v2\/types\/product"}],"replies":[{"embeddable":true,"href":"https:\/\/metal-badge.ch\/fr\/wp-json\/wp\/v2\/comments?post=31432"}],"wp:featuredmedia":[{"embeddable":true,"href":"https:\/\/metal-badge.ch\/fr\/wp-json\/wp\/v2\/media\/90705"}],"wp:attachment":[{"href":"https:\/\/metal-badge.ch\/fr\/wp-json\/wp\/v2\/media?parent=31432"}],"wp:term":[{"taxonomy":"product_brand","embeddable":true,"href":"https:\/\/metal-badge.ch\/fr\/wp-json\/wp\/v2\/product_brand?post=31432"},{"taxonomy":"product_cat","embeddable":true,"href":"https:\/\/metal-badge.ch\/fr\/wp-json\/wp\/v2\/product_cat?post=31432"},{"taxonomy":"product_tag","embeddable":true,"href":"https:\/\/metal-badge.ch\/fr\/wp-json\/wp\/v2\/product_tag?post=31432"}],"curies":[{"name":"wp","href":"https:\/\/api.w.org\/{rel}","templated":true}]}}