{"id":31396,"date":"2015-10-17T16:25:03","date_gmt":"2015-10-17T16:25:03","guid":{"rendered":"https:\/\/shop.metal-badge.ch\/?product=presentoir-de-table-0011"},"modified":"2015-10-17T16:28:16","modified_gmt":"2015-10-17T16:28:16","slug":"presentoir-de-table-0011","status":"publish","type":"product","link":"https:\/\/metal-badge.ch\/fr\/product\/31396\/presentoir-de-table-0011\/","title":{"rendered":"Pr\u00e9sentoir de table 0011"},"content":{"rendered":"<p>Ce pr\u00e9sentoir de table peut \u00eatre utilis\u00e9 des deux c\u00f4t\u00e9s<br \/>\nPour ce pr\u00e9sentoir de table, le nom \/ logo peut \u00eatre \u00e9chang\u00e9 sur les pr\u00e9sentoirs en papier<br \/>\nCouleur : argent mat<br \/>\nDimensions : Hauteur 8.5 cm x 12 cm de largeur<br \/>\nMat\u00e9riau : Socle aluminium<br \/>\nFen\u00eatre \/ mat\u00e9riau : Plastique PMMA<br \/>\nPoids : 115 g.<br \/>\n<span class=\"anfrage\">Sur demande, nous r\u00e9alisons \u00e9galement l\u2019inscription, impression et logo. <\/span><br \/>\n<a class=\"fancybox-iframe button\" title=\"Info sur l'impression et logo\" href=\"https:\/\/metal-badge.ch\/wp-content\/themes\/shopkeeper-child\/iFrame\/Datenaufbereitung_fr.php\" id=\"iFrameButton1\" >Info sur l&rsquo;impression et logo<\/a><br \/>\n<a class=\"fancybox-iframe button\" href=\"https:\/\/metal-badge.ch\/wp-content\/themes\/shopkeeper-child\/iFrame\/Uebersicht_fr.pdf\" title=\"Aper\u00e7u plaques nominatives\" id=\"iFrameButton2\">Aper\u00e7u plaques nominatives<\/a><br \/>\n<br class=\"clear\" \/><\/p>\n","protected":false},"excerpt":{"rendered":"<p>Ce pr\u00e9sentoir de table peut \u00eatre utilis\u00e9 des deux c\u00f4t\u00e9s Pour ce pr\u00e9sentoir de table, le nom \/ logo peut \u00eatre \u00e9chang\u00e9 sur les pr\u00e9sentoirs en papier Couleur : argent mat Dimensions : Hauteur 8.5 cm x 12 cm de largeur Mat\u00e9riau : Socle aluminium Fen\u00eatre \/ mat\u00e9riau : Plastique PMMA Poids : 115 g. [&hellip;]<\/p>\n","protected":false},"featured_media":90715,"comment_status":"open","ping_status":"closed","template":"","meta":{"inline_featured_image":false},"product_brand":[],"product_cat":[1079],"product_tag":[],"class_list":{"0":"post-31396","1":"product","2":"type-product","3":"status-publish","4":"has-post-thumbnail","6":"product_cat-chevalets-de-table","8":"first","9":"instock","10":"taxable","11":"shipping-taxable","12":"purchasable","13":"product-type-simple"},"_links":{"self":[{"href":"https:\/\/metal-badge.ch\/fr\/wp-json\/wp\/v2\/product\/31396","targetHints":{"allow":["GET"]}}],"collection":[{"href":"https:\/\/metal-badge.ch\/fr\/wp-json\/wp\/v2\/product"}],"about":[{"href":"https:\/\/metal-badge.ch\/fr\/wp-json\/wp\/v2\/types\/product"}],"replies":[{"embeddable":true,"href":"https:\/\/metal-badge.ch\/fr\/wp-json\/wp\/v2\/comments?post=31396"}],"wp:featuredmedia":[{"embeddable":true,"href":"https:\/\/metal-badge.ch\/fr\/wp-json\/wp\/v2\/media\/90715"}],"wp:attachment":[{"href":"https:\/\/metal-badge.ch\/fr\/wp-json\/wp\/v2\/media?parent=31396"}],"wp:term":[{"taxonomy":"product_brand","embeddable":true,"href":"https:\/\/metal-badge.ch\/fr\/wp-json\/wp\/v2\/product_brand?post=31396"},{"taxonomy":"product_cat","embeddable":true,"href":"https:\/\/metal-badge.ch\/fr\/wp-json\/wp\/v2\/product_cat?post=31396"},{"taxonomy":"product_tag","embeddable":true,"href":"https:\/\/metal-badge.ch\/fr\/wp-json\/wp\/v2\/product_tag?post=31396"}],"curies":[{"name":"wp","href":"https:\/\/api.w.org\/{rel}","templated":true}]}}