{"id":31382,"date":"2015-10-17T16:13:01","date_gmt":"2015-10-17T16:13:01","guid":{"rendered":"https:\/\/shop.metal-badge.ch\/?product=presentoir-de-table-0009"},"modified":"2015-10-17T16:24:21","modified_gmt":"2015-10-17T16:24:21","slug":"presentoir-de-table-0009","status":"publish","type":"product","link":"https:\/\/metal-badge.ch\/fr\/product\/31382\/presentoir-de-table-0009\/","title":{"rendered":"Pr\u00e9sentoir de table 0009"},"content":{"rendered":"<p>Pour ce pr\u00e9sentoir de table, le nom \/ logo peut \u00eatre \u00e9chang\u00e9 sur les pr\u00e9sentoirs en papier<br \/>\nCouleur : argent mat<br \/>\nDimensions : Hauteur 55 mm x 70 mm de largeur<br \/>\nMat\u00e9riau : Aluminium<br \/>\nFen\u00eatre \/ mat\u00e9riau : Plastique PMMA<br \/>\nPoids : 50 g.<br \/>\n<span class=\"anfrage\">Sur demande, nous r\u00e9alisons \u00e9galement l\u2019inscription, impression et logo. <\/span><br \/>\n<a class=\"fancybox-iframe button\" title=\"Info sur l'impression et logo\" href=\"https:\/\/metal-badge.ch\/wp-content\/themes\/shopkeeper-child\/iFrame\/Datenaufbereitung_fr.php\" id=\"iFrameButton1\" >Info sur l&rsquo;impression et logo<\/a><br \/>\n<a class=\"fancybox-iframe button\" href=\"https:\/\/metal-badge.ch\/wp-content\/themes\/shopkeeper-child\/iFrame\/Uebersicht_fr.pdf\" title=\"Aper\u00e7u plaques nominatives\" id=\"iFrameButton2\">Aper\u00e7u plaques nominatives<\/a><br \/>\n<br class=\"clear\" \/><\/p>\n","protected":false},"excerpt":{"rendered":"<p>Pour ce pr\u00e9sentoir de table, le nom \/ logo peut \u00eatre \u00e9chang\u00e9 sur les pr\u00e9sentoirs en papier Couleur : argent mat Dimensions : Hauteur 55 mm x 70 mm de largeur Mat\u00e9riau : Aluminium Fen\u00eatre \/ mat\u00e9riau : Plastique PMMA Poids : 50 g. Sur demande, nous r\u00e9alisons \u00e9galement l\u2019inscription, impression et logo. Info sur [&hellip;]<\/p>\n","protected":false},"featured_media":90719,"comment_status":"open","ping_status":"closed","template":"","meta":{"inline_featured_image":false},"product_brand":[],"product_cat":[1079],"product_tag":[],"class_list":{"0":"post-31382","1":"product","2":"type-product","3":"status-publish","4":"has-post-thumbnail","6":"product_cat-chevalets-de-table","8":"first","9":"instock","10":"taxable","11":"shipping-taxable","12":"purchasable","13":"product-type-simple"},"_links":{"self":[{"href":"https:\/\/metal-badge.ch\/fr\/wp-json\/wp\/v2\/product\/31382","targetHints":{"allow":["GET"]}}],"collection":[{"href":"https:\/\/metal-badge.ch\/fr\/wp-json\/wp\/v2\/product"}],"about":[{"href":"https:\/\/metal-badge.ch\/fr\/wp-json\/wp\/v2\/types\/product"}],"replies":[{"embeddable":true,"href":"https:\/\/metal-badge.ch\/fr\/wp-json\/wp\/v2\/comments?post=31382"}],"wp:featuredmedia":[{"embeddable":true,"href":"https:\/\/metal-badge.ch\/fr\/wp-json\/wp\/v2\/media\/90719"}],"wp:attachment":[{"href":"https:\/\/metal-badge.ch\/fr\/wp-json\/wp\/v2\/media?parent=31382"}],"wp:term":[{"taxonomy":"product_brand","embeddable":true,"href":"https:\/\/metal-badge.ch\/fr\/wp-json\/wp\/v2\/product_brand?post=31382"},{"taxonomy":"product_cat","embeddable":true,"href":"https:\/\/metal-badge.ch\/fr\/wp-json\/wp\/v2\/product_cat?post=31382"},{"taxonomy":"product_tag","embeddable":true,"href":"https:\/\/metal-badge.ch\/fr\/wp-json\/wp\/v2\/product_tag?post=31382"}],"curies":[{"name":"wp","href":"https:\/\/api.w.org\/{rel}","templated":true}]}}