{"id":31369,"date":"2015-10-17T14:17:19","date_gmt":"2015-10-17T14:17:19","guid":{"rendered":"https:\/\/shop.metal-badge.ch\/?product=presentoir-de-table-0007"},"modified":"2020-10-18T14:00:55","modified_gmt":"2020-10-18T12:00:55","slug":"presentoir-de-table-0007","status":"publish","type":"product","link":"https:\/\/metal-badge.ch\/fr\/product\/31369\/presentoir-de-table-0007\/","title":{"rendered":"Pr\u00e9sentoir de table 0007"},"content":{"rendered":"<p>Pour ce pr\u00e9sentoir de table, le nom \/ logo peut \u00eatre \u00e9chang\u00e9 sur les pr\u00e9sentoirs en papier<br \/>\nPanneaux aux dimensions du client possibles.<br \/>\nSi besoin de badges en m\u00e9tal, merci de nous contacter.<br \/>\nMod\u00e8le standard, uniquement le socle.<br \/>\nCouleur : argent mat<br \/>\nDimensions : Hauteur 25 mm x 50 mm de largeur<br \/>\nMat\u00e9riau : Aluminium<br \/>\nPoids : 32 g.<\/p>\n<p>Sur demande, nous faisons \u00e9galement des panneaux en m\u00e9tal. <\/p>\n<p><img decoding=\"async\" src=\"https:\/\/metal-badge.ch\/wp-content\/uploads\/2015\/10\/Namenschilder_in_Metall_500px.jpg\" alt=\"Namenschilder Metall \" width=\"500\" height=\"333\" class=\"alignnone size-full wp-image-72291\" srcset=\"https:\/\/metal-badge.ch\/wp-content\/uploads\/2015\/10\/Namenschilder_in_Metall_500px.jpg 500w, https:\/\/metal-badge.ch\/wp-content\/uploads\/2015\/10\/Namenschilder_in_Metall_500px-360x240.jpg 360w, https:\/\/metal-badge.ch\/wp-content\/uploads\/2015\/10\/Namenschilder_in_Metall_500px-64x43.jpg 64w, https:\/\/metal-badge.ch\/wp-content\/uploads\/2015\/10\/Namenschilder_in_Metall_500px-300x200.jpg 300w, https:\/\/metal-badge.ch\/wp-content\/uploads\/2015\/10\/Namenschilder_in_Metall_500px-150x100.jpg 150w, https:\/\/metal-badge.ch\/wp-content\/uploads\/2015\/10\/Namenschilder_in_Metall_500px-90x60.jpg 90w, https:\/\/metal-badge.ch\/wp-content\/uploads\/2015\/10\/Namenschilder_in_Metall_500px-135x90.jpg 135w\" sizes=\"(max-width: 500px) 100vw, 500px\" \/><br \/>\n<br \/>\n<span class=\"anfrage\">Sur demande, nous r\u00e9alisons \u00e9galement l\u2019inscription, impression et logo. <\/span><br \/>\n<a class=\"fancybox-iframe button\" title=\"Info sur l'impression et logo\" href=\"https:\/\/metal-badge.ch\/wp-content\/themes\/shopkeeper-child\/iFrame\/Datenaufbereitung_fr.php\" id=\"iFrameButton1\" >Info sur l&rsquo;impression et logo<\/a><br \/>\n<a class=\"fancybox-iframe button\" href=\"https:\/\/metal-badge.ch\/wp-content\/themes\/shopkeeper-child\/iFrame\/Uebersicht_fr.pdf\" title=\"Aper\u00e7u plaques nominatives\" id=\"iFrameButton2\">Aper\u00e7u plaques nominatives<\/a><br \/>\n<br class=\"clear\" \/><\/p>\n","protected":false},"excerpt":{"rendered":"<p>Pour ce pr\u00e9sentoir de table, le nom \/ logo peut \u00eatre \u00e9chang\u00e9 sur les pr\u00e9sentoirs en papier Panneaux aux dimensions du client possibles. Si besoin de badges en m\u00e9tal, merci de nous contacter. Mod\u00e8le standard, uniquement le socle. Couleur : argent mat Dimensions : Hauteur 25 mm x 50 mm de largeur Mat\u00e9riau : Aluminium [&hellip;]<\/p>\n","protected":false},"featured_media":31366,"comment_status":"open","ping_status":"closed","template":"","meta":{"inline_featured_image":false},"product_brand":[],"product_cat":[1079],"product_tag":[],"class_list":{"0":"post-31369","1":"product","2":"type-product","3":"status-publish","4":"has-post-thumbnail","6":"product_cat-chevalets-de-table","8":"first","9":"instock","10":"taxable","11":"shipping-taxable","12":"purchasable","13":"product-type-simple"},"_links":{"self":[{"href":"https:\/\/metal-badge.ch\/fr\/wp-json\/wp\/v2\/product\/31369","targetHints":{"allow":["GET"]}}],"collection":[{"href":"https:\/\/metal-badge.ch\/fr\/wp-json\/wp\/v2\/product"}],"about":[{"href":"https:\/\/metal-badge.ch\/fr\/wp-json\/wp\/v2\/types\/product"}],"replies":[{"embeddable":true,"href":"https:\/\/metal-badge.ch\/fr\/wp-json\/wp\/v2\/comments?post=31369"}],"wp:featuredmedia":[{"embeddable":true,"href":"https:\/\/metal-badge.ch\/fr\/wp-json\/wp\/v2\/media\/31366"}],"wp:attachment":[{"href":"https:\/\/metal-badge.ch\/fr\/wp-json\/wp\/v2\/media?parent=31369"}],"wp:term":[{"taxonomy":"product_brand","embeddable":true,"href":"https:\/\/metal-badge.ch\/fr\/wp-json\/wp\/v2\/product_brand?post=31369"},{"taxonomy":"product_cat","embeddable":true,"href":"https:\/\/metal-badge.ch\/fr\/wp-json\/wp\/v2\/product_cat?post=31369"},{"taxonomy":"product_tag","embeddable":true,"href":"https:\/\/metal-badge.ch\/fr\/wp-json\/wp\/v2\/product_tag?post=31369"}],"curies":[{"name":"wp","href":"https:\/\/api.w.org\/{rel}","templated":true}]}}