{"id":31363,"date":"2015-10-17T14:07:09","date_gmt":"2015-10-17T14:07:09","guid":{"rendered":"https:\/\/shop.metal-badge.ch\/?product=presentoir-de-table-0006"},"modified":"2015-10-17T14:12:03","modified_gmt":"2015-10-17T14:12:03","slug":"presentoir-de-table-0006","status":"publish","type":"product","link":"https:\/\/metal-badge.ch\/fr\/product\/31363\/presentoir-de-table-0006\/","title":{"rendered":"Pr\u00e9sentoir de table 0006"},"content":{"rendered":"<p>Pour ce pr\u00e9sentoir de table, le nom \/ logo peut \u00eatre \u00e9chang\u00e9 sur les pr\u00e9sentoirs en papier<br \/>\nSur demande, nous faisons \u00e9galement des panneaux en m\u00e9tal. <br \/>\nPanneaux aux dimensions du client possibles.<br \/>\nSi besoin de badges en m\u00e9tal, merci de nous contacter.<br \/>\nMod\u00e8le standard, uniquement le socle.<br \/>\nCouleur : noir mat <br \/>\nDimensions : Hauteur 15 mm x 50 mm de largeur \/ profondeur en bas 35 mm<br \/>\nMat\u00e9riau : Aluminium<br \/>\n<span class=\"anfrage\">Sur demande, nous r\u00e9alisons \u00e9galement l\u2019inscription, impression et logo. <\/span><br \/>\n<a class=\"fancybox-iframe button\" title=\"Info sur l'impression et logo\" href=\"https:\/\/metal-badge.ch\/wp-content\/themes\/shopkeeper-child\/iFrame\/Datenaufbereitung_fr.php\" id=\"iFrameButton1\" >Info sur l&rsquo;impression et logo<\/a><br \/>\n<a class=\"fancybox-iframe button\" href=\"https:\/\/metal-badge.ch\/wp-content\/themes\/shopkeeper-child\/iFrame\/Uebersicht_fr.pdf\" title=\"Aper\u00e7u plaques nominatives\" id=\"iFrameButton2\">Aper\u00e7u plaques nominatives<\/a><br \/>\n<br class=\"clear\" \/><\/p>\n","protected":false},"excerpt":{"rendered":"<p>Pour ce pr\u00e9sentoir de table, le nom \/ logo peut \u00eatre \u00e9chang\u00e9 sur les pr\u00e9sentoirs en papier Sur demande, nous faisons \u00e9galement des panneaux en m\u00e9tal. Panneaux aux dimensions du client possibles. Si besoin de badges en m\u00e9tal, merci de nous contacter. Mod\u00e8le standard, uniquement le socle. Couleur : noir mat Dimensions : Hauteur 15 [&hellip;]<\/p>\n","protected":false},"featured_media":90723,"comment_status":"open","ping_status":"closed","template":"","meta":{"inline_featured_image":false},"product_brand":[],"product_cat":[1079],"product_tag":[],"class_list":{"0":"post-31363","1":"product","2":"type-product","3":"status-publish","4":"has-post-thumbnail","6":"product_cat-chevalets-de-table","8":"first","9":"instock","10":"taxable","11":"shipping-taxable","12":"purchasable","13":"product-type-simple"},"_links":{"self":[{"href":"https:\/\/metal-badge.ch\/fr\/wp-json\/wp\/v2\/product\/31363","targetHints":{"allow":["GET"]}}],"collection":[{"href":"https:\/\/metal-badge.ch\/fr\/wp-json\/wp\/v2\/product"}],"about":[{"href":"https:\/\/metal-badge.ch\/fr\/wp-json\/wp\/v2\/types\/product"}],"replies":[{"embeddable":true,"href":"https:\/\/metal-badge.ch\/fr\/wp-json\/wp\/v2\/comments?post=31363"}],"wp:featuredmedia":[{"embeddable":true,"href":"https:\/\/metal-badge.ch\/fr\/wp-json\/wp\/v2\/media\/90723"}],"wp:attachment":[{"href":"https:\/\/metal-badge.ch\/fr\/wp-json\/wp\/v2\/media?parent=31363"}],"wp:term":[{"taxonomy":"product_brand","embeddable":true,"href":"https:\/\/metal-badge.ch\/fr\/wp-json\/wp\/v2\/product_brand?post=31363"},{"taxonomy":"product_cat","embeddable":true,"href":"https:\/\/metal-badge.ch\/fr\/wp-json\/wp\/v2\/product_cat?post=31363"},{"taxonomy":"product_tag","embeddable":true,"href":"https:\/\/metal-badge.ch\/fr\/wp-json\/wp\/v2\/product_tag?post=31363"}],"curies":[{"name":"wp","href":"https:\/\/api.w.org\/{rel}","templated":true}]}}