{"id":31254,"date":"2015-10-16T16:27:21","date_gmt":"2015-10-16T16:27:21","guid":{"rendered":"https:\/\/shop.metal-badge.ch\/?product=badge-nominatif-0072-argent-mat"},"modified":"2020-11-08T13:51:00","modified_gmt":"2020-11-08T12:51:00","slug":"badge-nominatif-0072-argent-mat","status":"publish","type":"product","link":"https:\/\/metal-badge.ch\/fr\/product\/31254\/badge-nominatif-0072-argent-mat\/","title":{"rendered":"Badge nominatif 0072 argent mat"},"content":{"rendered":"<p>Profil : Plat avec cadre de 3 mm.<br \/>\nSur ces badges, le nom peut \u00eatre remplac\u00e9 gr\u00e2ce aux inserts en papier.<br \/>\nCouleur : argent mat<br \/>\nDimensions : 38 mm  x  38 mm \/ Dimensions int\u00e9rieures<br \/>\nMat\u00e9riau : ABS plastique \/ polycarbonate<br \/>\nPoids : env. 20 g<br \/>\nCache avant : Fen\u00eatre en plexiglas \u00e0 ins\u00e9rer<br \/>\nFixation : Aimant ou \u00e9pingle de s\u00fbret\u00e9<br \/>\n<span class=\"anfrage\">Sur demande, nous r\u00e9alisons \u00e9galement l\u2019inscription, impression et logo. <\/span><br \/>\n<a class=\"fancybox-iframe button\" title=\"Info sur l'impression et logo\" href=\"https:\/\/metal-badge.ch\/wp-content\/themes\/shopkeeper-child\/iFrame\/Datenaufbereitung_fr.php\" id=\"iFrameButton1\" >Info sur l&rsquo;impression et logo<\/a><br \/>\n<a class=\"fancybox-iframe button\" href=\"https:\/\/metal-badge.ch\/wp-content\/themes\/shopkeeper-child\/iFrame\/Uebersicht_fr.pdf\" title=\"Aper\u00e7u plaques nominatives\" id=\"iFrameButton2\">Aper\u00e7u plaques nominatives<\/a><br \/>\n<br class=\"clear\" \/><\/p>\n","protected":false},"excerpt":{"rendered":"<p>Profil : Plat avec cadre de 3 mm. Sur ces badges, le nom peut \u00eatre remplac\u00e9 gr\u00e2ce aux inserts en papier. Couleur : argent mat Dimensions : 38 mm x 38 mm \/ Dimensions int\u00e9rieures Mat\u00e9riau : ABS plastique \/ polycarbonate Poids : env. 20 g Cache avant : Fen\u00eatre en plexiglas \u00e0 ins\u00e9rer Fixation [&hellip;]<\/p>\n","protected":false},"featured_media":31250,"comment_status":"open","ping_status":"closed","template":"","meta":{"inline_featured_image":false},"product_brand":[],"product_cat":[1087],"product_tag":[],"class_list":{"0":"post-31254","1":"product","2":"type-product","3":"status-publish","4":"has-post-thumbnail","6":"product_cat-badges-nominatifs","8":"first","9":"instock","10":"taxable","11":"shipping-taxable","12":"purchasable","13":"product-type-simple"},"_links":{"self":[{"href":"https:\/\/metal-badge.ch\/fr\/wp-json\/wp\/v2\/product\/31254","targetHints":{"allow":["GET"]}}],"collection":[{"href":"https:\/\/metal-badge.ch\/fr\/wp-json\/wp\/v2\/product"}],"about":[{"href":"https:\/\/metal-badge.ch\/fr\/wp-json\/wp\/v2\/types\/product"}],"replies":[{"embeddable":true,"href":"https:\/\/metal-badge.ch\/fr\/wp-json\/wp\/v2\/comments?post=31254"}],"wp:featuredmedia":[{"embeddable":true,"href":"https:\/\/metal-badge.ch\/fr\/wp-json\/wp\/v2\/media\/31250"}],"wp:attachment":[{"href":"https:\/\/metal-badge.ch\/fr\/wp-json\/wp\/v2\/media?parent=31254"}],"wp:term":[{"taxonomy":"product_brand","embeddable":true,"href":"https:\/\/metal-badge.ch\/fr\/wp-json\/wp\/v2\/product_brand?post=31254"},{"taxonomy":"product_cat","embeddable":true,"href":"https:\/\/metal-badge.ch\/fr\/wp-json\/wp\/v2\/product_cat?post=31254"},{"taxonomy":"product_tag","embeddable":true,"href":"https:\/\/metal-badge.ch\/fr\/wp-json\/wp\/v2\/product_tag?post=31254"}],"curies":[{"name":"wp","href":"https:\/\/api.w.org\/{rel}","templated":true}]}}