{"id":31160,"date":"2015-10-16T12:00:33","date_gmt":"2015-10-16T12:00:33","guid":{"rendered":"https:\/\/shop.metal-badge.ch\/?product=badge-nominatif-0069-jaune-mat"},"modified":"2020-11-08T14:11:02","modified_gmt":"2020-11-08T13:11:02","slug":"badge-nominatif-0069-jaune-mat","status":"publish","type":"product","link":"https:\/\/metal-badge.ch\/fr\/product\/31160\/badge-nominatif-0069-jaune-mat\/","title":{"rendered":"Badge nominatif 0069 jaune mat"},"content":{"rendered":"<p>Profil : de forme l\u00e9g\u00e8rement bomb\u00e9e<br \/>\nSur ces badges pratiques, le nom peut \u00eatre facilement remplac\u00e9 gr\u00e2ce aux inserts en papier.<br \/>\nCouleur : jaune mat<br \/>\nDimensions : 65 x 30 mm<br \/>\nMat\u00e9riau : ABS plastique \/ polycarbonate<br \/>\nPoids : env. 18 g<br \/>\nCache avant : Fen\u00eatre en plexiglas \u00e0 ins\u00e9rer<br \/>\nFixation : Aimant<br \/>\n<span class=\"anfrage\">Sur demande, nous r\u00e9alisons \u00e9galement l\u2019inscription, impression et logo. <\/span><br \/>\n<a class=\"fancybox-iframe button\" title=\"Info sur l'impression et logo\" href=\"https:\/\/metal-badge.ch\/wp-content\/themes\/shopkeeper-child\/iFrame\/Datenaufbereitung_fr.php\" id=\"iFrameButton1\" >Info sur l&rsquo;impression et logo<\/a><br \/>\n<a class=\"fancybox-iframe button\" href=\"https:\/\/metal-badge.ch\/wp-content\/themes\/shopkeeper-child\/iFrame\/Uebersicht_fr.pdf\" title=\"Aper\u00e7u plaques nominatives\" id=\"iFrameButton2\">Aper\u00e7u plaques nominatives<\/a><br \/>\n<br class=\"clear\" \/><\/p>\n","protected":false},"excerpt":{"rendered":"<p>Profil : de forme l\u00e9g\u00e8rement bomb\u00e9e Sur ces badges pratiques, le nom peut \u00eatre facilement remplac\u00e9 gr\u00e2ce aux inserts en papier. Couleur : jaune mat Dimensions : 65 x 30 mm Mat\u00e9riau : ABS plastique \/ polycarbonate Poids : env. 18 g Cache avant : Fen\u00eatre en plexiglas \u00e0 ins\u00e9rer Fixation : Aimant Sur demande, [&hellip;]<\/p>\n","protected":false},"featured_media":31156,"comment_status":"open","ping_status":"closed","template":"","meta":{"inline_featured_image":false},"product_brand":[],"product_cat":[1087],"product_tag":[],"class_list":{"0":"post-31160","1":"product","2":"type-product","3":"status-publish","4":"has-post-thumbnail","6":"product_cat-badges-nominatifs","8":"first","9":"instock","10":"taxable","11":"shipping-taxable","12":"purchasable","13":"product-type-simple"},"_links":{"self":[{"href":"https:\/\/metal-badge.ch\/fr\/wp-json\/wp\/v2\/product\/31160","targetHints":{"allow":["GET"]}}],"collection":[{"href":"https:\/\/metal-badge.ch\/fr\/wp-json\/wp\/v2\/product"}],"about":[{"href":"https:\/\/metal-badge.ch\/fr\/wp-json\/wp\/v2\/types\/product"}],"replies":[{"embeddable":true,"href":"https:\/\/metal-badge.ch\/fr\/wp-json\/wp\/v2\/comments?post=31160"}],"wp:featuredmedia":[{"embeddable":true,"href":"https:\/\/metal-badge.ch\/fr\/wp-json\/wp\/v2\/media\/31156"}],"wp:attachment":[{"href":"https:\/\/metal-badge.ch\/fr\/wp-json\/wp\/v2\/media?parent=31160"}],"wp:term":[{"taxonomy":"product_brand","embeddable":true,"href":"https:\/\/metal-badge.ch\/fr\/wp-json\/wp\/v2\/product_brand?post=31160"},{"taxonomy":"product_cat","embeddable":true,"href":"https:\/\/metal-badge.ch\/fr\/wp-json\/wp\/v2\/product_cat?post=31160"},{"taxonomy":"product_tag","embeddable":true,"href":"https:\/\/metal-badge.ch\/fr\/wp-json\/wp\/v2\/product_tag?post=31160"}],"curies":[{"name":"wp","href":"https:\/\/api.w.org\/{rel}","templated":true}]}}