{"id":31072,"date":"2015-10-14T14:47:21","date_gmt":"2015-10-14T14:47:21","guid":{"rendered":"https:\/\/shop.metal-badge.ch\/?product=badge-nominatif-0063-or-mat"},"modified":"2020-11-08T14:52:26","modified_gmt":"2020-11-08T13:52:26","slug":"badge-nominatif-0063-or-mat","status":"publish","type":"product","link":"https:\/\/metal-badge.ch\/fr\/product\/31072\/badge-nominatif-0063-or-mat\/","title":{"rendered":"Badge nominatif 0063 or mat"},"content":{"rendered":"<p>Profil : plat<br \/>\nCouleur : or mat<br \/>\nDimensions : 72 x 38 mm<br \/>\nDimensions fen\u00eatre : 62.5 x 10 mm<br \/>\nMat\u00e9riau : plastique polycarbonate \/ ABS<br \/>\nInscription possible avec insert de papier.<br \/>\nCache devant : Fen\u00eatre acrylique<br \/>\nPoids : env. 24 g<br \/>\nFixation : Aimant<br \/>\n<span class=\"anfrage\">Sur demande, nous r\u00e9alisons \u00e9galement l\u2019inscription, impression et logo. <\/span><br \/>\n<a class=\"fancybox-iframe button\" title=\"Info sur l'impression et logo\" href=\"https:\/\/metal-badge.ch\/wp-content\/themes\/shopkeeper-child\/iFrame\/Datenaufbereitung_fr.php\" id=\"iFrameButton1\" >Info sur l&rsquo;impression et logo<\/a><br \/>\n<a class=\"fancybox-iframe button\" href=\"https:\/\/metal-badge.ch\/wp-content\/themes\/shopkeeper-child\/iFrame\/Uebersicht_fr.pdf\" title=\"Aper\u00e7u plaques nominatives\" id=\"iFrameButton2\">Aper\u00e7u plaques nominatives<\/a><br \/>\n<br class=\"clear\" \/><\/p>\n","protected":false},"excerpt":{"rendered":"<p>Profil : plat Couleur : or mat Dimensions : 72 x 38 mm Dimensions fen\u00eatre : 62.5 x 10 mm Mat\u00e9riau : plastique polycarbonate \/ ABS Inscription possible avec insert de papier. Cache devant : Fen\u00eatre acrylique Poids : env. 24 g Fixation : Aimant Sur demande, nous r\u00e9alisons \u00e9galement l\u2019inscription, impression et logo. Info [&hellip;]<\/p>\n","protected":false},"featured_media":31067,"comment_status":"open","ping_status":"closed","template":"","meta":{"inline_featured_image":false},"product_brand":[],"product_cat":[1087],"product_tag":[],"class_list":{"0":"post-31072","1":"product","2":"type-product","3":"status-publish","4":"has-post-thumbnail","6":"product_cat-badges-nominatifs","8":"first","9":"instock","10":"taxable","11":"shipping-taxable","12":"purchasable","13":"product-type-simple"},"_links":{"self":[{"href":"https:\/\/metal-badge.ch\/fr\/wp-json\/wp\/v2\/product\/31072","targetHints":{"allow":["GET"]}}],"collection":[{"href":"https:\/\/metal-badge.ch\/fr\/wp-json\/wp\/v2\/product"}],"about":[{"href":"https:\/\/metal-badge.ch\/fr\/wp-json\/wp\/v2\/types\/product"}],"replies":[{"embeddable":true,"href":"https:\/\/metal-badge.ch\/fr\/wp-json\/wp\/v2\/comments?post=31072"}],"wp:featuredmedia":[{"embeddable":true,"href":"https:\/\/metal-badge.ch\/fr\/wp-json\/wp\/v2\/media\/31067"}],"wp:attachment":[{"href":"https:\/\/metal-badge.ch\/fr\/wp-json\/wp\/v2\/media?parent=31072"}],"wp:term":[{"taxonomy":"product_brand","embeddable":true,"href":"https:\/\/metal-badge.ch\/fr\/wp-json\/wp\/v2\/product_brand?post=31072"},{"taxonomy":"product_cat","embeddable":true,"href":"https:\/\/metal-badge.ch\/fr\/wp-json\/wp\/v2\/product_cat?post=31072"},{"taxonomy":"product_tag","embeddable":true,"href":"https:\/\/metal-badge.ch\/fr\/wp-json\/wp\/v2\/product_tag?post=31072"}],"curies":[{"name":"wp","href":"https:\/\/api.w.org\/{rel}","templated":true}]}}