{"id":31057,"date":"2015-10-13T15:13:24","date_gmt":"2015-10-13T15:13:24","guid":{"rendered":"https:\/\/shop.metal-badge.ch\/?product=sac-de-jambe-kwb-003"},"modified":"2015-10-13T15:21:01","modified_gmt":"2015-10-13T15:21:01","slug":"sac-de-jambe-kwb-003","status":"publish","type":"product","link":"https:\/\/metal-badge.ch\/fr\/product\/31057\/sac-de-jambe-kwb-003\/","title":{"rendered":"Sac de jambe KWB-003"},"content":{"rendered":"<p>Le sac de jambe est fix\u00e9e avec deux sangles : une sangle sur la jambe, l&rsquo;autre sur la hanche. Ainsi, le sac tient bien sur la jambe. Les sangles sont \u00e9quip\u00e9es d&rsquo;une fermeture rapide. Les sangles r\u00e9glables sont amovibles. Le sac poss\u00e8de sur le c\u00f4t\u00e9 de la jambe un compartiment grand semi-ouvert qui est ferm\u00e9 avec une bande autogrippante.  Sur la partie avant ext\u00e9rieur, il y a 2 grands compartiments \u00e0 fermeture-\u00e9clair. Tous les compartiments sont \u00e9tanches et sont plastifi\u00e9s \u00e0 l&rsquo;int\u00e9rieur. Sur le c\u00f4t\u00e9 sur le sac, il y a 2 compartiments pour les magazines ou les lampes de poche qui s&rsquo;ouvrent avec une bande autogrippante et une fermeture rapide. L&rsquo;am\u00e9nagement int\u00e9rieur du sac est \u00e9quip\u00e9 d&rsquo;1 grand compartiment principal et d&rsquo;1 compartiment \u00e0 fermeture-\u00e9clair .<\/p>\n<p>Description du produit :<br \/>\nDimensions : Hauteur 19.0 cm \/ Largeur 14.0 cm \/ Profondeur 8.0 cm <br \/>\nCouleur : noir<br \/>                                                                                              Panneaux amovibles autogrippants<br \/>\nInscription : Police, Polizei, Security, Securite, Sicherheit, Swat, Polizia<br \/>\nMati\u00e8re :  600 D Nylon \/ polyester <br \/>\nPoids : 365 g.   <\/p>\n","protected":false},"excerpt":{"rendered":"<p>Le sac de jambe est fix\u00e9e avec deux sangles : une sangle sur la jambe, l&rsquo;autre sur la hanche. Ainsi, le sac tient bien sur la jambe. Les sangles sont \u00e9quip\u00e9es d&rsquo;une fermeture rapide. Les sangles r\u00e9glables sont amovibles. Le sac poss\u00e8de sur le c\u00f4t\u00e9 de la jambe un compartiment grand semi-ouvert qui est ferm\u00e9 [&hellip;]<\/p>\n","protected":false},"featured_media":71103,"comment_status":"open","ping_status":"closed","template":"","meta":{"inline_featured_image":false},"product_brand":[],"product_cat":[1059,1826,1815],"product_tag":[1777,1773,1765],"class_list":{"0":"post-31057","1":"product","2":"type-product","3":"status-publish","4":"has-post-thumbnail","6":"product_cat-sacs","7":"product_cat-sacs-de-jambe","8":"product_cat-sacs-de-transport-de-voyage","9":"product_tag-camping-voyage","10":"product_tag-chasse-peche","11":"product_tag-sport-outdoor-fr","13":"first","14":"instock","15":"taxable","16":"shipping-taxable","17":"purchasable","18":"product-type-simple"},"_links":{"self":[{"href":"https:\/\/metal-badge.ch\/fr\/wp-json\/wp\/v2\/product\/31057","targetHints":{"allow":["GET"]}}],"collection":[{"href":"https:\/\/metal-badge.ch\/fr\/wp-json\/wp\/v2\/product"}],"about":[{"href":"https:\/\/metal-badge.ch\/fr\/wp-json\/wp\/v2\/types\/product"}],"replies":[{"embeddable":true,"href":"https:\/\/metal-badge.ch\/fr\/wp-json\/wp\/v2\/comments?post=31057"}],"wp:featuredmedia":[{"embeddable":true,"href":"https:\/\/metal-badge.ch\/fr\/wp-json\/wp\/v2\/media\/71103"}],"wp:attachment":[{"href":"https:\/\/metal-badge.ch\/fr\/wp-json\/wp\/v2\/media?parent=31057"}],"wp:term":[{"taxonomy":"product_brand","embeddable":true,"href":"https:\/\/metal-badge.ch\/fr\/wp-json\/wp\/v2\/product_brand?post=31057"},{"taxonomy":"product_cat","embeddable":true,"href":"https:\/\/metal-badge.ch\/fr\/wp-json\/wp\/v2\/product_cat?post=31057"},{"taxonomy":"product_tag","embeddable":true,"href":"https:\/\/metal-badge.ch\/fr\/wp-json\/wp\/v2\/product_tag?post=31057"}],"curies":[{"name":"wp","href":"https:\/\/api.w.org\/{rel}","templated":true}]}}