{"id":31037,"date":"2015-10-13T10:47:10","date_gmt":"2015-10-13T10:47:10","guid":{"rendered":"https:\/\/shop.metal-badge.ch\/?product=sac-dintervention-dl-786-sans-panneau-dinscription"},"modified":"2015-10-13T11:29:58","modified_gmt":"2015-10-13T11:29:58","slug":"sac-dintervention-dl-786-sans-panneau-dinscription","status":"publish","type":"product","link":"https:\/\/metal-badge.ch\/fr\/product\/31037\/sac-dintervention-dl-786-sans-panneau-dinscription\/","title":{"rendered":"Sac d&rsquo;intervention DL 786 sans panneau d&rsquo;inscription"},"content":{"rendered":"<p>Sac d&rsquo;intervention solide et hydrofuge, sp\u00e9cialement pour la police et les forces de s\u00e9curit\u00e9. Ce sac fonctionnel avec fermeture-\u00e9clair \u00e0 double tirette est \u00e9quip\u00e9 d&rsquo;un rembourrage int\u00e9rieur. Dans le sac spacieux, il y a de la place pour tout l&rsquo;\u00e9quipement, de la matraque en passant par la lampe et jusqu&rsquo;aux menottes. Les 2 x parois int\u00e9rieures divisent 3 x compartiments et peuvent \u00eatre retir\u00e9s avec une bande autogrippante pour transformer le sac en un grand compartiment. Fond amovible. Sur le couvercle \u00e0 l&rsquo;int\u00e9rieur, il y a 3 x poches int\u00e9rieures avec fermeture-\u00e9clair et bande autogrippante pour le petit mat\u00e9riel et 1 mousqueton pour les cl\u00e9s.<br \/>\nSur la partie ext\u00e9rieure, 1 x fen\u00eatre de visite pour le badge. 2 x poches avec fermeture en caoutchouc. Support de matraque \u00e0 l&rsquo;ext\u00e9rieur et une grande bande autogrippante sur le couvercle pour l&rsquo;inscription. Une autre bande autogrippante pour l&rsquo;inscription se trouve sur le c\u00f4t\u00e9 ext\u00e9rieur. Les 2 compartiments avec fermeture-\u00e9clair \u00e0 l&rsquo;ext\u00e9rieur et un compartiment autogrippant suppl\u00e9mentaire compl\u00e8tent ce sac d&rsquo;intervention de mani\u00e8re optimale. 1 sangle d&rsquo;\u00e9paule r\u00e9glage, rembourr\u00e9e, antid\u00e9rapante, amovible. 2 x poign\u00e9es de transport stables avec bande autogrippante. La partie inf\u00e9rieure du sac est prot\u00e9g\u00e9e avec des picots de caoutchouc antid\u00e9rapant. <\/p>\n<p>Dimensions int\u00e9rieures :  Largeur 24 cm \/ longueur : 54 cm  \/ hauteur : 28 cm<br \/>\nPoids : 1.6 kg<br \/>\ncouleur : noir <br \/>\nMat\u00e9riau :  1000 D-Polyester<\/p>\n","protected":false},"excerpt":{"rendered":"<p>Sac d&rsquo;intervention solide et hydrofuge, sp\u00e9cialement pour la police et les forces de s\u00e9curit\u00e9. Ce sac fonctionnel avec fermeture-\u00e9clair \u00e0 double tirette est \u00e9quip\u00e9 d&rsquo;un rembourrage int\u00e9rieur. Dans le sac spacieux, il y a de la place pour tout l&rsquo;\u00e9quipement, de la matraque en passant par la lampe et jusqu&rsquo;aux menottes. Les 2 x parois [&hellip;]<\/p>\n","protected":false},"featured_media":55785,"comment_status":"open","ping_status":"closed","template":"","meta":{"inline_featured_image":false},"product_brand":[],"product_cat":[1059,1650,1815],"product_tag":[1777,1773,1765],"class_list":{"0":"post-31037","1":"product","2":"type-product","3":"status-publish","4":"has-post-thumbnail","6":"product_cat-sacs","7":"product_cat-sacs-dintervention","8":"product_cat-sacs-de-transport-de-voyage","9":"product_tag-camping-voyage","10":"product_tag-chasse-peche","11":"product_tag-sport-outdoor-fr","13":"first","14":"instock","15":"taxable","16":"shipping-taxable","17":"purchasable","18":"product-type-simple"},"_links":{"self":[{"href":"https:\/\/metal-badge.ch\/fr\/wp-json\/wp\/v2\/product\/31037","targetHints":{"allow":["GET"]}}],"collection":[{"href":"https:\/\/metal-badge.ch\/fr\/wp-json\/wp\/v2\/product"}],"about":[{"href":"https:\/\/metal-badge.ch\/fr\/wp-json\/wp\/v2\/types\/product"}],"replies":[{"embeddable":true,"href":"https:\/\/metal-badge.ch\/fr\/wp-json\/wp\/v2\/comments?post=31037"}],"wp:featuredmedia":[{"embeddable":true,"href":"https:\/\/metal-badge.ch\/fr\/wp-json\/wp\/v2\/media\/55785"}],"wp:attachment":[{"href":"https:\/\/metal-badge.ch\/fr\/wp-json\/wp\/v2\/media?parent=31037"}],"wp:term":[{"taxonomy":"product_brand","embeddable":true,"href":"https:\/\/metal-badge.ch\/fr\/wp-json\/wp\/v2\/product_brand?post=31037"},{"taxonomy":"product_cat","embeddable":true,"href":"https:\/\/metal-badge.ch\/fr\/wp-json\/wp\/v2\/product_cat?post=31037"},{"taxonomy":"product_tag","embeddable":true,"href":"https:\/\/metal-badge.ch\/fr\/wp-json\/wp\/v2\/product_tag?post=31037"}],"curies":[{"name":"wp","href":"https:\/\/api.w.org\/{rel}","templated":true}]}}