{"id":31009,"date":"2015-10-12T10:49:43","date_gmt":"2015-10-12T10:49:43","guid":{"rendered":"https:\/\/shop.metal-badge.ch\/?product=sac-modulaire-ksb-012"},"modified":"2020-08-02T01:17:57","modified_gmt":"2020-08-02T01:17:57","slug":"sac-modulaire-ksb-012","status":"publish","type":"product","link":"https:\/\/metal-badge.ch\/fr\/product\/31009\/sac-modulaire-ksb-012\/","title":{"rendered":"sac modulaire KSB-012"},"content":{"rendered":"<p>Classez les sacs de mani\u00e8re syst\u00e9matique ou transformez le sac \u00e0 dos ou le sac en un go-bag. Ce sacs modulaire est fait de nylon Cordura r\u00e9sistant 1000 D. Le sac modulaire poss\u00e8de 2 boutons pression pour le syst\u00e8me de fixation pour le connecter et le d\u00e9tacher rapidement. Id\u00e9al pour la fixation lat\u00e9rale sur le chest-rig ou la ceinture de mission. La sangle de ventre qui se place dans le compartiment \u00e0 l&rsquo;arri\u00e8re peut \u00eatre transform\u00e9e avec deux fermeture-\u00e9clair en un sac de ventre \/ waist bag. De plus, il y a sur la partie sup\u00e9rieure du sac une poign\u00e9e de transport confortable en nylon. Le sac avec fermeture-\u00e9clair \u00e0 deux voies poss\u00e8de \u00e0 l&rsquo;int\u00e9rieur 1 compartiment \u00e0 fermeture-\u00e9clair et 2 compartiments \u00e0 fiche. \u00c0 l&rsquo;ext\u00e9rieur sur le c\u00f4t\u00e9, il y a deux compartiments suppl\u00e9mentaires pour portable ou un petit appareil photo Sur le couvercle \u00e0 l&rsquo;ext\u00e9rieur, il y a un compartiment suppl\u00e9mentaire \u00e0 fermeture \u00e9clair et une bande autogrippante pour les inscriptions. Sous le couvercle, il y a un grand compartiment suppl\u00e9mentaire qui s&rsquo;ouvre avec une bande autogrippante et une fermeture rapide \u00e0 cliquet.<br \/>\nLe sac est \u00e9quip\u00e9 d&rsquo;une sangle d&rsquo;\u00e9paule amovible. <\/p>\n<p>Description du produit :<br \/>\nDimensions : Hauteur 19.0 cm \/ Largeur 14.0 cm \/ Profondeur 8.0 cm <br \/>\nCouleur : Noir<br \/>\nMat\u00e9riau : 1000 D Nylon Cordura <br \/>\nPoids : 410 g.<\/p>\n","protected":false},"excerpt":{"rendered":"<p>Classez les sacs de mani\u00e8re syst\u00e9matique ou transformez le sac \u00e0 dos ou le sac en un go-bag. Ce sacs modulaire est fait de nylon Cordura r\u00e9sistant 1000 D. Le sac modulaire poss\u00e8de 2 boutons pression pour le syst\u00e8me de fixation pour le connecter et le d\u00e9tacher rapidement. Id\u00e9al pour la fixation lat\u00e9rale sur le [&hellip;]<\/p>\n","protected":false},"featured_media":90731,"comment_status":"open","ping_status":"closed","template":"","meta":{"inline_featured_image":false},"product_brand":[],"product_cat":[1059,1815],"product_tag":[1777,1773,1765],"class_list":{"0":"post-31009","1":"product","2":"type-product","3":"status-publish","4":"has-post-thumbnail","6":"product_cat-sacs","7":"product_cat-sacs-de-transport-de-voyage","8":"product_tag-camping-voyage","9":"product_tag-chasse-peche","10":"product_tag-sport-outdoor-fr","12":"first","13":"instock","14":"taxable","15":"shipping-taxable","16":"purchasable","17":"product-type-simple"},"_links":{"self":[{"href":"https:\/\/metal-badge.ch\/fr\/wp-json\/wp\/v2\/product\/31009","targetHints":{"allow":["GET"]}}],"collection":[{"href":"https:\/\/metal-badge.ch\/fr\/wp-json\/wp\/v2\/product"}],"about":[{"href":"https:\/\/metal-badge.ch\/fr\/wp-json\/wp\/v2\/types\/product"}],"replies":[{"embeddable":true,"href":"https:\/\/metal-badge.ch\/fr\/wp-json\/wp\/v2\/comments?post=31009"}],"wp:featuredmedia":[{"embeddable":true,"href":"https:\/\/metal-badge.ch\/fr\/wp-json\/wp\/v2\/media\/90731"}],"wp:attachment":[{"href":"https:\/\/metal-badge.ch\/fr\/wp-json\/wp\/v2\/media?parent=31009"}],"wp:term":[{"taxonomy":"product_brand","embeddable":true,"href":"https:\/\/metal-badge.ch\/fr\/wp-json\/wp\/v2\/product_brand?post=31009"},{"taxonomy":"product_cat","embeddable":true,"href":"https:\/\/metal-badge.ch\/fr\/wp-json\/wp\/v2\/product_cat?post=31009"},{"taxonomy":"product_tag","embeddable":true,"href":"https:\/\/metal-badge.ch\/fr\/wp-json\/wp\/v2\/product_tag?post=31009"}],"curies":[{"name":"wp","href":"https:\/\/api.w.org\/{rel}","templated":true}]}}