{"id":30998,"date":"2015-10-12T10:33:28","date_gmt":"2015-10-12T10:33:28","guid":{"rendered":"https:\/\/shop.metal-badge.ch\/?product=sac-modulaire-klb-003"},"modified":"2020-01-28T16:28:05","modified_gmt":"2020-01-28T16:28:05","slug":"sac-modulaire-klb-003","status":"publish","type":"product","link":"https:\/\/metal-badge.ch\/fr\/product\/30998\/sac-modulaire-klb-003\/","title":{"rendered":"Sac modulaire KLB-003"},"content":{"rendered":"<p>Classez les sacs de mani\u00e8re syst\u00e9matique ou transformez le sac \u00e0 dos ou le sac en un go-bag. Ce sacs modulaire est fait de nylon Cordura r\u00e9sistant 1000 D. Le sac modulaire poss\u00e8de 2 boutons pression pour le syst\u00e8me de fixation pour le connecter et le d\u00e9tacher rapidement. Id\u00e9al pour la fixation lat\u00e9rale sur le chest-rig ou la ceinture de mission. Fermable avec fermeture-\u00e9clair \u00e0 deux voies \u00e0 l&rsquo;int\u00e9rieur 3 x compartiments \u00e0 fiche larges en haut et rassembl\u00e9s en bas. \u00c0 l&rsquo;ext\u00e9rieur, il y a un grand compartiment \u00e0 appareil photo Profondeur 7 cm \/ hauteur 15 cm \/ largeur 11 cm avec une bande autogrippante et une fermeture-\u00e9clair suppl\u00e9mentaire. Peut \u00eatre ajust\u00e9 avec une bande \u00e9lastique. Sur le compartiment ext\u00e9rieur \u00e0 appareil photo, il y a une bande autogrippante pour l&rsquo;inscription et un compartiment \u00e0 fermeture-\u00e9clair pour divers objets.<\/p>\n<p>Description du produit :<br \/>\nDimensions : Hauteur 19.0 cm \/ Largeur 13.0 cm \/ Profondeur 7.0 cm<br \/>\nCouleur : Noir<br \/>\nMat\u00e9riau : 1000 D Nylon Cordura<br \/>\nPoids : 290 g.<\/p>\n","protected":false},"excerpt":{"rendered":"<p>Classez les sacs de mani\u00e8re syst\u00e9matique ou transformez le sac \u00e0 dos ou le sac en un go-bag. Ce sacs modulaire est fait de nylon Cordura r\u00e9sistant 1000 D. Le sac modulaire poss\u00e8de 2 boutons pression pour le syst\u00e8me de fixation pour le connecter et le d\u00e9tacher rapidement. Id\u00e9al pour la fixation lat\u00e9rale sur le [&hellip;]<\/p>\n","protected":false},"featured_media":90733,"comment_status":"open","ping_status":"closed","template":"","meta":{"inline_featured_image":false},"product_brand":[],"product_cat":[1059,1815],"product_tag":[1777,1773,1765],"class_list":{"0":"post-30998","1":"product","2":"type-product","3":"status-publish","4":"has-post-thumbnail","6":"product_cat-sacs","7":"product_cat-sacs-de-transport-de-voyage","8":"product_tag-camping-voyage","9":"product_tag-chasse-peche","10":"product_tag-sport-outdoor-fr","12":"first","13":"instock","14":"taxable","15":"shipping-taxable","16":"purchasable","17":"product-type-simple"},"_links":{"self":[{"href":"https:\/\/metal-badge.ch\/fr\/wp-json\/wp\/v2\/product\/30998","targetHints":{"allow":["GET"]}}],"collection":[{"href":"https:\/\/metal-badge.ch\/fr\/wp-json\/wp\/v2\/product"}],"about":[{"href":"https:\/\/metal-badge.ch\/fr\/wp-json\/wp\/v2\/types\/product"}],"replies":[{"embeddable":true,"href":"https:\/\/metal-badge.ch\/fr\/wp-json\/wp\/v2\/comments?post=30998"}],"wp:featuredmedia":[{"embeddable":true,"href":"https:\/\/metal-badge.ch\/fr\/wp-json\/wp\/v2\/media\/90733"}],"wp:attachment":[{"href":"https:\/\/metal-badge.ch\/fr\/wp-json\/wp\/v2\/media?parent=30998"}],"wp:term":[{"taxonomy":"product_brand","embeddable":true,"href":"https:\/\/metal-badge.ch\/fr\/wp-json\/wp\/v2\/product_brand?post=30998"},{"taxonomy":"product_cat","embeddable":true,"href":"https:\/\/metal-badge.ch\/fr\/wp-json\/wp\/v2\/product_cat?post=30998"},{"taxonomy":"product_tag","embeddable":true,"href":"https:\/\/metal-badge.ch\/fr\/wp-json\/wp\/v2\/product_tag?post=30998"}],"curies":[{"name":"wp","href":"https:\/\/api.w.org\/{rel}","templated":true}]}}