{"id":30990,"date":"2015-10-10T12:07:46","date_gmt":"2015-10-10T12:07:46","guid":{"rendered":"https:\/\/shop.metal-badge.ch\/?product=support-de-radio-dl-792"},"modified":"2015-10-12T17:17:25","modified_gmt":"2015-10-12T17:17:25","slug":"support-de-radio-dl-792","status":"publish","type":"product","link":"https:\/\/metal-badge.ch\/fr\/product\/30990\/support-de-radio-dl-792\/","title":{"rendered":"Support de radio DL 792"},"content":{"rendered":"<p>Sac universel  \u00e0 radio pour une fixation sur la ceinture. Pour des ceintures jusqu&rsquo;\u00e0 70 mm de large. Le passant de ceinture avec double-s\u00e9curit\u00e9 par boutons pression et bande autogrippante.  R\u00e9glable en continu en hauteur et en profondeur par bande autogrippante. Ainsi, presque tous les appareils radio traditionnels peuvent \u00eatre ajust\u00e9s et port\u00e9s avec ce support. Une double boucle \u00e9lastique avec bande autogrippante s\u00e9curise l&rsquo;appareil radio dans le holster. Le mat\u00e9riau de nylon r\u00e9siste aux conditions intemp\u00e9ries et est tr\u00e8s r\u00e9sistant. <\/p>\n<p>Description du produit : <br \/>\nCouleur : noir<br \/>\nPoids :  95 g. <br \/>\nMat\u00e9riau : Nylon <br \/>\nDimensions : Hauteur 16 cm \/ Profondeur 8 cm \/ Largeur 8 cm <\/p>\n","protected":false},"excerpt":{"rendered":"<p>Sac universel \u00e0 radio pour une fixation sur la ceinture. Pour des ceintures jusqu&rsquo;\u00e0 70 mm de large. Le passant de ceinture avec double-s\u00e9curit\u00e9 par boutons pression et bande autogrippante. R\u00e9glable en continu en hauteur et en profondeur par bande autogrippante. Ainsi, presque tous les appareils radio traditionnels peuvent \u00eatre ajust\u00e9s et port\u00e9s avec ce [&hellip;]<\/p>\n","protected":false},"featured_media":90735,"comment_status":"open","ping_status":"closed","template":"","meta":{"inline_featured_image":false},"product_brand":[],"product_cat":[1467,1059,1815],"product_tag":[1769,1777,1773,1781,1765],"class_list":{"0":"post-30990","1":"product","2":"type-product","3":"status-publish","4":"has-post-thumbnail","6":"product_cat-radios-supports","7":"product_cat-sacs","8":"product_cat-sacs-de-transport-de-voyage","9":"product_tag-army-survival-fr","10":"product_tag-camping-voyage","11":"product_tag-chasse-peche","12":"product_tag-police-securite","13":"product_tag-sport-outdoor-fr","15":"first","16":"instock","17":"taxable","18":"shipping-taxable","19":"purchasable","20":"product-type-simple"},"_links":{"self":[{"href":"https:\/\/metal-badge.ch\/fr\/wp-json\/wp\/v2\/product\/30990","targetHints":{"allow":["GET"]}}],"collection":[{"href":"https:\/\/metal-badge.ch\/fr\/wp-json\/wp\/v2\/product"}],"about":[{"href":"https:\/\/metal-badge.ch\/fr\/wp-json\/wp\/v2\/types\/product"}],"replies":[{"embeddable":true,"href":"https:\/\/metal-badge.ch\/fr\/wp-json\/wp\/v2\/comments?post=30990"}],"wp:featuredmedia":[{"embeddable":true,"href":"https:\/\/metal-badge.ch\/fr\/wp-json\/wp\/v2\/media\/90735"}],"wp:attachment":[{"href":"https:\/\/metal-badge.ch\/fr\/wp-json\/wp\/v2\/media?parent=30990"}],"wp:term":[{"taxonomy":"product_brand","embeddable":true,"href":"https:\/\/metal-badge.ch\/fr\/wp-json\/wp\/v2\/product_brand?post=30990"},{"taxonomy":"product_cat","embeddable":true,"href":"https:\/\/metal-badge.ch\/fr\/wp-json\/wp\/v2\/product_cat?post=30990"},{"taxonomy":"product_tag","embeddable":true,"href":"https:\/\/metal-badge.ch\/fr\/wp-json\/wp\/v2\/product_tag?post=30990"}],"curies":[{"name":"wp","href":"https:\/\/api.w.org\/{rel}","templated":true}]}}