{"id":30975,"date":"2015-10-10T11:22:34","date_gmt":"2015-10-10T11:22:34","guid":{"rendered":"https:\/\/shop.metal-badge.ch\/?product=support-de-gants-vertical-et-horizontal"},"modified":"2020-08-02T01:17:40","modified_gmt":"2020-08-02T01:17:40","slug":"support-de-gants-vertical-et-horizontal","status":"publish","type":"product","link":"https:\/\/metal-badge.ch\/fr\/product\/30975\/support-de-gants-vertical-et-horizontal\/","title":{"rendered":"Support de gants (vertical et horizontal)"},"content":{"rendered":"<p>Id\u00e9al pour la police, les pompiers, l&rsquo;arm\u00e9e, les agents de s\u00e9curit\u00e9 etc. Les gants peuvent \u00eatre<br \/>\nfix\u00e9s et port\u00e9s \u00e0 la ceinture avec ce support en cuir, \u00e0 la verticale ou \u00e0 l&rsquo;horizontale. La boucle peut \u00eatre fix\u00e9e sur la ceinture et est \u00e9quip\u00e9e d&rsquo;un syst\u00e8me avec 2 boutons pression. La boucle autogrippante pour fixer les gants mesure 21 cm de long. Largeur de ceinture jusqu&rsquo;\u00e0 5 cm.<br \/>\nCouleur : noir <br \/>\nPoids : 40 g<\/p>\n","protected":false},"excerpt":{"rendered":"<p>Id\u00e9al pour la police, les pompiers, l&rsquo;arm\u00e9e, les agents de s\u00e9curit\u00e9 etc. Les gants peuvent \u00eatre fix\u00e9s et port\u00e9s \u00e0 la ceinture avec ce support en cuir, \u00e0 la verticale ou \u00e0 l&rsquo;horizontale. La boucle peut \u00eatre fix\u00e9e sur la ceinture et est \u00e9quip\u00e9e d&rsquo;un syst\u00e8me avec 2 boutons pression. La boucle autogrippante pour fixer [&hellip;]<\/p>\n","protected":false},"featured_media":90739,"comment_status":"open","ping_status":"closed","template":"","meta":{"inline_featured_image":false},"product_brand":[],"product_cat":[1643],"product_tag":[1777,1781,1765],"class_list":{"0":"post-30975","1":"product","2":"type-product","3":"status-publish","4":"has-post-thumbnail","6":"product_cat-gants-gants-dintervention","7":"product_tag-camping-voyage","8":"product_tag-police-securite","9":"product_tag-sport-outdoor-fr","11":"first","12":"instock","13":"taxable","14":"shipping-taxable","15":"purchasable","16":"product-type-simple"},"_links":{"self":[{"href":"https:\/\/metal-badge.ch\/fr\/wp-json\/wp\/v2\/product\/30975","targetHints":{"allow":["GET"]}}],"collection":[{"href":"https:\/\/metal-badge.ch\/fr\/wp-json\/wp\/v2\/product"}],"about":[{"href":"https:\/\/metal-badge.ch\/fr\/wp-json\/wp\/v2\/types\/product"}],"replies":[{"embeddable":true,"href":"https:\/\/metal-badge.ch\/fr\/wp-json\/wp\/v2\/comments?post=30975"}],"wp:featuredmedia":[{"embeddable":true,"href":"https:\/\/metal-badge.ch\/fr\/wp-json\/wp\/v2\/media\/90739"}],"wp:attachment":[{"href":"https:\/\/metal-badge.ch\/fr\/wp-json\/wp\/v2\/media?parent=30975"}],"wp:term":[{"taxonomy":"product_brand","embeddable":true,"href":"https:\/\/metal-badge.ch\/fr\/wp-json\/wp\/v2\/product_brand?post=30975"},{"taxonomy":"product_cat","embeddable":true,"href":"https:\/\/metal-badge.ch\/fr\/wp-json\/wp\/v2\/product_cat?post=30975"},{"taxonomy":"product_tag","embeddable":true,"href":"https:\/\/metal-badge.ch\/fr\/wp-json\/wp\/v2\/product_tag?post=30975"}],"curies":[{"name":"wp","href":"https:\/\/api.w.org\/{rel}","templated":true}]}}