{"id":30967,"date":"2015-10-10T11:08:13","date_gmt":"2015-10-10T11:08:13","guid":{"rendered":"https:\/\/shop.metal-badge.ch\/?product=menottes-holster-en-nylon-resistant"},"modified":"2020-08-02T01:17:36","modified_gmt":"2020-08-02T01:17:36","slug":"menottes-holster-en-nylon-resistant","status":"publish","type":"product","link":"https:\/\/metal-badge.ch\/fr\/product\/30967\/menottes-holster-en-nylon-resistant\/","title":{"rendered":"Menottes Holster en nylon r\u00e9sistant"},"content":{"rendered":"<p>Holser adapt\u00e9 \u00e0 toutes les menottes standard. En nylon\/ Cordura r\u00e9sistant. Ce holster se distingue par sa grande r\u00e9sistance \u00e0 l&rsquo;usure, aux coupures, \u00e0 l&rsquo;eau et aux produits chimiques.<br \/>\nInusable et peut \u00eatre nettoy\u00e9 sans probl\u00e8me.<br \/>\nAvec fermeture \u00e0 bouton pression et passant de ceinture. <\/p>\n<p>Description du produit :<br \/>\nMat\u00e9riau : Cordura \/ nylon<br \/>\nPoids : 70 g. <br \/>\nCouleur : noir <br \/>\nLargeur : haut 10 cm <br \/>\nLargeur : bas 8 cm  <br \/>\nHauteur totale : ferm\u00e9 12,5 cm<br \/>\nFermeture : Fermeture \u00e0 bouton pression<br \/>\nSupport : Passant de ceinture avec bande autogrippante.<\/p>\n","protected":false},"excerpt":{"rendered":"<p>Holser adapt\u00e9 \u00e0 toutes les menottes standard. En nylon\/ Cordura r\u00e9sistant. Ce holster se distingue par sa grande r\u00e9sistance \u00e0 l&rsquo;usure, aux coupures, \u00e0 l&rsquo;eau et aux produits chimiques. Inusable et peut \u00eatre nettoy\u00e9 sans probl\u00e8me. Avec fermeture \u00e0 bouton pression et passant de ceinture. Description du produit : Mat\u00e9riau : Cordura \/ nylon Poids [&hellip;]<\/p>\n","protected":false},"featured_media":90741,"comment_status":"open","ping_status":"closed","template":"","meta":{"inline_featured_image":false},"product_brand":[],"product_cat":[1463,1059,1815],"product_tag":[1773,1781,1765],"class_list":{"0":"post-30967","1":"product","2":"type-product","3":"status-publish","4":"has-post-thumbnail","6":"product_cat-menottes-bracelets-de-cheville-zak-tool","7":"product_cat-sacs","8":"product_cat-sacs-de-transport-de-voyage","9":"product_tag-chasse-peche","10":"product_tag-police-securite","11":"product_tag-sport-outdoor-fr","13":"first","14":"instock","15":"taxable","16":"shipping-taxable","17":"purchasable","18":"product-type-simple"},"_links":{"self":[{"href":"https:\/\/metal-badge.ch\/fr\/wp-json\/wp\/v2\/product\/30967","targetHints":{"allow":["GET"]}}],"collection":[{"href":"https:\/\/metal-badge.ch\/fr\/wp-json\/wp\/v2\/product"}],"about":[{"href":"https:\/\/metal-badge.ch\/fr\/wp-json\/wp\/v2\/types\/product"}],"replies":[{"embeddable":true,"href":"https:\/\/metal-badge.ch\/fr\/wp-json\/wp\/v2\/comments?post=30967"}],"wp:featuredmedia":[{"embeddable":true,"href":"https:\/\/metal-badge.ch\/fr\/wp-json\/wp\/v2\/media\/90741"}],"wp:attachment":[{"href":"https:\/\/metal-badge.ch\/fr\/wp-json\/wp\/v2\/media?parent=30967"}],"wp:term":[{"taxonomy":"product_brand","embeddable":true,"href":"https:\/\/metal-badge.ch\/fr\/wp-json\/wp\/v2\/product_brand?post=30967"},{"taxonomy":"product_cat","embeddable":true,"href":"https:\/\/metal-badge.ch\/fr\/wp-json\/wp\/v2\/product_cat?post=30967"},{"taxonomy":"product_tag","embeddable":true,"href":"https:\/\/metal-badge.ch\/fr\/wp-json\/wp\/v2\/product_tag?post=30967"}],"curies":[{"name":"wp","href":"https:\/\/api.w.org\/{rel}","templated":true}]}}