{"id":30960,"date":"2015-10-10T10:56:37","date_gmt":"2015-10-10T10:56:37","guid":{"rendered":"https:\/\/shop.metal-badge.ch\/?product=menottes-holster-cuir-vachette"},"modified":"2020-08-02T01:17:32","modified_gmt":"2020-08-02T01:17:32","slug":"menottes-holster-cuir-vachette","status":"publish","type":"product","link":"https:\/\/metal-badge.ch\/fr\/product\/30960\/menottes-holster-cuir-vachette\/","title":{"rendered":"Menottes Holster Cuir vachette"},"content":{"rendered":"<p>Holster adapt\u00e9 \u00e0 toutes les menottes standard. Tr\u00e8s bien travaill\u00e9 en cuir vachette. Avec fermeture \u00e0 bouton pression et passant de ceinture. <\/p>\n<p>Description du produit :<br \/>\nMat\u00e9riau : Cuir vachette<br \/>\nPoids :  90 g. <br \/>\nCouleur : noir <br \/>\nLargeur int\u00e9rieure : 8.5 cm <br \/>\nProfondeur : 2.2 cm<br \/>\nHauteur ferm\u00e9 : 11 cm<br \/>\nFermeture : Fermeture \u00e0 bouton pression<br \/>\nSupport : Passant de ceinture<\/p>\n","protected":false},"excerpt":{"rendered":"<p>Holster adapt\u00e9 \u00e0 toutes les menottes standard. Tr\u00e8s bien travaill\u00e9 en cuir vachette. Avec fermeture \u00e0 bouton pression et passant de ceinture. Description du produit : Mat\u00e9riau : Cuir vachette Poids : 90 g. Couleur : noir Largeur int\u00e9rieure : 8.5 cm Profondeur : 2.2 cm Hauteur ferm\u00e9 : 11 cm Fermeture : Fermeture \u00e0 [&hellip;]<\/p>\n","protected":false},"featured_media":90743,"comment_status":"open","ping_status":"closed","template":"","meta":{"inline_featured_image":false},"product_brand":[],"product_cat":[1463,1059,1815],"product_tag":[1773,1781,1765],"class_list":{"0":"post-30960","1":"product","2":"type-product","3":"status-publish","4":"has-post-thumbnail","6":"product_cat-menottes-bracelets-de-cheville-zak-tool","7":"product_cat-sacs","8":"product_cat-sacs-de-transport-de-voyage","9":"product_tag-chasse-peche","10":"product_tag-police-securite","11":"product_tag-sport-outdoor-fr","13":"first","14":"instock","15":"taxable","16":"shipping-taxable","17":"purchasable","18":"product-type-simple"},"_links":{"self":[{"href":"https:\/\/metal-badge.ch\/fr\/wp-json\/wp\/v2\/product\/30960","targetHints":{"allow":["GET"]}}],"collection":[{"href":"https:\/\/metal-badge.ch\/fr\/wp-json\/wp\/v2\/product"}],"about":[{"href":"https:\/\/metal-badge.ch\/fr\/wp-json\/wp\/v2\/types\/product"}],"replies":[{"embeddable":true,"href":"https:\/\/metal-badge.ch\/fr\/wp-json\/wp\/v2\/comments?post=30960"}],"wp:featuredmedia":[{"embeddable":true,"href":"https:\/\/metal-badge.ch\/fr\/wp-json\/wp\/v2\/media\/90743"}],"wp:attachment":[{"href":"https:\/\/metal-badge.ch\/fr\/wp-json\/wp\/v2\/media?parent=30960"}],"wp:term":[{"taxonomy":"product_brand","embeddable":true,"href":"https:\/\/metal-badge.ch\/fr\/wp-json\/wp\/v2\/product_brand?post=30960"},{"taxonomy":"product_cat","embeddable":true,"href":"https:\/\/metal-badge.ch\/fr\/wp-json\/wp\/v2\/product_cat?post=30960"},{"taxonomy":"product_tag","embeddable":true,"href":"https:\/\/metal-badge.ch\/fr\/wp-json\/wp\/v2\/product_tag?post=30960"}],"curies":[{"name":"wp","href":"https:\/\/api.w.org\/{rel}","templated":true}]}}