{"id":30953,"date":"2015-10-09T16:53:05","date_gmt":"2015-10-09T16:53:05","guid":{"rendered":"https:\/\/shop.metal-badge.ch\/?product=sac-a-dos-fonctionnel-systeme-molle-nylon-1000-d-olive"},"modified":"2015-10-12T16:51:18","modified_gmt":"2015-10-12T16:51:18","slug":"sac-a-dos-fonctionnel-systeme-molle-nylon-1000-d-olive","status":"publish","type":"product","link":"https:\/\/metal-badge.ch\/fr\/product\/30953\/sac-a-dos-fonctionnel-systeme-molle-nylon-1000-d-olive\/","title":{"rendered":"Sac \u00e0 dos fonctionnel syst\u00e8me Molle  Nylon 1000 D olive"},"content":{"rendered":"<p>Ce sac \u00e0 dos offre un compartiment principal spacieux pour l&rsquo;\u00e9quipement, des compartiments suppl\u00e9mentaires et un compartiment \u00e0 ordinateur portable rembourr\u00e9 fermant avec une bande autogrippante. Fermeture avec fermeture-\u00e9clair \u00e0 deux voies et cordon pour une ouverture et une fermeture simples et rapides. Le sac \u00e0 dos en nylon 1000 D est fabriqu\u00e9 dans le syst\u00e8me Molle. \u00c0 l&rsquo;ext\u00e9rieur, il y a une bande autogrippante pour l&rsquo;inscription. Ce sac \u00e0 dos est tr\u00e8s solide, hydrofuge, et offre avec les courroies de transport r\u00e9glables et rembourr\u00e9es un grand confort de port. La sangle de ventre r\u00e9glable et une sangle suppl\u00e9mentaire de poitrine permet de r\u00e9gler pr\u00e9cis\u00e9ment les anses du sac \u00e0 dos et de le porter en tout confort m\u00eame lorsqu&rsquo;il est tr\u00e8s charg\u00e9. Les deux sangles sont \u00e9quip\u00e9es d&rsquo;une fermeture rapide. <\/p>\n<p>Le syst\u00e8me de dos, un syst\u00e8me de dos avec contact au corps, les rembourrages sont fait d&rsquo;une mousse fonctionnelle \u00e0 chambre creuse sp\u00e9ciale et respirante. Par un effet de pompage, un \u00e9change d&rsquo;air est assur\u00e9 \u00e0 chaque mouvement. Le r\u00e9seau env. 15 % de sudation en moins qu&rsquo;avec un sac \u00e0 dos de trekking traditionnel. Le syst\u00e8me Vari-Quick permet un ajustement simple, rapide \u00e0 toutes les longueurs de dos. \u00c0 l&rsquo;ext\u00e9rieur, il y a deux autres poches \u00e0 couvercle avec un grand espace de rangement avec fermeture-\u00e9clair \u00e0 deux voies et cordon. Un autre compartiment \u00e0 fermeture-\u00e9clair se trouve sur le compartiment sup\u00e9rieur, ext\u00e9rieur avec couvercle. En haut, il y a une poign\u00e9e de transport confortable et solide. \u00c0 l&rsquo;ext\u00e9rieur, sur le c\u00f4t\u00e9, il y a un porte-bouteille \u00ab\u00a0Sac en filet\u00a0\u00bb. <\/p>\n<p>Description du produit :<br \/>\nCouleur : olive<br \/>\nPoids : 1175 g.  <br \/>\nMat\u00e9riau : 1000 D Nylon cordura<br \/>\nVolume: 26 l    <br \/> <br \/>\nSangles de poitrine et de ventre avec fermetures rapides<br \/>\nDimensions compartiment principal : Hauteur 50 cm \/ Largeur 33 cm  \/ Profondeur 16 cm<br \/>\nDimensions poche ext\u00e9rieure inf\u00e9rieure : Hauteur 20 cm \/ Largeur 33 cm \/ Profondeur 6 cm<br \/>\nDimensions poche ext\u00e9rieure sup\u00e9rieure Hauteur 24 cm \/ Largeur 27 cm \/ Profondeur 6 cm<\/p>\n<p>Avec inscription : sans  \/ POLIZEI \/ POLIZIA \/ POLICE \/ SECURITY \/ SECURITE \/ SICHERHEIT <\/p>\n","protected":false},"excerpt":{"rendered":"<p>Ce sac \u00e0 dos offre un compartiment principal spacieux pour l&rsquo;\u00e9quipement, des compartiments suppl\u00e9mentaires et un compartiment \u00e0 ordinateur portable rembourr\u00e9 fermant avec une bande autogrippante. Fermeture avec fermeture-\u00e9clair \u00e0 deux voies et cordon pour une ouverture et une fermeture simples et rapides. Le sac \u00e0 dos en nylon 1000 D est fabriqu\u00e9 dans le [&hellip;]<\/p>\n","protected":false},"featured_media":90745,"comment_status":"open","ping_status":"closed","template":"","meta":{"inline_featured_image":false},"product_brand":[],"product_cat":[1255],"product_tag":[1769,1777,1773,1765],"class_list":{"0":"post-30953","1":"product","2":"type-product","3":"status-publish","4":"has-post-thumbnail","6":"product_cat-sacs-a-dos-et-systemes-de-boisson","7":"product_tag-army-survival-fr","8":"product_tag-camping-voyage","9":"product_tag-chasse-peche","10":"product_tag-sport-outdoor-fr","12":"first","13":"instock","14":"taxable","15":"shipping-taxable","16":"purchasable","17":"product-type-simple"},"_links":{"self":[{"href":"https:\/\/metal-badge.ch\/fr\/wp-json\/wp\/v2\/product\/30953","targetHints":{"allow":["GET"]}}],"collection":[{"href":"https:\/\/metal-badge.ch\/fr\/wp-json\/wp\/v2\/product"}],"about":[{"href":"https:\/\/metal-badge.ch\/fr\/wp-json\/wp\/v2\/types\/product"}],"replies":[{"embeddable":true,"href":"https:\/\/metal-badge.ch\/fr\/wp-json\/wp\/v2\/comments?post=30953"}],"wp:featuredmedia":[{"embeddable":true,"href":"https:\/\/metal-badge.ch\/fr\/wp-json\/wp\/v2\/media\/90745"}],"wp:attachment":[{"href":"https:\/\/metal-badge.ch\/fr\/wp-json\/wp\/v2\/media?parent=30953"}],"wp:term":[{"taxonomy":"product_brand","embeddable":true,"href":"https:\/\/metal-badge.ch\/fr\/wp-json\/wp\/v2\/product_brand?post=30953"},{"taxonomy":"product_cat","embeddable":true,"href":"https:\/\/metal-badge.ch\/fr\/wp-json\/wp\/v2\/product_cat?post=30953"},{"taxonomy":"product_tag","embeddable":true,"href":"https:\/\/metal-badge.ch\/fr\/wp-json\/wp\/v2\/product_tag?post=30953"}],"curies":[{"name":"wp","href":"https:\/\/api.w.org\/{rel}","templated":true}]}}