{"id":30931,"date":"2015-10-08T16:49:33","date_gmt":"2015-10-08T16:49:33","guid":{"rendered":"https:\/\/shop.metal-badge.ch\/?product=veste-tactique-softshell-avec-capuche"},"modified":"2020-10-18T14:28:01","modified_gmt":"2020-10-18T12:28:01","slug":"veste-tactique-softshell-avec-capuche","status":"publish","type":"product","link":"https:\/\/metal-badge.ch\/fr\/product\/30931\/veste-tactique-softshell-avec-capuche\/","title":{"rendered":"Veste tactique Softshell avec capuche"},"content":{"rendered":"<p>Id\u00e9al pour l&rsquo;ext\u00e9rieur, coupe-vent et prot\u00e8ge de la pluie. Cette veste est disponible dans divers coloris. \u00c9quip\u00e9e de diverses fonctions, avec ouverture de c\u00e2ble pour t\u00e9l\u00e9phone portable et diverses poches et deux grandes bandes autogrippantes aux manches. La veste est recouverte \u00e0 l&rsquo;int\u00e9rieur d&rsquo;un polaire l\u00e9ger, tient chaud pendant les saisons de transition et reste respirante et \u00e9tanche. Gr\u00e2ce \u00e0 un cordon \u00e9lastique en caoutchouc, la veste peut \u00eatre ajust\u00e9e \u00e0 la taille et au niveau de la capuche. La capuche peut \u00eatre enroul\u00e9e avec une bande autogrippante et fix\u00e9e sur le col. Cette veste poss\u00e8de une fermeture-\u00e9claire profil\u00e9e \u00e0 deux voies YKK. Sur les extr\u00e9mit\u00e9s des manches, la veste peut \u00eatre r\u00e9gl\u00e9e avec une bande autogrippante \u00e9lastique. Les coudes sont renforc\u00e9s avec des patchs cousus. La coupe de la veste est normale. Fente de ventilation sous les bras avec fermeture-\u00e9clair YKK.  Sur le c\u00f4t\u00e9 du dos \u00e0 l&rsquo;ext\u00e9rieur, il y a un grand compartiment \u00e0 carte avec deux fermeture-\u00e9clairs. <\/p>\n<p>Description du produit :<br \/>\n\u2022 Capuche enroulable avec bande autogrippante<br \/>\n\u2022 Des deux c\u00f4t\u00e9s sur la manche il y a des bandes autogrippantes 10 x 10 cm <br \/>\n\u2022 3 poches de manche<br \/>\n\u2022 2 poches ext\u00e9rieures<br \/>\n\u2022 Couche int\u00e9rieure en fibre<br \/>\n\u2022 Fermeture de ventilation avec fermeture-\u00e9clair au niveau des aisselles<br \/>\n\u2022 Fermeture-\u00e9clairs YKK<br \/>\n\u2022 Coudes avec renforts cousus<br \/>\n\u2022 Poids 1150 g.<br \/>\n\u2022 Couleurs : noir, camo, &#8230;<br \/>\n\u2022 Respirant<br \/>\n\u2022 Mat\u00e9riau : 65 % polyester \/ 35 % coton<br \/>\n\u2022 100 % \u00e9tanche avec triple polyester shell recouvert de PU <br \/>\n\u2022 Extr\u00e9mit\u00e9s des manches r\u00e9glables avec bande autogrippante<br \/>\n\u2022 Tailles : Small, Medium, Large, XLarge, XXLarge <\/p>\n<p><a href=\"https:\/\/metal-badge.ch\/product\/30915\/taktische-softshell-hose\/\">D\u00e9couvrez \u00e9galement le pantalon assorti. <\/a><br \/>\nMesurez de pr\u00e9f\u00e9rence la largeur de votre \u00e9paule.<\/p>\n<p>La veste poss\u00e8de les largeurs d&rsquo;\u00e9paule suivantes :<br \/>\nTaille S :  env. 50 cm<br \/>\nTaille M : env. 52 cm<br \/>\nTaille L :  env. 54 cm<br \/>\nTaille XL : env. 56 cm<\/p>\n<p><img decoding=\"async\" title=\"size chart for jacket (cm)\" src=\"https:\/\/metal-badge.ch\/wp-content\/uploads\/content\/62_121_56_Size_Chart__2nd.png\" style=\"width: 100%; height: auto;\" alt=\"\"><\/p>\n","protected":false},"excerpt":{"rendered":"<p>Id\u00e9al pour l&rsquo;ext\u00e9rieur, coupe-vent et prot\u00e8ge de la pluie. Cette veste est disponible dans divers coloris. \u00c9quip\u00e9e de diverses fonctions, avec ouverture de c\u00e2ble pour t\u00e9l\u00e9phone portable et diverses poches et deux grandes bandes autogrippantes aux manches. La veste est recouverte \u00e0 l&rsquo;int\u00e9rieur d&rsquo;un polaire l\u00e9ger, tient chaud pendant les saisons de transition et reste [&hellip;]<\/p>\n","protected":false},"featured_media":72349,"comment_status":"open","ping_status":"closed","template":"","meta":{"inline_featured_image":false},"product_brand":[],"product_cat":[1347,1602],"product_tag":[1769,1777,1773,1765],"class_list":{"0":"post-30931","1":"product","2":"type-product","3":"status-publish","4":"has-post-thumbnail","6":"product_cat-accessoires-militaires-de-chasse","7":"product_cat-vestes-en-softshell-pantalons-et-vetements-haute-visibilite","8":"product_tag-army-survival-fr","9":"product_tag-camping-voyage","10":"product_tag-chasse-peche","11":"product_tag-sport-outdoor-fr","13":"first","14":"instock","15":"taxable","16":"shipping-taxable","17":"purchasable","18":"product-type-simple"},"_links":{"self":[{"href":"https:\/\/metal-badge.ch\/fr\/wp-json\/wp\/v2\/product\/30931","targetHints":{"allow":["GET"]}}],"collection":[{"href":"https:\/\/metal-badge.ch\/fr\/wp-json\/wp\/v2\/product"}],"about":[{"href":"https:\/\/metal-badge.ch\/fr\/wp-json\/wp\/v2\/types\/product"}],"replies":[{"embeddable":true,"href":"https:\/\/metal-badge.ch\/fr\/wp-json\/wp\/v2\/comments?post=30931"}],"wp:featuredmedia":[{"embeddable":true,"href":"https:\/\/metal-badge.ch\/fr\/wp-json\/wp\/v2\/media\/72349"}],"wp:attachment":[{"href":"https:\/\/metal-badge.ch\/fr\/wp-json\/wp\/v2\/media?parent=30931"}],"wp:term":[{"taxonomy":"product_brand","embeddable":true,"href":"https:\/\/metal-badge.ch\/fr\/wp-json\/wp\/v2\/product_brand?post=30931"},{"taxonomy":"product_cat","embeddable":true,"href":"https:\/\/metal-badge.ch\/fr\/wp-json\/wp\/v2\/product_cat?post=30931"},{"taxonomy":"product_tag","embeddable":true,"href":"https:\/\/metal-badge.ch\/fr\/wp-json\/wp\/v2\/product_tag?post=30931"}],"curies":[{"name":"wp","href":"https:\/\/api.w.org\/{rel}","templated":true}]}}