{"id":30913,"date":"2015-10-08T13:39:22","date_gmt":"2015-10-08T13:39:22","guid":{"rendered":"https:\/\/shop.metal-badge.ch\/?product=sac-dintervention-dl-301-avec-1-grand-et-1-petit-panneau-dinscription"},"modified":"2020-10-13T18:08:03","modified_gmt":"2020-10-13T16:08:03","slug":"sac-dintervention-dl-301-avec-1-grand-et-1-petit-panneau-dinscription","status":"publish","type":"product","link":"https:\/\/metal-badge.ch\/fr\/product\/30913\/sac-dintervention-dl-301-avec-1-grand-et-1-petit-panneau-dinscription\/","title":{"rendered":"Sac d&rsquo;intervention DL 301 avec 1 grand et 1 petit panneau d&rsquo;inscription"},"content":{"rendered":"<p><img decoding=\"async\" src=\"https:\/\/metal-badge.ch\/wp-content\/uploads\/2015\/10\/62_107_37_IMG_1665_large.jpg\" alt=\"\" width=\"1024\" height=\"683\" class=\"alignnone size-full wp-image-72040\" srcset=\"https:\/\/metal-badge.ch\/wp-content\/uploads\/2015\/10\/62_107_37_IMG_1665_large.jpg 1024w, https:\/\/metal-badge.ch\/wp-content\/uploads\/2015\/10\/62_107_37_IMG_1665_large-360x240.jpg 360w, https:\/\/metal-badge.ch\/wp-content\/uploads\/2015\/10\/62_107_37_IMG_1665_large-64x43.jpg 64w, https:\/\/metal-badge.ch\/wp-content\/uploads\/2015\/10\/62_107_37_IMG_1665_large-300x200.jpg 300w, https:\/\/metal-badge.ch\/wp-content\/uploads\/2015\/10\/62_107_37_IMG_1665_large-150x100.jpg 150w, https:\/\/metal-badge.ch\/wp-content\/uploads\/2015\/10\/62_107_37_IMG_1665_large-768x512.jpg 768w, https:\/\/metal-badge.ch\/wp-content\/uploads\/2015\/10\/62_107_37_IMG_1665_large-90x60.jpg 90w, https:\/\/metal-badge.ch\/wp-content\/uploads\/2015\/10\/62_107_37_IMG_1665_large-135x90.jpg 135w\" sizes=\"(max-width: 1024px) 100vw, 1024px\" \/><br \/>\n<img decoding=\"async\" src=\"https:\/\/metal-badge.ch\/wp-content\/uploads\/2015\/10\/62_107_37_IMG_1675_large.jpg\" alt=\"\" width=\"1024\" height=\"683\" class=\"alignnone size-full wp-image-72032\" srcset=\"https:\/\/metal-badge.ch\/wp-content\/uploads\/2015\/10\/62_107_37_IMG_1675_large.jpg 1024w, https:\/\/metal-badge.ch\/wp-content\/uploads\/2015\/10\/62_107_37_IMG_1675_large-360x240.jpg 360w, https:\/\/metal-badge.ch\/wp-content\/uploads\/2015\/10\/62_107_37_IMG_1675_large-64x43.jpg 64w, https:\/\/metal-badge.ch\/wp-content\/uploads\/2015\/10\/62_107_37_IMG_1675_large-300x200.jpg 300w, https:\/\/metal-badge.ch\/wp-content\/uploads\/2015\/10\/62_107_37_IMG_1675_large-150x100.jpg 150w, https:\/\/metal-badge.ch\/wp-content\/uploads\/2015\/10\/62_107_37_IMG_1675_large-768x512.jpg 768w, https:\/\/metal-badge.ch\/wp-content\/uploads\/2015\/10\/62_107_37_IMG_1675_large-90x60.jpg 90w, https:\/\/metal-badge.ch\/wp-content\/uploads\/2015\/10\/62_107_37_IMG_1675_large-135x90.jpg 135w\" sizes=\"(max-width: 1024px) 100vw, 1024px\" \/><br \/>\nSac d&rsquo;intervention solide et hydrofuge, sp\u00e9cialement pour la police et les forces de s\u00e9curit\u00e9. Ce sac fonctionnel avec fermeture-\u00e9clair \u00e0 double tirette est \u00e9quip\u00e9 d&rsquo;un rembourrage int\u00e9rieur. Dans le sac spacieux, il y a de la place pour tout l&rsquo;\u00e9quipement, de la matraque en passant par la lampe et jusqu&rsquo;aux menottes. Les 2 x parois int\u00e9rieures divisent 3 x compartiments et peuvent \u00eatre retir\u00e9s avec une bande autogrippante pour transformer le sac en un grand compartiment. Fond amovible. Sur le couvercle \u00e0 l&rsquo;int\u00e9rieur, il y a 3 x poches int\u00e9rieures avec fermeture-\u00e9clair et bande autogrippante pour le petit mat\u00e9riel et 1 mousqueton pour les cl\u00e9s.<\/p>\n<p>Sur la partie ext\u00e9rieure, 1 x fen\u00eatre de visite pour le badge. 1 x compartiment autogrippant pour la radio ou le portable. Support de matraque \u00e0 l&rsquo;ext\u00e9rieur et une grande bande autogrippante sur le couvercle pour l&rsquo;inscription. Deux autres bandes autogrippantes se trouvent sur les c\u00f4tes. 2 x compartiments suppl\u00e9mentaires \u00e0 fermeture-\u00e9clair \u00e0 l&rsquo;ext\u00e9rieur et 2 x poches avec boucles et fermeture rapide. Sur le c\u00f4t\u00e9, il y a respectivement 2 x compartiments avec fermeture-\u00e9clair, et de boucles avec fermeture rapide. \u00c0 l&rsquo;ext\u00e9rieur, il y 6 boucles en plastique pour fixer le reste du mat\u00e9riel. 1 sangle d&rsquo;\u00e9paule r\u00e9glage, rembourr\u00e9e, antid\u00e9rapante, amovible. 2 x poign\u00e9es de transport stables avec bande autogrippante. La partie inf\u00e9rieure du sac est prot\u00e9g\u00e9e avec des picots de caoutchouc antid\u00e9rapant. <\/p>\n<p>Dimensions ext\u00e9rieures :  Largeur 27 cm \/ longueur : 72 cm  \/  hauteur : 30 cm<br \/>\nPoids : 2.0 kg<br \/>\nCouleur : noir<br \/>\nMat\u00e9riau : 1000 D-Polyester<br \/>\nSac avec 1 grand et 1 petit panneau d&rsquo;inscription<br \/>\nMarquages : POLIZEI \/ POLIZIA \/ POLICE \/ SECURITY \/ SECURITE \/ SICHERHEIT \/ PHOTOGRAPHER<\/p>\n","protected":false},"excerpt":{"rendered":"<p>Sac d&rsquo;intervention solide et hydrofuge, sp\u00e9cialement pour la police et les forces de s\u00e9curit\u00e9. Ce sac fonctionnel avec fermeture-\u00e9clair \u00e0 double tirette est \u00e9quip\u00e9 d&rsquo;un rembourrage int\u00e9rieur. Dans le sac spacieux, il y a de la place pour tout l&rsquo;\u00e9quipement, de la matraque en passant par la lampe et jusqu&rsquo;aux menottes. Les 2 x parois [&hellip;]<\/p>\n","protected":false},"featured_media":30905,"comment_status":"open","ping_status":"closed","template":"","meta":{"inline_featured_image":false},"product_brand":[],"product_cat":[1059,1650,1815],"product_tag":[1777,1773,1765],"class_list":{"0":"post-30913","1":"product","2":"type-product","3":"status-publish","4":"has-post-thumbnail","6":"product_cat-sacs","7":"product_cat-sacs-dintervention","8":"product_cat-sacs-de-transport-de-voyage","9":"product_tag-camping-voyage","10":"product_tag-chasse-peche","11":"product_tag-sport-outdoor-fr","13":"first","14":"instock","15":"taxable","16":"shipping-taxable","17":"purchasable","18":"product-type-simple"},"_links":{"self":[{"href":"https:\/\/metal-badge.ch\/fr\/wp-json\/wp\/v2\/product\/30913","targetHints":{"allow":["GET"]}}],"collection":[{"href":"https:\/\/metal-badge.ch\/fr\/wp-json\/wp\/v2\/product"}],"about":[{"href":"https:\/\/metal-badge.ch\/fr\/wp-json\/wp\/v2\/types\/product"}],"replies":[{"embeddable":true,"href":"https:\/\/metal-badge.ch\/fr\/wp-json\/wp\/v2\/comments?post=30913"}],"wp:featuredmedia":[{"embeddable":true,"href":"https:\/\/metal-badge.ch\/fr\/wp-json\/wp\/v2\/media\/30905"}],"wp:attachment":[{"href":"https:\/\/metal-badge.ch\/fr\/wp-json\/wp\/v2\/media?parent=30913"}],"wp:term":[{"taxonomy":"product_brand","embeddable":true,"href":"https:\/\/metal-badge.ch\/fr\/wp-json\/wp\/v2\/product_brand?post=30913"},{"taxonomy":"product_cat","embeddable":true,"href":"https:\/\/metal-badge.ch\/fr\/wp-json\/wp\/v2\/product_cat?post=30913"},{"taxonomy":"product_tag","embeddable":true,"href":"https:\/\/metal-badge.ch\/fr\/wp-json\/wp\/v2\/product_tag?post=30913"}],"curies":[{"name":"wp","href":"https:\/\/api.w.org\/{rel}","templated":true}]}}