{"id":30837,"date":"2015-10-07T16:36:23","date_gmt":"2015-10-07T16:36:23","guid":{"rendered":"https:\/\/shop.metal-badge.ch\/?product=bandana-multifonctions"},"modified":"2020-09-29T16:03:34","modified_gmt":"2020-09-29T14:03:34","slug":"bandana-multifonctions-7","status":"publish","type":"product","link":"https:\/\/metal-badge.ch\/fr\/product\/30837\/bandana-multifonctions-7\/","title":{"rendered":"Bandana multifonctions"},"content":{"rendered":"<p>Ce foulard universel, connu et appr\u00e9ci\u00e9 dans le monde entier est disponible dans de nombreux coloris et motifs. Le bandana multifonctions est un accessoire utile pour tous. Que ce soit pour le sport, les loisirs et la mode. Un foulard unique multifonctions avec des possibilit\u00e9s infinies. Que vous utilisiez le bandana en tant que turban, bandeau, bracelet ou masque de protection, les possibilit\u00e9s sont presque infinies avec le bandana.<br \/>\nEn hiver, le bandana prot\u00e8ge du froid et en \u00e9t\u00e9, le foulard multifonctions prot\u00e8ge des rayons UV. Les bandanas sont respirants et disposent d&rsquo;un contr\u00f4le de l&rsquo;odeur (polygene stay fresh). Ils sont lavables et s\u00e8chent rapidement. <\/p>\n<p>Description du produit :<br \/> <br \/>\nDimensions : Taille uniquelargeur env. 24 cm, hauteur env. 48 cm<br \/> <br \/>\nMat\u00e9riau : 100 % polyester (microfibre) <br \/> <br \/>\nCouleurs et motifs : Divers<br \/> <br \/>\nPoids : 30 g.<\/p>\n<p><img decoding=\"async\" style=\"width: 100%;height: auto;padding: 1em 0\" src=\"https:\/\/metal-badge.ch\/wp-content\/uploads\/content\/Bandana_Verwendung_2nd.jpg\" alt=\"\"><\/p>\n","protected":false},"excerpt":{"rendered":"<p>Ce foulard universel, connu et appr\u00e9ci\u00e9 dans le monde entier est disponible dans de nombreux coloris et motifs. Le bandana multifonctions est un accessoire utile pour tous. Que ce soit pour le sport, les loisirs et la mode. Un foulard unique multifonctions avec des possibilit\u00e9s infinies. Que vous utilisiez le bandana en tant que turban, [&hellip;]<\/p>\n","protected":false},"featured_media":30831,"comment_status":"open","ping_status":"closed","template":"","meta":{"inline_featured_image":false},"product_brand":[],"product_cat":[1626],"product_tag":[1781,1765],"class_list":{"0":"post-30837","1":"product","2":"type-product","3":"status-publish","4":"has-post-thumbnail","6":"product_cat-shemaghs-bandanas-fr","7":"product_tag-police-securite","8":"product_tag-sport-outdoor-fr","10":"first","11":"instock","12":"taxable","13":"shipping-taxable","14":"purchasable","15":"product-type-simple"},"_links":{"self":[{"href":"https:\/\/metal-badge.ch\/fr\/wp-json\/wp\/v2\/product\/30837","targetHints":{"allow":["GET"]}}],"collection":[{"href":"https:\/\/metal-badge.ch\/fr\/wp-json\/wp\/v2\/product"}],"about":[{"href":"https:\/\/metal-badge.ch\/fr\/wp-json\/wp\/v2\/types\/product"}],"replies":[{"embeddable":true,"href":"https:\/\/metal-badge.ch\/fr\/wp-json\/wp\/v2\/comments?post=30837"}],"wp:featuredmedia":[{"embeddable":true,"href":"https:\/\/metal-badge.ch\/fr\/wp-json\/wp\/v2\/media\/30831"}],"wp:attachment":[{"href":"https:\/\/metal-badge.ch\/fr\/wp-json\/wp\/v2\/media?parent=30837"}],"wp:term":[{"taxonomy":"product_brand","embeddable":true,"href":"https:\/\/metal-badge.ch\/fr\/wp-json\/wp\/v2\/product_brand?post=30837"},{"taxonomy":"product_cat","embeddable":true,"href":"https:\/\/metal-badge.ch\/fr\/wp-json\/wp\/v2\/product_cat?post=30837"},{"taxonomy":"product_tag","embeddable":true,"href":"https:\/\/metal-badge.ch\/fr\/wp-json\/wp\/v2\/product_tag?post=30837"}],"curies":[{"name":"wp","href":"https:\/\/api.w.org\/{rel}","templated":true}]}}