{"id":30819,"date":"2015-10-06T17:23:14","date_gmt":"2015-10-06T17:23:14","guid":{"rendered":"https:\/\/shop.metal-badge.ch\/?product=etui-a-arme-olive-115-cm"},"modified":"2020-08-02T01:16:09","modified_gmt":"2020-08-02T01:16:09","slug":"etui-a-arme-olive-115-cm","status":"publish","type":"product","link":"https:\/\/metal-badge.ch\/fr\/product\/30819\/etui-a-arme-olive-115-cm\/","title":{"rendered":"\u00c9tui \u00e0 arme olive 115 cm"},"content":{"rendered":"<p>\u00c9tui universel \u00e0 arme avec courroie d&rsquo;\u00e9paule amovible, poign\u00e9es de transport, sangle d&rsquo;\u00e9paule amovible et r\u00e9glage, poign\u00e9es de transport confortables, 4 x poches ext\u00e9rieures appliqu\u00e9es avec bande autogrippante, 1 x poche ext\u00e9rieure avec fermeture-\u00e9clair, longueur totale 120 cm, mat\u00e9riau : 100 % nylon. La poche est \u00e9quip\u00e9e d&rsquo;une fermeture-\u00e9clair continue \u00e0 deux voies. Recouvert d&rsquo;une mousse de qualit\u00e9 \u00e0 picots. Id\u00e9al pour les chasseurs, l&rsquo;arm\u00e9e, \u00e9galement pour les armes longues de type soft air gun et paintball.<br \/>\n<br \/>\nDescription du produit :<br \/>\nCouleur : olive <br \/>\nPoids : 950 g. <br \/>\nDimensions : Longueur 120 cm <br \/>\nLargeur bas 30 cm<br \/>\nLargeur haut 13 cm <br \/>\nFermeture-\u00e9clair \u00e0 deux voies <br \/>\nExt\u00e9rieur 4x poches largeur de poche 9 cm hauteur 19 cm avec fermeture autogrippante<br \/>\n1 x compartiment \u00e0 fermeture-\u00e9clair ext\u00e9rieur longueur 70 cm hauteur 20 cm devant et hauteur derri\u00e8re 9 cm<\/p>\n","protected":false},"excerpt":{"rendered":"<p>\u00c9tui universel \u00e0 arme avec courroie d&rsquo;\u00e9paule amovible, poign\u00e9es de transport, sangle d&rsquo;\u00e9paule amovible et r\u00e9glage, poign\u00e9es de transport confortables, 4 x poches ext\u00e9rieures appliqu\u00e9es avec bande autogrippante, 1 x poche ext\u00e9rieure avec fermeture-\u00e9clair, longueur totale 120 cm, mat\u00e9riau : 100 % nylon. La poche est \u00e9quip\u00e9e d&rsquo;une fermeture-\u00e9clair continue \u00e0 deux voies. Recouvert d&rsquo;une [&hellip;]<\/p>\n","protected":false},"featured_media":55791,"comment_status":"open","ping_status":"closed","template":"","meta":{"inline_featured_image":false},"product_brand":[],"product_cat":[1347,1658,1059],"product_tag":[1769,1773,1765],"class_list":{"0":"post-30819","1":"product","2":"type-product","3":"status-publish","4":"has-post-thumbnail","6":"product_cat-accessoires-militaires-de-chasse","7":"product_cat-etuis-a-arme","8":"product_cat-sacs","9":"product_tag-army-survival-fr","10":"product_tag-chasse-peche","11":"product_tag-sport-outdoor-fr","13":"first","14":"instock","15":"taxable","16":"shipping-taxable","17":"purchasable","18":"product-type-simple"},"_links":{"self":[{"href":"https:\/\/metal-badge.ch\/fr\/wp-json\/wp\/v2\/product\/30819","targetHints":{"allow":["GET"]}}],"collection":[{"href":"https:\/\/metal-badge.ch\/fr\/wp-json\/wp\/v2\/product"}],"about":[{"href":"https:\/\/metal-badge.ch\/fr\/wp-json\/wp\/v2\/types\/product"}],"replies":[{"embeddable":true,"href":"https:\/\/metal-badge.ch\/fr\/wp-json\/wp\/v2\/comments?post=30819"}],"wp:featuredmedia":[{"embeddable":true,"href":"https:\/\/metal-badge.ch\/fr\/wp-json\/wp\/v2\/media\/55791"}],"wp:attachment":[{"href":"https:\/\/metal-badge.ch\/fr\/wp-json\/wp\/v2\/media?parent=30819"}],"wp:term":[{"taxonomy":"product_brand","embeddable":true,"href":"https:\/\/metal-badge.ch\/fr\/wp-json\/wp\/v2\/product_brand?post=30819"},{"taxonomy":"product_cat","embeddable":true,"href":"https:\/\/metal-badge.ch\/fr\/wp-json\/wp\/v2\/product_cat?post=30819"},{"taxonomy":"product_tag","embeddable":true,"href":"https:\/\/metal-badge.ch\/fr\/wp-json\/wp\/v2\/product_tag?post=30819"}],"curies":[{"name":"wp","href":"https:\/\/api.w.org\/{rel}","templated":true}]}}