{"id":30798,"date":"2015-10-06T12:15:29","date_gmt":"2015-10-06T12:15:29","guid":{"rendered":"https:\/\/shop.metal-badge.ch\/?product=chris-reeve-knife"},"modified":"2015-10-07T15:10:15","modified_gmt":"2015-10-07T15:10:15","slug":"chris-reeve-knife","status":"publish","type":"product","link":"https:\/\/metal-badge.ch\/fr\/product\/30798\/chris-reeve-knife\/","title":{"rendered":"Chris Reeve knife"},"content":{"rendered":"<p>Marque : Chris Reeve<br \/>\nType : Couteau \u00e0 lame fixe<br \/>\nCouleur : camouflage \/ camo <br \/>\nLongueur totale : 35.5 cm<br \/>\nLongueur de la poign\u00e9e :  15.8 cm<br \/>\n\u00c9paisseur de la poign\u00e9e : 2.0 cm<br \/>\nLongueur de la poign\u00e9e : 19.7 cm <br \/>\n\u00c9paisseur de la lame : 6.0 mm<br \/>\nLargeur de la lame : 6.5 cm au point le plus large<br \/>\nPoids :  760 g. <br \/>\nLame : acier inoxydable 5Cr15<br \/>\n\u00c9paisseur de la lame :  57 HRC<\/p>\n<p>Ce couteau \u00e0 lame fixe est fourni avec un fourreau en cuir vachette noir avec passant de ceinture. Le poign\u00e9e est faite de Micarta, fabriqu\u00e9 \u00e0 partir d&rsquo;un plastique renforc\u00e9 de fibres.<br \/>\nLe couteau est fourni avec une jolie bo\u00eete cadeau en bois pour le collectionneur \u00ab\u00a0Chris Reeve\u00a0\u00bb.<\/p>\n","protected":false},"excerpt":{"rendered":"<p>Marque : Chris Reeve Type : Couteau \u00e0 lame fixe Couleur : camouflage \/ camo Longueur totale : 35.5 cm Longueur de la poign\u00e9e : 15.8 cm \u00c9paisseur de la poign\u00e9e : 2.0 cm Longueur de la poign\u00e9e : 19.7 cm \u00c9paisseur de la lame : 6.0 mm Largeur de la lame : 6.5 cm [&hellip;]<\/p>\n","protected":false},"featured_media":90753,"comment_status":"open","ping_status":"closed","template":"","meta":{"inline_featured_image":false},"product_brand":[],"product_cat":[1347,1035],"product_tag":[1769,1773,1765],"class_list":{"0":"post-30798","1":"product","2":"type-product","3":"status-publish","4":"has-post-thumbnail","6":"product_cat-accessoires-militaires-de-chasse","7":"product_cat-couteaux-machettes","8":"product_tag-army-survival-fr","9":"product_tag-chasse-peche","10":"product_tag-sport-outdoor-fr","12":"first","13":"instock","14":"taxable","15":"shipping-taxable","16":"purchasable","17":"product-type-simple"},"_links":{"self":[{"href":"https:\/\/metal-badge.ch\/fr\/wp-json\/wp\/v2\/product\/30798","targetHints":{"allow":["GET"]}}],"collection":[{"href":"https:\/\/metal-badge.ch\/fr\/wp-json\/wp\/v2\/product"}],"about":[{"href":"https:\/\/metal-badge.ch\/fr\/wp-json\/wp\/v2\/types\/product"}],"replies":[{"embeddable":true,"href":"https:\/\/metal-badge.ch\/fr\/wp-json\/wp\/v2\/comments?post=30798"}],"wp:featuredmedia":[{"embeddable":true,"href":"https:\/\/metal-badge.ch\/fr\/wp-json\/wp\/v2\/media\/90753"}],"wp:attachment":[{"href":"https:\/\/metal-badge.ch\/fr\/wp-json\/wp\/v2\/media?parent=30798"}],"wp:term":[{"taxonomy":"product_brand","embeddable":true,"href":"https:\/\/metal-badge.ch\/fr\/wp-json\/wp\/v2\/product_brand?post=30798"},{"taxonomy":"product_cat","embeddable":true,"href":"https:\/\/metal-badge.ch\/fr\/wp-json\/wp\/v2\/product_cat?post=30798"},{"taxonomy":"product_tag","embeddable":true,"href":"https:\/\/metal-badge.ch\/fr\/wp-json\/wp\/v2\/product_tag?post=30798"}],"curies":[{"name":"wp","href":"https:\/\/api.w.org\/{rel}","templated":true}]}}