{"id":30787,"date":"2015-10-06T12:01:21","date_gmt":"2015-10-06T12:01:21","guid":{"rendered":"https:\/\/shop.metal-badge.ch\/?product=todd-begg-outdoor-knife"},"modified":"2015-10-06T17:09:13","modified_gmt":"2015-10-06T17:09:13","slug":"todd-begg-outdoor-knife","status":"publish","type":"product","link":"https:\/\/metal-badge.ch\/fr\/product\/30787\/todd-begg-outdoor-knife\/","title":{"rendered":"Todd Begg Outdoor knife"},"content":{"rendered":"<p>Marque : Todd Begg<br \/>\nType : Couteau \u00e0 lame fixe<br \/>\nCouleur de poign\u00e9e : marron bois et acier<br \/>\nLongueur totale : 33.0 cm<br \/>\nLongueur de la poign\u00e9e :  12.0 cm<br \/>\n\u00c9paisseur de la poign\u00e9e : 2.0 cm<br \/>\nLongueur de la poign\u00e9e : 21.0 cm <br \/>\n\u00c9paisseur de la lame : 6.0 mm<br \/>\nLargeur de la lame : 4.7 cm au point le plus large <br \/>\nPoids : 530 g. <br \/>\nLame : argent brillant, acier inoxydable 7Cr17Mov<br \/>\n\u00c9paisseur de la lame :  58 HRC<\/p>\n<p>Ce couteau \u00e0 lame fixe, id\u00e9al en ext\u00e9rieur pour les chasseurs et les p\u00eacheurs, est fourni avec un fourreau en cuir avec un passant de ceinture.<\/p>\n","protected":false},"excerpt":{"rendered":"<p>Marque : Todd Begg Type : Couteau \u00e0 lame fixe Couleur de poign\u00e9e : marron bois et acier Longueur totale : 33.0 cm Longueur de la poign\u00e9e : 12.0 cm \u00c9paisseur de la poign\u00e9e : 2.0 cm Longueur de la poign\u00e9e : 21.0 cm \u00c9paisseur de la lame : 6.0 mm Largeur de la lame [&hellip;]<\/p>\n","protected":false},"featured_media":90755,"comment_status":"open","ping_status":"closed","template":"","meta":{"inline_featured_image":false},"product_brand":[],"product_cat":[1347,1035],"product_tag":[1769,1773,1765],"class_list":{"0":"post-30787","1":"product","2":"type-product","3":"status-publish","4":"has-post-thumbnail","6":"product_cat-accessoires-militaires-de-chasse","7":"product_cat-couteaux-machettes","8":"product_tag-army-survival-fr","9":"product_tag-chasse-peche","10":"product_tag-sport-outdoor-fr","12":"first","13":"instock","14":"taxable","15":"shipping-taxable","16":"purchasable","17":"product-type-simple"},"_links":{"self":[{"href":"https:\/\/metal-badge.ch\/fr\/wp-json\/wp\/v2\/product\/30787","targetHints":{"allow":["GET"]}}],"collection":[{"href":"https:\/\/metal-badge.ch\/fr\/wp-json\/wp\/v2\/product"}],"about":[{"href":"https:\/\/metal-badge.ch\/fr\/wp-json\/wp\/v2\/types\/product"}],"replies":[{"embeddable":true,"href":"https:\/\/metal-badge.ch\/fr\/wp-json\/wp\/v2\/comments?post=30787"}],"wp:featuredmedia":[{"embeddable":true,"href":"https:\/\/metal-badge.ch\/fr\/wp-json\/wp\/v2\/media\/90755"}],"wp:attachment":[{"href":"https:\/\/metal-badge.ch\/fr\/wp-json\/wp\/v2\/media?parent=30787"}],"wp:term":[{"taxonomy":"product_brand","embeddable":true,"href":"https:\/\/metal-badge.ch\/fr\/wp-json\/wp\/v2\/product_brand?post=30787"},{"taxonomy":"product_cat","embeddable":true,"href":"https:\/\/metal-badge.ch\/fr\/wp-json\/wp\/v2\/product_cat?post=30787"},{"taxonomy":"product_tag","embeddable":true,"href":"https:\/\/metal-badge.ch\/fr\/wp-json\/wp\/v2\/product_tag?post=30787"}],"curies":[{"name":"wp","href":"https:\/\/api.w.org\/{rel}","templated":true}]}}