{"id":30778,"date":"2015-10-06T11:48:40","date_gmt":"2015-10-06T11:48:40","guid":{"rendered":"https:\/\/shop.metal-badge.ch\/?product=crkt-outdoor-survival-knife"},"modified":"2024-07-25T07:49:40","modified_gmt":"2024-07-25T05:49:40","slug":"crkt-outdoor-survival-knife","status":"publish","type":"product","link":"https:\/\/metal-badge.ch\/fr\/product\/30778\/crkt-outdoor-survival-knife\/","title":{"rendered":"CRKT Outdoor Survival Knife"},"content":{"rendered":"<p>Marque : CRKT <br \/>\nType : Couteau \u00e0 lame fixe<br \/>\nCouleur : argent mat<br \/>\nLongueur totale : 30.5 cm<br \/>\nLongueur de la poign\u00e9e :  13.5 cm<br \/>\nPoign\u00e9e : Micarta<br \/>\n\u00c9paisseur poign\u00e9e : 2.4 cm<br \/>\nLongueur de la poign\u00e9e : 17.0 cm <br \/>\n\u00c9paisseur de la lame :  3.8 mm<br \/>\nLargeur de la lame : 3.8 cm<br \/>\nPoids :  340 g <br \/>\nLame : acier 440 C<br \/>\n\u00c9paisseur de la lame :  58 HRC<\/p>\n<p>Ce couteau \u00e0 lame fixe est id\u00e9al en ext\u00e9rieur, pour la survie. Avec scie et lame. Le poign\u00e9e est faite d&rsquo;ABS Micarta, fabriqu\u00e9 \u00e0 partir d&rsquo;un plastique renforc\u00e9 de fibres. Le fourreau en plastique ABS et nylon avec passant de jambe et une poche ext\u00e9rieur est \u00e9galement fourni. Un cordon en nylon d&rsquo;env. 2 m de long est \u00e9galement fourni. Avec passant de ceinture.<\/p>\n","protected":false},"excerpt":{"rendered":"<p>Marque : CRKT Type : Couteau \u00e0 lame fixe Couleur : argent mat Longueur totale : 30.5 cm Longueur de la poign\u00e9e : 13.5 cm Poign\u00e9e : Micarta \u00c9paisseur poign\u00e9e : 2.4 cm Longueur de la poign\u00e9e : 17.0 cm \u00c9paisseur de la lame : 3.8 mm Largeur de la lame : 3.8 cm Poids [&hellip;]<\/p>\n","protected":false},"featured_media":90757,"comment_status":"open","ping_status":"closed","template":"","meta":{"inline_featured_image":false},"product_brand":[],"product_cat":[1347,1035],"product_tag":[1769,1773,1765],"class_list":{"0":"post-30778","1":"product","2":"type-product","3":"status-publish","4":"has-post-thumbnail","6":"product_cat-accessoires-militaires-de-chasse","7":"product_cat-couteaux-machettes","8":"product_tag-army-survival-fr","9":"product_tag-chasse-peche","10":"product_tag-sport-outdoor-fr","12":"first","13":"instock","14":"taxable","15":"shipping-taxable","16":"purchasable","17":"product-type-simple"},"_links":{"self":[{"href":"https:\/\/metal-badge.ch\/fr\/wp-json\/wp\/v2\/product\/30778","targetHints":{"allow":["GET"]}}],"collection":[{"href":"https:\/\/metal-badge.ch\/fr\/wp-json\/wp\/v2\/product"}],"about":[{"href":"https:\/\/metal-badge.ch\/fr\/wp-json\/wp\/v2\/types\/product"}],"replies":[{"embeddable":true,"href":"https:\/\/metal-badge.ch\/fr\/wp-json\/wp\/v2\/comments?post=30778"}],"wp:featuredmedia":[{"embeddable":true,"href":"https:\/\/metal-badge.ch\/fr\/wp-json\/wp\/v2\/media\/90757"}],"wp:attachment":[{"href":"https:\/\/metal-badge.ch\/fr\/wp-json\/wp\/v2\/media?parent=30778"}],"wp:term":[{"taxonomy":"product_brand","embeddable":true,"href":"https:\/\/metal-badge.ch\/fr\/wp-json\/wp\/v2\/product_brand?post=30778"},{"taxonomy":"product_cat","embeddable":true,"href":"https:\/\/metal-badge.ch\/fr\/wp-json\/wp\/v2\/product_cat?post=30778"},{"taxonomy":"product_tag","embeddable":true,"href":"https:\/\/metal-badge.ch\/fr\/wp-json\/wp\/v2\/product_tag?post=30778"}],"curies":[{"name":"wp","href":"https:\/\/api.w.org\/{rel}","templated":true}]}}