{"id":30757,"date":"2015-10-06T11:15:26","date_gmt":"2015-10-06T11:15:26","guid":{"rendered":"https:\/\/shop.metal-badge.ch\/?product=browning-hunting-knife-3"},"modified":"2024-07-25T07:36:22","modified_gmt":"2024-07-25T05:36:22","slug":"browning-hunting-knife-3","status":"publish","type":"product","link":"https:\/\/metal-badge.ch\/fr\/product\/30757\/browning-hunting-knife-3\/","title":{"rendered":"Browning Hunting knife 3"},"content":{"rendered":"<p>Marque : Browning<br \/>\nType : Couteau \u00e0 lame fixe<br \/>\nCouleur de poign\u00e9e : marron en bois d&rsquo;\u00e9b\u00e8ne <br \/>\nLongueur totale : 27.7 cm<br \/>\nLongueur de la poign\u00e9e :  12.2 cm<br \/>\n\u00c9paisseur de la poign\u00e9e : 1.7 cm<br \/>\nLongueur de la poign\u00e9e : 15.5 cm <br \/>\n\u00c9paisseur de la lame : 4.0 mm<br \/>\nLargeur de la lame : 3.3 cm<br \/>\nPoids :  295 g. <br \/>\nLame : acier inoxydable 440<br \/>\n\u00c9paisseur de la lame :  57 HRC<\/p>\n<p>Ce couteau \u00e0 lame fixe, id\u00e9al en ext\u00e9rieur pour les chasseurs, est fourni avec un fourreau en cuir avec un passant de ceinture.<\/p>\n","protected":false},"excerpt":{"rendered":"<p>Marque : Browning Type : Couteau \u00e0 lame fixe Couleur de poign\u00e9e : marron en bois d&rsquo;\u00e9b\u00e8ne Longueur totale : 27.7 cm Longueur de la poign\u00e9e : 12.2 cm \u00c9paisseur de la poign\u00e9e : 1.7 cm Longueur de la poign\u00e9e : 15.5 cm \u00c9paisseur de la lame : 4.0 mm Largeur de la lame : [&hellip;]<\/p>\n","protected":false},"featured_media":90759,"comment_status":"open","ping_status":"closed","template":"","meta":{"inline_featured_image":false},"product_brand":[],"product_cat":[1347,1035],"product_tag":[1769,1773,1765],"class_list":{"0":"post-30757","1":"product","2":"type-product","3":"status-publish","4":"has-post-thumbnail","6":"product_cat-accessoires-militaires-de-chasse","7":"product_cat-couteaux-machettes","8":"product_tag-army-survival-fr","9":"product_tag-chasse-peche","10":"product_tag-sport-outdoor-fr","12":"first","13":"instock","14":"taxable","15":"shipping-taxable","16":"purchasable","17":"product-type-simple"},"_links":{"self":[{"href":"https:\/\/metal-badge.ch\/fr\/wp-json\/wp\/v2\/product\/30757","targetHints":{"allow":["GET"]}}],"collection":[{"href":"https:\/\/metal-badge.ch\/fr\/wp-json\/wp\/v2\/product"}],"about":[{"href":"https:\/\/metal-badge.ch\/fr\/wp-json\/wp\/v2\/types\/product"}],"replies":[{"embeddable":true,"href":"https:\/\/metal-badge.ch\/fr\/wp-json\/wp\/v2\/comments?post=30757"}],"wp:featuredmedia":[{"embeddable":true,"href":"https:\/\/metal-badge.ch\/fr\/wp-json\/wp\/v2\/media\/90759"}],"wp:attachment":[{"href":"https:\/\/metal-badge.ch\/fr\/wp-json\/wp\/v2\/media?parent=30757"}],"wp:term":[{"taxonomy":"product_brand","embeddable":true,"href":"https:\/\/metal-badge.ch\/fr\/wp-json\/wp\/v2\/product_brand?post=30757"},{"taxonomy":"product_cat","embeddable":true,"href":"https:\/\/metal-badge.ch\/fr\/wp-json\/wp\/v2\/product_cat?post=30757"},{"taxonomy":"product_tag","embeddable":true,"href":"https:\/\/metal-badge.ch\/fr\/wp-json\/wp\/v2\/product_tag?post=30757"}],"curies":[{"name":"wp","href":"https:\/\/api.w.org\/{rel}","templated":true}]}}