{"id":30737,"date":"2015-06-17T16:34:46","date_gmt":"2015-06-17T16:34:46","guid":{"rendered":"https:\/\/shop.metal-badge.ch\/?product=zak-tool-zt15-sw"},"modified":"2015-06-19T07:22:27","modified_gmt":"2015-06-19T07:22:27","slug":"zak-tool-zt15-sw","status":"publish","type":"product","link":"https:\/\/metal-badge.ch\/fr\/product\/30737\/zak-tool-zt15-sw\/","title":{"rendered":"Zak Tool ZT15-SW"},"content":{"rendered":"<p>Le ZT15-SW est un outil d&rsquo;extension tactique pour les cl\u00e9s de menottes. Pour l&rsquo;utiliser, il suffit d&rsquo;ins\u00e9rer une cl\u00e9 de menotte standard dans la poign\u00e9e sp\u00e9ciale pour obtenir votre propre cl\u00e9 de menotte tactique. La poign\u00e9e poss\u00e8de un grip rond et molet\u00e9. Cette cl\u00e9 de menotte est faite d&rsquo;un polym\u00e8re ultra-r\u00e9sistant \u00e0 la lumi\u00e8re et \u00e0 la corrosion.<\/p>\n","protected":false},"excerpt":{"rendered":"<p>Le ZT15-SW est un outil d&rsquo;extension tactique pour les cl\u00e9s de menottes. Pour l&rsquo;utiliser, il suffit d&rsquo;ins\u00e9rer une cl\u00e9 de menotte standard dans la poign\u00e9e sp\u00e9ciale pour obtenir votre propre cl\u00e9 de menotte tactique. La poign\u00e9e poss\u00e8de un grip rond et molet\u00e9. Cette cl\u00e9 de menotte est faite d&rsquo;un polym\u00e8re ultra-r\u00e9sistant \u00e0 la lumi\u00e8re et [&hellip;]<\/p>\n","protected":false},"featured_media":90763,"comment_status":"open","ping_status":"closed","template":"","meta":{"inline_featured_image":false},"product_brand":[],"product_cat":[1463],"product_tag":[1781,1854],"class_list":{"0":"post-30737","1":"product","2":"type-product","3":"status-publish","4":"has-post-thumbnail","6":"product_cat-menottes-bracelets-de-cheville-zak-tool","7":"product_tag-police-securite","8":"product_tag-zak-tool-fr","10":"first","11":"instock","12":"taxable","13":"shipping-taxable","14":"purchasable","15":"product-type-simple"},"_links":{"self":[{"href":"https:\/\/metal-badge.ch\/fr\/wp-json\/wp\/v2\/product\/30737","targetHints":{"allow":["GET"]}}],"collection":[{"href":"https:\/\/metal-badge.ch\/fr\/wp-json\/wp\/v2\/product"}],"about":[{"href":"https:\/\/metal-badge.ch\/fr\/wp-json\/wp\/v2\/types\/product"}],"replies":[{"embeddable":true,"href":"https:\/\/metal-badge.ch\/fr\/wp-json\/wp\/v2\/comments?post=30737"}],"wp:featuredmedia":[{"embeddable":true,"href":"https:\/\/metal-badge.ch\/fr\/wp-json\/wp\/v2\/media\/90763"}],"wp:attachment":[{"href":"https:\/\/metal-badge.ch\/fr\/wp-json\/wp\/v2\/media?parent=30737"}],"wp:term":[{"taxonomy":"product_brand","embeddable":true,"href":"https:\/\/metal-badge.ch\/fr\/wp-json\/wp\/v2\/product_brand?post=30737"},{"taxonomy":"product_cat","embeddable":true,"href":"https:\/\/metal-badge.ch\/fr\/wp-json\/wp\/v2\/product_cat?post=30737"},{"taxonomy":"product_tag","embeddable":true,"href":"https:\/\/metal-badge.ch\/fr\/wp-json\/wp\/v2\/product_tag?post=30737"}],"curies":[{"name":"wp","href":"https:\/\/api.w.org\/{rel}","templated":true}]}}