{"id":30730,"date":"2015-06-17T16:25:07","date_gmt":"2015-06-17T16:25:07","guid":{"rendered":"https:\/\/shop.metal-badge.ch\/?product=zak-tool-zt15"},"modified":"2015-06-19T07:21:25","modified_gmt":"2015-06-19T07:21:25","slug":"zak-tool-zt15","status":"publish","type":"product","link":"https:\/\/metal-badge.ch\/fr\/product\/30730\/zak-tool-zt15\/","title":{"rendered":"Zak Tool ZT15"},"content":{"rendered":"<p>Une autre innovation excellente de Zak Tool : ce formidable outil d&rsquo;extension avec cl\u00e9 et pivotante est un compl\u00e9ment parfait pour le mat\u00e9riel des forces de l&rsquo;ordre. Il est adapt\u00e9 aux menottes standard et la longueur sup\u00e9rieure du cylindre et la fonction pivotante permet une manipulation plus facile lorsque cela est n\u00e9cessaire.<br \/>\nOutil d&rsquo;extension avec pivot \u00e0 cl\u00e9.<\/p>\n","protected":false},"excerpt":{"rendered":"<p>Une autre innovation excellente de Zak Tool : ce formidable outil d&rsquo;extension avec cl\u00e9 et pivotante est un compl\u00e9ment parfait pour le mat\u00e9riel des forces de l&rsquo;ordre. Il est adapt\u00e9 aux menottes standard et la longueur sup\u00e9rieure du cylindre et la fonction pivotante permet une manipulation plus facile lorsque cela est n\u00e9cessaire. Outil d&rsquo;extension avec [&hellip;]<\/p>\n","protected":false},"featured_media":90765,"comment_status":"open","ping_status":"closed","template":"","meta":{"inline_featured_image":false},"product_brand":[],"product_cat":[1463],"product_tag":[1781,1854],"class_list":{"0":"post-30730","1":"product","2":"type-product","3":"status-publish","4":"has-post-thumbnail","6":"product_cat-menottes-bracelets-de-cheville-zak-tool","7":"product_tag-police-securite","8":"product_tag-zak-tool-fr","10":"first","11":"instock","12":"taxable","13":"shipping-taxable","14":"purchasable","15":"product-type-simple"},"_links":{"self":[{"href":"https:\/\/metal-badge.ch\/fr\/wp-json\/wp\/v2\/product\/30730","targetHints":{"allow":["GET"]}}],"collection":[{"href":"https:\/\/metal-badge.ch\/fr\/wp-json\/wp\/v2\/product"}],"about":[{"href":"https:\/\/metal-badge.ch\/fr\/wp-json\/wp\/v2\/types\/product"}],"replies":[{"embeddable":true,"href":"https:\/\/metal-badge.ch\/fr\/wp-json\/wp\/v2\/comments?post=30730"}],"wp:featuredmedia":[{"embeddable":true,"href":"https:\/\/metal-badge.ch\/fr\/wp-json\/wp\/v2\/media\/90765"}],"wp:attachment":[{"href":"https:\/\/metal-badge.ch\/fr\/wp-json\/wp\/v2\/media?parent=30730"}],"wp:term":[{"taxonomy":"product_brand","embeddable":true,"href":"https:\/\/metal-badge.ch\/fr\/wp-json\/wp\/v2\/product_brand?post=30730"},{"taxonomy":"product_cat","embeddable":true,"href":"https:\/\/metal-badge.ch\/fr\/wp-json\/wp\/v2\/product_cat?post=30730"},{"taxonomy":"product_tag","embeddable":true,"href":"https:\/\/metal-badge.ch\/fr\/wp-json\/wp\/v2\/product_tag?post=30730"}],"curies":[{"name":"wp","href":"https:\/\/api.w.org\/{rel}","templated":true}]}}