{"id":30723,"date":"2015-06-17T16:21:10","date_gmt":"2015-06-17T16:21:10","guid":{"rendered":"https:\/\/shop.metal-badge.ch\/?product=zak-tool-zt11-s"},"modified":"2023-01-30T23:35:25","modified_gmt":"2023-01-30T22:35:25","slug":"zak-tool-zt11-s","status":"publish","type":"product","link":"https:\/\/metal-badge.ch\/fr\/product\/30723\/zak-tool-zt11-s\/","title":{"rendered":"Zak Tool ZT11-S"},"content":{"rendered":"<p>Toutes les cl\u00e9s sont faites d&rsquo;inox trait\u00e9 thermiquement et sont con\u00e7ues pour durer ind\u00e9finiment. En raison du mat\u00e9riau de grande qualit\u00e9 et de l&rsquo;artisanat utilis\u00e9s, il est possible et pratique pour nous d&rsquo;offrir une dur\u00e9e de vie illimit\u00e9e. Il est adapt\u00e9 aux menottes standard et la longueur sup\u00e9rieure du cylindre et la fonction pivotante permet une manipulation plus facile lorsque cela est n\u00e9cessaire.<\/p>\n<p style=\"font-weight: 400;\"><strong>Informations sur le produit :<\/strong><\/p>\n<ul>\n<li style=\"font-weight: 400;\">Couleur : Noir mat<\/li>\n<li style=\"font-weight: 400;\">Poids : 30 g<\/li>\n<li style=\"font-weight: 400;\">Diam\u00e8tre de l\u2019anneau : 3,5 cm<\/li>\n<li style=\"font-weight: 400;\">Dimensions longueur : 9.5 cm<\/li>\n<li style=\"font-weight: 400;\">Mat\u00e9riau : Acier inoxydable<\/li>\n<li style=\"font-weight: 400;\">Marque : Zak Tool<\/li>\n<li style=\"font-weight: 400;\">Mod\u00e8le : ZT 11-LG<\/li>\n<\/ul>\n","protected":false},"excerpt":{"rendered":"<p>Toutes les cl\u00e9s sont faites d&rsquo;inox trait\u00e9 thermiquement et sont con\u00e7ues pour durer ind\u00e9finiment. En raison du mat\u00e9riau de grande qualit\u00e9 et de l&rsquo;artisanat utilis\u00e9s, il est possible et pratique pour nous d&rsquo;offrir une dur\u00e9e de vie illimit\u00e9e. Il est adapt\u00e9 aux menottes standard et la longueur sup\u00e9rieure du cylindre et la fonction pivotante permet une manipulation plus facile lorsque cela est n\u00e9cessaire.<\/p>\n","protected":false},"featured_media":90767,"comment_status":"open","ping_status":"closed","template":"","meta":{"inline_featured_image":false},"product_brand":[],"product_cat":[1463],"product_tag":[1781,1854],"class_list":{"0":"post-30723","1":"product","2":"type-product","3":"status-publish","4":"has-post-thumbnail","6":"product_cat-menottes-bracelets-de-cheville-zak-tool","7":"product_tag-police-securite","8":"product_tag-zak-tool-fr","10":"first","11":"instock","12":"taxable","13":"shipping-taxable","14":"purchasable","15":"product-type-simple"},"_links":{"self":[{"href":"https:\/\/metal-badge.ch\/fr\/wp-json\/wp\/v2\/product\/30723","targetHints":{"allow":["GET"]}}],"collection":[{"href":"https:\/\/metal-badge.ch\/fr\/wp-json\/wp\/v2\/product"}],"about":[{"href":"https:\/\/metal-badge.ch\/fr\/wp-json\/wp\/v2\/types\/product"}],"replies":[{"embeddable":true,"href":"https:\/\/metal-badge.ch\/fr\/wp-json\/wp\/v2\/comments?post=30723"}],"wp:featuredmedia":[{"embeddable":true,"href":"https:\/\/metal-badge.ch\/fr\/wp-json\/wp\/v2\/media\/90767"}],"wp:attachment":[{"href":"https:\/\/metal-badge.ch\/fr\/wp-json\/wp\/v2\/media?parent=30723"}],"wp:term":[{"taxonomy":"product_brand","embeddable":true,"href":"https:\/\/metal-badge.ch\/fr\/wp-json\/wp\/v2\/product_brand?post=30723"},{"taxonomy":"product_cat","embeddable":true,"href":"https:\/\/metal-badge.ch\/fr\/wp-json\/wp\/v2\/product_cat?post=30723"},{"taxonomy":"product_tag","embeddable":true,"href":"https:\/\/metal-badge.ch\/fr\/wp-json\/wp\/v2\/product_tag?post=30723"}],"curies":[{"name":"wp","href":"https:\/\/api.w.org\/{rel}","templated":true}]}}