{"id":30717,"date":"2015-06-17T15:45:27","date_gmt":"2015-06-17T15:45:27","guid":{"rendered":"https:\/\/shop.metal-badge.ch\/?product=lampe-torche-jaune"},"modified":"2015-06-17T15:48:08","modified_gmt":"2015-06-17T15:48:08","slug":"lampe-torche-jaune","status":"publish","type":"product","link":"https:\/\/metal-badge.ch\/fr\/product\/30717\/lampe-torche-jaune\/","title":{"rendered":"Lampe-torche jaune"},"content":{"rendered":"<p>Cette lampe-torche est \u00e9quip\u00e9e de deux modes d&rsquo;\u00e9clairage diff\u00e9rents, lumi\u00e8re stroboscopique et mode de signalement et d&rsquo;une lampe \u00e0 LED blanche \u00e0 l&rsquo;avant.<br \/>\nLa lampe-torche est \u00e9quip\u00e9e d&rsquo;une boucle sur la poign\u00e9e et tient bien<br \/>\ndans la main. La lampe fonctionne avec 3 x piles 1,5 V. Le cache des piles \u00e0 l&rsquo;arri\u00e8re est aimant\u00e9. <\/p>\n<p>Description du produit :<br \/>\n3 piles 1,5 V <br \/>\nPoids :  190 g. <br \/>\nDiam\u00e8tre : 3.5 cm<br \/>\nLongueur :  26 cm <\/p>\n","protected":false},"excerpt":{"rendered":"<p>Cette lampe-torche est \u00e9quip\u00e9e de deux modes d&rsquo;\u00e9clairage diff\u00e9rents, lumi\u00e8re stroboscopique et mode de signalement et d&rsquo;une lampe \u00e0 LED blanche \u00e0 l&rsquo;avant. La lampe-torche est \u00e9quip\u00e9e d&rsquo;une boucle sur la poign\u00e9e et tient bien dans la main. La lampe fonctionne avec 3 x piles 1,5 V. Le cache des piles \u00e0 l&rsquo;arri\u00e8re est aimant\u00e9. [&hellip;]<\/p>\n","protected":false},"featured_media":90769,"comment_status":"open","ping_status":"closed","template":"","meta":{"inline_featured_image":false},"product_brand":[],"product_cat":[1347,1343,1946],"product_tag":[1769,1777,1773,1867,1765],"class_list":{"0":"post-30717","1":"product","2":"type-product","3":"status-publish","4":"has-post-thumbnail","6":"product_cat-accessoires-militaires-de-chasse","7":"product_cat-lampes-lampes-de-poche","8":"product_cat-organisations-lumiere-bleue-securite","9":"product_tag-army-survival-fr","10":"product_tag-camping-voyage","11":"product_tag-chasse-peche","12":"product_tag-lampe-torche","13":"product_tag-sport-outdoor-fr","15":"first","16":"instock","17":"taxable","18":"shipping-taxable","19":"purchasable","20":"product-type-simple"},"_links":{"self":[{"href":"https:\/\/metal-badge.ch\/fr\/wp-json\/wp\/v2\/product\/30717","targetHints":{"allow":["GET"]}}],"collection":[{"href":"https:\/\/metal-badge.ch\/fr\/wp-json\/wp\/v2\/product"}],"about":[{"href":"https:\/\/metal-badge.ch\/fr\/wp-json\/wp\/v2\/types\/product"}],"replies":[{"embeddable":true,"href":"https:\/\/metal-badge.ch\/fr\/wp-json\/wp\/v2\/comments?post=30717"}],"wp:featuredmedia":[{"embeddable":true,"href":"https:\/\/metal-badge.ch\/fr\/wp-json\/wp\/v2\/media\/90769"}],"wp:attachment":[{"href":"https:\/\/metal-badge.ch\/fr\/wp-json\/wp\/v2\/media?parent=30717"}],"wp:term":[{"taxonomy":"product_brand","embeddable":true,"href":"https:\/\/metal-badge.ch\/fr\/wp-json\/wp\/v2\/product_brand?post=30717"},{"taxonomy":"product_cat","embeddable":true,"href":"https:\/\/metal-badge.ch\/fr\/wp-json\/wp\/v2\/product_cat?post=30717"},{"taxonomy":"product_tag","embeddable":true,"href":"https:\/\/metal-badge.ch\/fr\/wp-json\/wp\/v2\/product_tag?post=30717"}],"curies":[{"name":"wp","href":"https:\/\/api.w.org\/{rel}","templated":true}]}}