{"id":30709,"date":"2015-06-17T15:16:44","date_gmt":"2015-06-17T15:16:44","guid":{"rendered":"https:\/\/shop.metal-badge.ch\/?product=bonnet-dhiver-beanie-bonnet-de-marin-avec-broderie-security"},"modified":"2020-08-02T01:15:12","modified_gmt":"2020-08-02T01:15:12","slug":"bonnet-dhiver-beanie-bonnet-de-marin-avec-broderie-security","status":"publish","type":"product","link":"https:\/\/metal-badge.ch\/fr\/product\/30709\/bonnet-dhiver-beanie-bonnet-de-marin-avec-broderie-security\/","title":{"rendered":"Bonnet d&rsquo;hiver Beanie \u00ab\u00a0Bonnet de marin\u00a0\u00bb avec broderie Security"},"content":{"rendered":"<p>Bonnet d&rsquo;hiver noir, inscription SECURITY<br \/>\nBonnet tricot\u00e9 avec double maille sur le revers.<br \/>\nInscription : brod\u00e9e.<br \/>\nPoign\u00e9e tr\u00e8s souple en polyacrylique, double couche. <br \/>\nTaille unique jusqu&rsquo;\u00e0 65 cm <br \/>\nMati\u00e8re 100 % polyacrylique.<br \/>\nSur demande, nous brodons \u00e9galement d&rsquo;autres inscriptions, pour les commandes \u00e0 partir d&rsquo;au moins 10 pc. <\/p>\n","protected":false},"excerpt":{"rendered":"<p>Bonnet d&rsquo;hiver noir, inscription SECURITY Bonnet tricot\u00e9 avec double maille sur le revers. Inscription : brod\u00e9e. Poign\u00e9e tr\u00e8s souple en polyacrylique, double couche. Taille unique jusqu&rsquo;\u00e0 65 cm Mati\u00e8re 100 % polyacrylique. Sur demande, nous brodons \u00e9galement d&rsquo;autres inscriptions, pour les commandes \u00e0 partir d&rsquo;au moins 10 pc.<\/p>\n","protected":false},"featured_media":90771,"comment_status":"open","ping_status":"closed","template":"","meta":{"inline_featured_image":false},"product_brand":[],"product_cat":[1622],"product_tag":[1773,1781,1765],"class_list":{"0":"post-30709","1":"product","2":"type-product","3":"status-publish","4":"has-post-thumbnail","6":"product_cat-cappes","7":"product_tag-chasse-peche","8":"product_tag-police-securite","9":"product_tag-sport-outdoor-fr","11":"first","12":"instock","13":"taxable","14":"shipping-taxable","15":"purchasable","16":"product-type-simple"},"_links":{"self":[{"href":"https:\/\/metal-badge.ch\/fr\/wp-json\/wp\/v2\/product\/30709","targetHints":{"allow":["GET"]}}],"collection":[{"href":"https:\/\/metal-badge.ch\/fr\/wp-json\/wp\/v2\/product"}],"about":[{"href":"https:\/\/metal-badge.ch\/fr\/wp-json\/wp\/v2\/types\/product"}],"replies":[{"embeddable":true,"href":"https:\/\/metal-badge.ch\/fr\/wp-json\/wp\/v2\/comments?post=30709"}],"wp:featuredmedia":[{"embeddable":true,"href":"https:\/\/metal-badge.ch\/fr\/wp-json\/wp\/v2\/media\/90771"}],"wp:attachment":[{"href":"https:\/\/metal-badge.ch\/fr\/wp-json\/wp\/v2\/media?parent=30709"}],"wp:term":[{"taxonomy":"product_brand","embeddable":true,"href":"https:\/\/metal-badge.ch\/fr\/wp-json\/wp\/v2\/product_brand?post=30709"},{"taxonomy":"product_cat","embeddable":true,"href":"https:\/\/metal-badge.ch\/fr\/wp-json\/wp\/v2\/product_cat?post=30709"},{"taxonomy":"product_tag","embeddable":true,"href":"https:\/\/metal-badge.ch\/fr\/wp-json\/wp\/v2\/product_tag?post=30709"}],"curies":[{"name":"wp","href":"https:\/\/api.w.org\/{rel}","templated":true}]}}