{"id":30698,"date":"2015-06-17T14:18:04","date_gmt":"2015-06-17T14:18:04","guid":{"rendered":"https:\/\/shop.metal-badge.ch\/?product=lampe-torche-rouge-lkk-3301"},"modified":"2015-06-17T15:53:35","modified_gmt":"2015-06-17T15:53:35","slug":"lampe-torche-rouge-lkk-3301","status":"publish","type":"product","link":"https:\/\/metal-badge.ch\/fr\/product\/30698\/lampe-torche-rouge-lkk-3301\/","title":{"rendered":"Lampe-torche rouge LKK-3301"},"content":{"rendered":"<p>Cette lampe-torche est \u00e9quip\u00e9e de trois niveaux d&rsquo;\u00e9clairage avec lumi\u00e8re stroboscopique et mode de signalement, lumi\u00e8re vari\u00e9e et pleine lumi\u00e8re. Le cache en plastique rouge peut \u00eatre retir\u00e9 et la lampe de poche est alors pr\u00eate \u00e0 l&#8217;emploi. Ainsi, vous avez une lampe 2 en 1 (lampe de poche et lampe torche). Avec 70 lumens, le faisceau lumineux est tr\u00e8s fort et la lampe fonctionne avec 3 x piles 1,5 V. Sa longueur totale est de 28,5 cm. La lampe en elle-m\u00eame mesure 14 cm. La surface \u00e0 grip garantit un bon maintien. <\/p>\n<p>Description du produit :<br \/>\n3 piles 1,5 V <br \/>\nDiam\u00e8tre : 34 mm<br \/>\nPoids : 100 g. <br \/>\nLongueur :  28.5 cm <\/p>\n","protected":false},"excerpt":{"rendered":"<p>Cette lampe-torche est \u00e9quip\u00e9e de trois niveaux d&rsquo;\u00e9clairage avec lumi\u00e8re stroboscopique et mode de signalement, lumi\u00e8re vari\u00e9e et pleine lumi\u00e8re. Le cache en plastique rouge peut \u00eatre retir\u00e9 et la lampe de poche est alors pr\u00eate \u00e0 l&#8217;emploi. Ainsi, vous avez une lampe 2 en 1 (lampe de poche et lampe torche). Avec 70 lumens, [&hellip;]<\/p>\n","protected":false},"featured_media":90775,"comment_status":"open","ping_status":"closed","template":"","meta":{"inline_featured_image":false},"product_brand":[],"product_cat":[1347,1343,1946],"product_tag":[1769,1777,1773,1867,1765],"class_list":{"0":"post-30698","1":"product","2":"type-product","3":"status-publish","4":"has-post-thumbnail","6":"product_cat-accessoires-militaires-de-chasse","7":"product_cat-lampes-lampes-de-poche","8":"product_cat-organisations-lumiere-bleue-securite","9":"product_tag-army-survival-fr","10":"product_tag-camping-voyage","11":"product_tag-chasse-peche","12":"product_tag-lampe-torche","13":"product_tag-sport-outdoor-fr","15":"first","16":"instock","17":"taxable","18":"shipping-taxable","19":"purchasable","20":"product-type-simple"},"_links":{"self":[{"href":"https:\/\/metal-badge.ch\/fr\/wp-json\/wp\/v2\/product\/30698","targetHints":{"allow":["GET"]}}],"collection":[{"href":"https:\/\/metal-badge.ch\/fr\/wp-json\/wp\/v2\/product"}],"about":[{"href":"https:\/\/metal-badge.ch\/fr\/wp-json\/wp\/v2\/types\/product"}],"replies":[{"embeddable":true,"href":"https:\/\/metal-badge.ch\/fr\/wp-json\/wp\/v2\/comments?post=30698"}],"wp:featuredmedia":[{"embeddable":true,"href":"https:\/\/metal-badge.ch\/fr\/wp-json\/wp\/v2\/media\/90775"}],"wp:attachment":[{"href":"https:\/\/metal-badge.ch\/fr\/wp-json\/wp\/v2\/media?parent=30698"}],"wp:term":[{"taxonomy":"product_brand","embeddable":true,"href":"https:\/\/metal-badge.ch\/fr\/wp-json\/wp\/v2\/product_brand?post=30698"},{"taxonomy":"product_cat","embeddable":true,"href":"https:\/\/metal-badge.ch\/fr\/wp-json\/wp\/v2\/product_cat?post=30698"},{"taxonomy":"product_tag","embeddable":true,"href":"https:\/\/metal-badge.ch\/fr\/wp-json\/wp\/v2\/product_tag?post=30698"}],"curies":[{"name":"wp","href":"https:\/\/api.w.org\/{rel}","templated":true}]}}