{"id":30689,"date":"2015-06-17T14:14:48","date_gmt":"2015-06-17T14:14:48","guid":{"rendered":"https:\/\/shop.metal-badge.ch\/?product=lampe-torche-rouge"},"modified":"2015-06-17T15:50:54","modified_gmt":"2015-06-17T15:50:54","slug":"lampe-torche-rouge","status":"publish","type":"product","link":"https:\/\/metal-badge.ch\/fr\/product\/30689\/lampe-torche-rouge\/","title":{"rendered":"Lampe-torche rouge"},"content":{"rendered":"<p>Cette lampe-torche est \u00e9quip\u00e9e de deux modes d&rsquo;\u00e9clairage diff\u00e9rents, lumi\u00e8re stroboscopique et mode de signalement et d&rsquo;une lampe de poche blanche \u00e0 l&rsquo;avant. <br \/>\nLa lampe-torche est \u00e9quip\u00e9e en plus d&rsquo;un sifflet int\u00e9gr\u00e9 qui peut \u00eatre activ\u00e9 avec un bouton suppl\u00e9mentaire. <br \/>\nLa surface \u00e0 grip garantit un bon maintien. Sur la poign\u00e9e, il y a un clip de fixation en m\u00e9tal et une boucle. <br \/>\n3 piles 1,4 V Le cache des pile ext\u00e9rieur est aimant\u00e9.<br \/>\nAvec la scie \u00e0 pare-brise int\u00e9gr\u00e9e devant, vous pouvez ouvrir toute vitre lat\u00e9rale et tout hayon de v\u00e9hicule sans trop forcer.<\/p>\n<p>Description du produit :<br \/>\n3 piles 1,5 V <br \/>\nPoids :  220 g. <br \/>\nLongueur :  29.5 cm <\/p>\n","protected":false},"excerpt":{"rendered":"<p>Cette lampe-torche est \u00e9quip\u00e9e de deux modes d&rsquo;\u00e9clairage diff\u00e9rents, lumi\u00e8re stroboscopique et mode de signalement et d&rsquo;une lampe de poche blanche \u00e0 l&rsquo;avant. La lampe-torche est \u00e9quip\u00e9e en plus d&rsquo;un sifflet int\u00e9gr\u00e9 qui peut \u00eatre activ\u00e9 avec un bouton suppl\u00e9mentaire. La surface \u00e0 grip garantit un bon maintien. Sur la poign\u00e9e, il y a un [&hellip;]<\/p>\n","protected":false},"featured_media":90777,"comment_status":"open","ping_status":"closed","template":"","meta":{"inline_featured_image":false},"product_brand":[],"product_cat":[1347,1343,1946],"product_tag":[1769,1777,1773,1867,1765],"class_list":{"0":"post-30689","1":"product","2":"type-product","3":"status-publish","4":"has-post-thumbnail","6":"product_cat-accessoires-militaires-de-chasse","7":"product_cat-lampes-lampes-de-poche","8":"product_cat-organisations-lumiere-bleue-securite","9":"product_tag-army-survival-fr","10":"product_tag-camping-voyage","11":"product_tag-chasse-peche","12":"product_tag-lampe-torche","13":"product_tag-sport-outdoor-fr","15":"first","16":"instock","17":"taxable","18":"shipping-taxable","19":"purchasable","20":"product-type-simple"},"_links":{"self":[{"href":"https:\/\/metal-badge.ch\/fr\/wp-json\/wp\/v2\/product\/30689","targetHints":{"allow":["GET"]}}],"collection":[{"href":"https:\/\/metal-badge.ch\/fr\/wp-json\/wp\/v2\/product"}],"about":[{"href":"https:\/\/metal-badge.ch\/fr\/wp-json\/wp\/v2\/types\/product"}],"replies":[{"embeddable":true,"href":"https:\/\/metal-badge.ch\/fr\/wp-json\/wp\/v2\/comments?post=30689"}],"wp:featuredmedia":[{"embeddable":true,"href":"https:\/\/metal-badge.ch\/fr\/wp-json\/wp\/v2\/media\/90777"}],"wp:attachment":[{"href":"https:\/\/metal-badge.ch\/fr\/wp-json\/wp\/v2\/media?parent=30689"}],"wp:term":[{"taxonomy":"product_brand","embeddable":true,"href":"https:\/\/metal-badge.ch\/fr\/wp-json\/wp\/v2\/product_brand?post=30689"},{"taxonomy":"product_cat","embeddable":true,"href":"https:\/\/metal-badge.ch\/fr\/wp-json\/wp\/v2\/product_cat?post=30689"},{"taxonomy":"product_tag","embeddable":true,"href":"https:\/\/metal-badge.ch\/fr\/wp-json\/wp\/v2\/product_tag?post=30689"}],"curies":[{"name":"wp","href":"https:\/\/api.w.org\/{rel}","templated":true}]}}