{"id":30673,"date":"2015-06-17T11:36:17","date_gmt":"2015-06-17T11:36:17","guid":{"rendered":"https:\/\/shop.metal-badge.ch\/?product=chemise-noire-rip-stop"},"modified":"2020-12-22T16:41:32","modified_gmt":"2020-12-22T15:41:32","slug":"chemise-noire-rip-stop","status":"publish","type":"product","link":"https:\/\/metal-badge.ch\/fr\/product\/30673\/chemise-noire-rip-stop\/","title":{"rendered":"Chemise noire Rip-Stop"},"content":{"rendered":"<p>Un favori au poids l\u00e9ger. Fabriqu\u00e9 dans un mat\u00e9riau solide Rip-Stop. Deux poches sur le torse avec bouton contribuent \u00e0 votre confort. Cette chemise noire en version manches longues poss\u00e8de deux passants d&rsquo;\u00e9paules. Le tissu ripstop extr\u00eamement solide est de plus r\u00e9sistant \u00e0 la salet\u00e9, \u00e0 l&rsquo;eau et aux t\u00e2ches. Notre chemise avec une coupe droite et confortable 100 % coton en version rip-stop est propos\u00e9e avec une inscription blanche brod\u00e9e SECURITY. La broderie est fournie sur le col \u00e0 droite et \u00e0 gauche ainsi que sur la poitrine \u00e0 gauche et sur le bras droit. Pour les commandes \u00e0 partir de 10 pc, des broderies personnalis\u00e9es peuvent \u00eatre demand\u00e9es.<\/p>\n<p>Prix CHF 85,- avec broderie SECURITY<br \/> <br \/>\nPrix CHF 78.- sans broderie<\/p>\n","protected":false},"excerpt":{"rendered":"<p>Un favori au poids l\u00e9ger. Fabriqu\u00e9 dans un mat\u00e9riau solide Rip-Stop. Deux poches sur le torse avec bouton contribuent \u00e0 votre confort. Cette chemise noire en version manches longues poss\u00e8de deux passants d&rsquo;\u00e9paules. Le tissu ripstop extr\u00eamement solide est de plus r\u00e9sistant \u00e0 la salet\u00e9, \u00e0 l&rsquo;eau et aux t\u00e2ches. Notre chemise avec une coupe [&hellip;]<\/p>\n","protected":false},"featured_media":86917,"comment_status":"open","ping_status":"closed","template":"","meta":{"inline_featured_image":false},"product_brand":[],"product_cat":[1579],"product_tag":[1765],"class_list":{"0":"post-30673","1":"product","2":"type-product","3":"status-publish","4":"has-post-thumbnail","6":"product_cat-chemises","7":"product_tag-sport-outdoor-fr","9":"first","10":"instock","11":"taxable","12":"shipping-taxable","13":"purchasable","14":"product-type-simple"},"_links":{"self":[{"href":"https:\/\/metal-badge.ch\/fr\/wp-json\/wp\/v2\/product\/30673","targetHints":{"allow":["GET"]}}],"collection":[{"href":"https:\/\/metal-badge.ch\/fr\/wp-json\/wp\/v2\/product"}],"about":[{"href":"https:\/\/metal-badge.ch\/fr\/wp-json\/wp\/v2\/types\/product"}],"replies":[{"embeddable":true,"href":"https:\/\/metal-badge.ch\/fr\/wp-json\/wp\/v2\/comments?post=30673"}],"wp:featuredmedia":[{"embeddable":true,"href":"https:\/\/metal-badge.ch\/fr\/wp-json\/wp\/v2\/media\/86917"}],"wp:attachment":[{"href":"https:\/\/metal-badge.ch\/fr\/wp-json\/wp\/v2\/media?parent=30673"}],"wp:term":[{"taxonomy":"product_brand","embeddable":true,"href":"https:\/\/metal-badge.ch\/fr\/wp-json\/wp\/v2\/product_brand?post=30673"},{"taxonomy":"product_cat","embeddable":true,"href":"https:\/\/metal-badge.ch\/fr\/wp-json\/wp\/v2\/product_cat?post=30673"},{"taxonomy":"product_tag","embeddable":true,"href":"https:\/\/metal-badge.ch\/fr\/wp-json\/wp\/v2\/product_tag?post=30673"}],"curies":[{"name":"wp","href":"https:\/\/api.w.org\/{rel}","templated":true}]}}