{"id":30647,"date":"2015-06-17T10:55:05","date_gmt":"2015-06-17T10:55:05","guid":{"rendered":"https:\/\/shop.metal-badge.ch\/?product=stylo-a-bille-ww102-mini-camera-hd-jusqua-16-go"},"modified":"2020-08-02T01:14:36","modified_gmt":"2020-08-02T01:14:36","slug":"stylo-a-bille-ww102-mini-camera-hd-jusqua-16-go","status":"publish","type":"product","link":"https:\/\/metal-badge.ch\/fr\/product\/30647\/stylo-a-bille-ww102-mini-camera-hd-jusqua-16-go\/","title":{"rendered":"Stylo \u00e0 bille WW102 Mini-cam\u00e9ra HD jusqu&rsquo;\u00e0 16 Go"},"content":{"rendered":"<p>Le bon appareil pour une surveillance vid\u00e9 discr\u00e8te &#8211; le \u00ab\u00a0stylo\u00a0\u00bb contient une mini cam\u00e9ra HD avec fonction enregistrement. Le stylo \u00e0 bille avec fonctions photo et vid\u00e9o int\u00e9gr\u00e9es et microphone pour l&rsquo;enregistrement vocal et sonore.<br \/>\nLa mini-lentille de la cam\u00e9ra se trouve dans la t\u00eate du stylo. Facile \u00e0 utiliser. En appuyant sur une touche en haut, la cam\u00e9ra avec enregistrement sonore est activ\u00e9e. Dur\u00e9e d&rsquo;utilisation env. 90 min, dur\u00e9e de charge env. 120 \u00e0 180 min. La lentille de 2 mm est \u00e0 peine visible. Peut servir de cl\u00e9 USB. Le c\u00e2ble USB et le chargeur ainsi qu&rsquo;une notice sont fournis. La carte micro SD (TF) n&rsquo;est pas fournie. <br \/>\nLa mine du stylo peut \u00eatre sortie par un mouvement de pivot. <br \/>\nLa couleur d&rsquo;\u00e9criture est noire. <\/p>\n<p>Description du produit :<br \/>\nFacile \u00e0 utiliser.<br \/>\nPoids : 25 g. <br \/>\nCouleur : noir \/ argent <br \/>\nMicrophone : Oui<br \/>\nVid\u00e9o \/ Photo : Oui <br \/>\nR\u00e9solution vid\u00e9o  1280*960 AVI <br \/>\nFormat vid\u00e9o : AVI<br \/>\nCapacit\u00e9 de stockage jusqu&rsquo;\u00e0 16 Go<br \/>\nMasse : Longueur 14.5 cm<br \/>\nDiam\u00e8tre : 1.02 cm<\/p>\n","protected":false},"excerpt":{"rendered":"<p>Le bon appareil pour une surveillance vid\u00e9 discr\u00e8te &#8211; le \u00ab\u00a0stylo\u00a0\u00bb contient une mini cam\u00e9ra HD avec fonction enregistrement. Le stylo \u00e0 bille avec fonctions photo et vid\u00e9o int\u00e9gr\u00e9es et microphone pour l&rsquo;enregistrement vocal et sonore. La mini-lentille de la cam\u00e9ra se trouve dans la t\u00eate du stylo. Facile \u00e0 utiliser. En appuyant sur une [&hellip;]<\/p>\n","protected":false},"featured_media":90785,"comment_status":"open","ping_status":"closed","template":"","meta":{"inline_featured_image":false},"product_brand":[],"product_cat":[1710],"product_tag":[1769,1777,1773,1781,1765],"class_list":{"0":"post-30647","1":"product","2":"type-product","3":"status-publish","4":"has-post-thumbnail","6":"product_cat-cameras-dash-cams-fr","7":"product_tag-army-survival-fr","8":"product_tag-camping-voyage","9":"product_tag-chasse-peche","10":"product_tag-police-securite","11":"product_tag-sport-outdoor-fr","13":"first","14":"instock","15":"taxable","16":"shipping-taxable","17":"purchasable","18":"product-type-simple"},"_links":{"self":[{"href":"https:\/\/metal-badge.ch\/fr\/wp-json\/wp\/v2\/product\/30647","targetHints":{"allow":["GET"]}}],"collection":[{"href":"https:\/\/metal-badge.ch\/fr\/wp-json\/wp\/v2\/product"}],"about":[{"href":"https:\/\/metal-badge.ch\/fr\/wp-json\/wp\/v2\/types\/product"}],"replies":[{"embeddable":true,"href":"https:\/\/metal-badge.ch\/fr\/wp-json\/wp\/v2\/comments?post=30647"}],"wp:featuredmedia":[{"embeddable":true,"href":"https:\/\/metal-badge.ch\/fr\/wp-json\/wp\/v2\/media\/90785"}],"wp:attachment":[{"href":"https:\/\/metal-badge.ch\/fr\/wp-json\/wp\/v2\/media?parent=30647"}],"wp:term":[{"taxonomy":"product_brand","embeddable":true,"href":"https:\/\/metal-badge.ch\/fr\/wp-json\/wp\/v2\/product_brand?post=30647"},{"taxonomy":"product_cat","embeddable":true,"href":"https:\/\/metal-badge.ch\/fr\/wp-json\/wp\/v2\/product_cat?post=30647"},{"taxonomy":"product_tag","embeddable":true,"href":"https:\/\/metal-badge.ch\/fr\/wp-json\/wp\/v2\/product_tag?post=30647"}],"curies":[{"name":"wp","href":"https:\/\/api.w.org\/{rel}","templated":true}]}}